{"id":1163,"date":"2022-12-13T14:51:03","date_gmt":"2022-12-13T14:51:03","guid":{"rendered":"https:\/\/www.acis-complex.hu\/?page_id=1163"},"modified":"2023-01-17T19:37:37","modified_gmt":"2023-01-17T19:37:37","slug":"endoszkopos-csobelso-hegesztesi-varratvizsgalat","status":"publish","type":"page","link":"https:\/\/www.acis-complex.hu\/de\/rolunk\/endoszkopos-csobelso-hegesztesi-varratvizsgalat\/","title":{"rendered":"Schwei\u00dfnahtpr\u00fcfung auf der Rohrinnenseite mit Endoskop"},"content":{"rendered":"<div data-elementor-type=\"wp-post\" data-elementor-id=\"1163\" class=\"elementor elementor-1163\">\n\t\t\t\t\t\t<div class=\"elementor-inner\">\n\t\t\t\t<div class=\"elementor-section-wrap\">\n\t\t\t\t\t\t\t\t\t<section class=\"elementor-section elementor-top-section elementor-element elementor-element-72dc777 elementor-reverse-tablet elementor-reverse-mobile elementor-section-boxed elementor-section-height-default elementor-section-height-default\" data-id=\"72dc777\" data-element_type=\"section\">\n\t\t\t\t\t\t<div class=\"elementor-container elementor-column-gap-no\">\n\t\t\t\t\t\t\t<div class=\"elementor-row\">\n\t\t\t\t\t<div class=\"aux-parallax-section elementor-column elementor-col-100 elementor-top-column elementor-element elementor-element-420852e\" data-id=\"420852e\" data-element_type=\"column\">\n\t\t\t<div class=\"elementor-column-wrap elementor-element-populated\">\n\t\t\t\t\t\t\t<div class=\"elementor-widget-wrap\">\n\t\t\t\t\t\t<div class=\"elementor-element elementor-element-b41115b elementor-widget elementor-widget-aux_modern_heading\" data-id=\"b41115b\" data-element_type=\"widget\" data-widget_type=\"aux_modern_heading.default\">\n\t\t\t\t<div class=\"elementor-widget-container\">\n\t\t\t<section class=\"aux-widget-modern-heading\">\n            <div class=\"aux-widget-inner\"><h2 class=\"aux-modern-heading-primary\">Schwei\u00dfnahtpr\u00fcfung auf der Rohrinnenseite mit Endoskop<\/h2><\/div>\n        <\/section>\t\t<\/div>\n\t\t\t\t<\/div>\n\t\t\t\t\t\t<\/div>\n\t\t\t\t\t<\/div>\n\t\t<\/div>\n\t\t\t\t\t\t\t\t<\/div>\n\t\t\t\t\t<\/div>\n\t\t<\/section>\n\t\t\t\t<section class=\"elementor-section elementor-top-section elementor-element elementor-element-c8367c4 elementor-reverse-tablet elementor-reverse-mobile elementor-section-boxed elementor-section-height-default elementor-section-height-default\" data-id=\"c8367c4\" data-element_type=\"section\">\n\t\t\t\t\t\t<div class=\"elementor-container elementor-column-gap-no\">\n\t\t\t\t\t\t\t<div class=\"elementor-row\">\n\t\t\t\t\t<div class=\"aux-parallax-section elementor-column elementor-col-100 elementor-top-column elementor-element elementor-element-fb8d7fa\" data-id=\"fb8d7fa\" data-element_type=\"column\">\n\t\t\t<div class=\"elementor-column-wrap elementor-element-populated\">\n\t\t\t\t\t\t\t<div class=\"elementor-widget-wrap\">\n\t\t\t\t\t\t<div class=\"elementor-element elementor-element-f8f9325 elementor-widget elementor-widget-aux_image\" data-id=\"f8f9325\" data-element_type=\"widget\" data-widget_type=\"aux_image.default\">\n\t\t\t\t<div class=\"elementor-widget-container\">\n\t\t\t<section class=\"widget-container aux-widget-image aux-alignnone aux-parent-au1fb54427\">\n    <div class=\"aux-media-hint-frame\">\n        <div class=\"aux-media-image\" >\n        \n            \n\n            \n            <img loading=\"lazy\" decoding=\"async\" width=\"1600\" height=\"576\" src=\"https:\/\/www.acis-complex.hu\/wp-content\/uploads\/2022\/12\/varratvizsgalat_main.jpg\" class=\"aux-attachment aux-featured-image aux-attachment-id-1184\" alt=\"varratvizsgalat_main\" data-ratio=\"2.78\" data-original-w=\"1600\" \/>            \n                <\/div>\n    <\/div>\n\n<\/section><!-- widget-container -->\t\t<\/div>\n\t\t\t\t<\/div>\n\t\t\t\t<div class=\"elementor-element elementor-element-31f6e01 elementor-widget elementor-widget-aux_modern_heading\" data-id=\"31f6e01\" data-element_type=\"widget\" data-widget_type=\"aux_modern_heading.default\">\n\t\t\t\t<div class=\"elementor-widget-container\">\n\t\t\t<section class=\"aux-widget-modern-heading\">\n            <div class=\"aux-widget-inner\"><h2 class=\"aux-modern-heading-primary\">Mit einem Endoskop kann die innere Wurzelseite einer Rohrschwei\u00dfnaht visuell \u00fcberpr\u00fcft werden (VT).<\/h2><div class=\"aux-modern-heading-description\"><p>95-97 % der Schwei\u00dfnahtfehler sind auf der Wurzelseite der Schwei\u00dfnaht sichtbar und k\u00f6nnen daher durch eine VT (Visual Testing) Pr\u00fcfung entdeckt werden.<br \/>Dies stellt eine \u201erevolution\u00e4re\u201c Innovation in der traditionellen (PN16) Installation von industriellen technologischen Rohrleitungen bzw. Rohrleitungssystemen dar, da sie die allgemein bekannte, aber teure und zeitaufw\u00e4ndige R\u00f6ntgenpr\u00fcfung (RT) viel kosteng\u00fcnstiger und in viel k\u00fcrzerer Zeit ersetzen kann. Bei den von uns in gro\u00dfem Umfang gefertigten und montierten Rohrleitungssystemen f\u00fcr die Industrietechnik verlangen die Auftraggeber in der Regel 2-3 % RT-Pr\u00fcfungen, nicht mehr. Dies bedeutet, dass sie 2-3 % volle Sicherheit kaufen.<br \/>Stattdessen k\u00f6nnen die Auftraggeber bei allen endoskopischen Kontrollen der Schwei\u00dfn\u00e4hte eine Sicherheit von 95-97 % Sicherheit f\u00fcr kaum sp\u00fcrbare Mehrkosten auf Projektebene erhalten.<br \/>Es ist lediglich erforderlich, eine geeignete und ausreichende Anzahl von Endoskopen und seinen Benutzern ins System zu integrieren und alle fr\u00fcher ausgef\u00fchrten Schwei\u00dfn\u00e4hte zu pr\u00fcfen, wodurch dann alle Schwei\u00dfn\u00e4hte gepr\u00fcft und mit Fotos - in der Reihenfolge \u201edes Heimwegs\u201c - dokumentiert werden k\u00f6nnen.<br \/>Dies ist ein Paradigmenwechsel, der von der Fa. ACIS Complex Kft. zur Zufriedenheit seiner Kunden realisiert wurde.<\/p><\/div><\/div>\n        <\/section>\t\t<\/div>\n\t\t\t\t<\/div>\n\t\t\t\t\t\t<\/div>\n\t\t\t\t\t<\/div>\n\t\t<\/div>\n\t\t\t\t\t\t\t\t<\/div>\n\t\t\t\t\t<\/div>\n\t\t<\/section>\n\t\t\t\t<section class=\"elementor-section elementor-top-section elementor-element elementor-element-62887f6 elementor-reverse-tablet elementor-reverse-mobile elementor-section-boxed elementor-section-height-default elementor-section-height-default\" data-id=\"62887f6\" data-element_type=\"section\">\n\t\t\t\t\t\t<div class=\"elementor-container elementor-column-gap-no\">\n\t\t\t\t\t\t\t<div class=\"elementor-row\">\n\t\t\t\t\t<div class=\"aux-parallax-section elementor-column elementor-col-50 elementor-top-column elementor-element elementor-element-79f9cd0\" data-id=\"79f9cd0\" data-element_type=\"column\">\n\t\t\t<div class=\"elementor-column-wrap elementor-element-populated\">\n\t\t\t\t\t\t\t<div class=\"elementor-widget-wrap\">\n\t\t\t\t\t\t<div class=\"elementor-element elementor-element-c556f51 elementor-widget elementor-widget-aux_image\" data-id=\"c556f51\" data-element_type=\"widget\" data-widget_type=\"aux_image.default\">\n\t\t\t\t<div class=\"elementor-widget-container\">\n\t\t\t<section class=\"widget-container aux-widget-image aux-alignnone aux-parent-au0176c43b\">\n    <div class=\"aux-media-hint-frame\">\n        <div class=\"aux-media-image\" >\n        \n            \n\n            \n            <img loading=\"lazy\" decoding=\"async\" width=\"768\" height=\"576\" src=\"https:\/\/www.acis-complex.hu\/wp-content\/uploads\/2022\/12\/varratvizsgalat_pic01.jpg\" class=\"aux-attachment aux-featured-image aux-attachment-id-1183\" alt=\"varratvizsgalat_pic01\" data-ratio=\"1.33\" data-original-w=\"768\" \/>            \n                <\/div>\n    <\/div>\n\n<\/section><!-- widget-container -->\t\t<\/div>\n\t\t\t\t<\/div>\n\t\t\t\t\t\t<\/div>\n\t\t\t\t\t<\/div>\n\t\t<\/div>\n\t\t\t\t<div class=\"aux-parallax-section elementor-column elementor-col-50 elementor-top-column elementor-element elementor-element-58988c1\" data-id=\"58988c1\" data-element_type=\"column\">\n\t\t\t<div class=\"elementor-column-wrap elementor-element-populated\">\n\t\t\t\t\t\t\t<div class=\"elementor-widget-wrap\">\n\t\t\t\t\t\t<div class=\"elementor-element elementor-element-9de6054 elementor-widget elementor-widget-aux_image\" data-id=\"9de6054\" data-element_type=\"widget\" data-widget_type=\"aux_image.default\">\n\t\t\t\t<div class=\"elementor-widget-container\">\n\t\t\t<section class=\"widget-container aux-widget-image aux-alignnone aux-parent-au5cc33650\">\n    <div class=\"aux-media-hint-frame\">\n        <div class=\"aux-media-image\" >\n        \n            \n\n            \n            <img loading=\"lazy\" decoding=\"async\" width=\"768\" height=\"576\" src=\"https:\/\/www.acis-complex.hu\/wp-content\/uploads\/2022\/12\/varratvizsgalat_pic02.jpg\" class=\"aux-attachment aux-featured-image aux-attachment-id-1182\" alt=\"varratvizsgalat_pic02\" data-ratio=\"1.33\" data-original-w=\"768\" \/>            \n                <\/div>\n    <\/div>\n\n<\/section><!-- widget-container -->\t\t<\/div>\n\t\t\t\t<\/div>\n\t\t\t\t\t\t<\/div>\n\t\t\t\t\t<\/div>\n\t\t<\/div>\n\t\t\t\t\t\t\t\t<\/div>\n\t\t\t\t\t<\/div>\n\t\t<\/section>\n\t\t\t\t\t\t\t\t\t<\/div>\n\t\t\t<\/div>\n\t\t\t\t\t<\/div>","protected":false},"excerpt":{"rendered":"<p>Endoszk\u00f3pos cs\u0151bels\u0151 hegeszt\u00e9si varratvizsg\u00e1lat Endoszk\u00f3ppal a cs\u0151 hegeszt\u00e9si varrat bels\u0151, gy\u00f6koldala vizu\u00e1lisan ellen\u0151rizhet\u0151 (VT). A varrathib\u00e1k 95-97%-a varrat gy\u00f6koldal\u00e1n l\u00e1that\u00f3, teh\u00e1t VT ellen\u0151rz\u00e9ssel kisz\u0171rhet\u0151.Ez \u201eforradalmi\u201d \u00faj\u00edt\u00e1s a hagyom\u00e1nyos (PN16) ipari technol\u00f3giai cs\u0151szerel\u00e9sben, mert a k\u00f6zismert, de dr\u00e1ga \u00e9s hosszabb idej\u0171 radiogr\u00e1fiai (RT) vizsg\u00e1latot kiv\u00e1ltja l\u00e9nyegesen olcs\u00f3bban, gyorsabban. Az \u00e1ltalunk nagy l\u00e9pt\u00e9kben m\u0171velt ipari technol\u00f3gia cs\u0151szerel\u00e9sben [&hellip;]<\/p>","protected":false},"author":2,"featured_media":0,"parent":346,"menu_order":0,"comment_status":"closed","ping_status":"closed","template":"","meta":{"footnotes":""},"_links":{"self":[{"href":"https:\/\/www.acis-complex.hu\/de\/wp-json\/wp\/v2\/pages\/1163"}],"collection":[{"href":"https:\/\/www.acis-complex.hu\/de\/wp-json\/wp\/v2\/pages"}],"about":[{"href":"https:\/\/www.acis-complex.hu\/de\/wp-json\/wp\/v2\/types\/page"}],"author":[{"embeddable":true,"href":"https:\/\/www.acis-complex.hu\/de\/wp-json\/wp\/v2\/users\/2"}],"replies":[{"embeddable":true,"href":"https:\/\/www.acis-complex.hu\/de\/wp-json\/wp\/v2\/comments?post=1163"}],"version-history":[{"count":0,"href":"https:\/\/www.acis-complex.hu\/de\/wp-json\/wp\/v2\/pages\/1163\/revisions"}],"up":[{"embeddable":true,"href":"https:\/\/www.acis-complex.hu\/de\/wp-json\/wp\/v2\/pages\/346"}],"wp:attachment":[{"href":"https:\/\/www.acis-complex.hu\/de\/wp-json\/wp\/v2\/media?parent=1163"}],"curies":[{"name":"wp","href":"https:\/\/api.w.org\/{rel}","templated":true}]}}