{"id":1168,"date":"2022-12-13T14:52:21","date_gmt":"2022-12-13T14:52:21","guid":{"rendered":"https:\/\/www.acis-complex.hu\/?page_id=1168"},"modified":"2023-01-17T19:38:16","modified_gmt":"2023-01-17T19:38:16","slug":"orbitalis-csohegesztes","status":"publish","type":"page","link":"https:\/\/www.acis-complex.hu\/de\/rolunk\/orbitalis-csohegesztes\/","title":{"rendered":"Orbitalschwei\u00dfen von Rohrleitungen"},"content":{"rendered":"<div data-elementor-type=\"wp-post\" data-elementor-id=\"1168\" class=\"elementor elementor-1168\">\n\t\t\t\t\t\t<div class=\"elementor-inner\">\n\t\t\t\t<div class=\"elementor-section-wrap\">\n\t\t\t\t\t\t\t\t\t<section class=\"elementor-section elementor-top-section elementor-element elementor-element-72dc777 elementor-reverse-tablet elementor-reverse-mobile elementor-section-boxed elementor-section-height-default elementor-section-height-default\" data-id=\"72dc777\" data-element_type=\"section\">\n\t\t\t\t\t\t<div class=\"elementor-container elementor-column-gap-no\">\n\t\t\t\t\t\t\t<div class=\"elementor-row\">\n\t\t\t\t\t<div class=\"aux-parallax-section elementor-column elementor-col-100 elementor-top-column elementor-element elementor-element-420852e\" data-id=\"420852e\" data-element_type=\"column\">\n\t\t\t<div class=\"elementor-column-wrap elementor-element-populated\">\n\t\t\t\t\t\t\t<div class=\"elementor-widget-wrap\">\n\t\t\t\t\t\t<div class=\"elementor-element elementor-element-b41115b elementor-widget elementor-widget-aux_modern_heading\" data-id=\"b41115b\" data-element_type=\"widget\" data-widget_type=\"aux_modern_heading.default\">\n\t\t\t\t<div class=\"elementor-widget-container\">\n\t\t\t<section class=\"aux-widget-modern-heading\">\n            <div class=\"aux-widget-inner\"><h2 class=\"aux-modern-heading-primary\">Orbitalschwei\u00dfen von Rohrleitungen<\/h2><\/div>\n        <\/section>\t\t<\/div>\n\t\t\t\t<\/div>\n\t\t\t\t\t\t<\/div>\n\t\t\t\t\t<\/div>\n\t\t<\/div>\n\t\t\t\t\t\t\t\t<\/div>\n\t\t\t\t\t<\/div>\n\t\t<\/section>\n\t\t\t\t<section class=\"elementor-section elementor-top-section elementor-element elementor-element-c8367c4 elementor-reverse-tablet elementor-reverse-mobile elementor-section-boxed elementor-section-height-default elementor-section-height-default\" data-id=\"c8367c4\" data-element_type=\"section\">\n\t\t\t\t\t\t<div class=\"elementor-container elementor-column-gap-no\">\n\t\t\t\t\t\t\t<div class=\"elementor-row\">\n\t\t\t\t\t<div class=\"aux-parallax-section elementor-column elementor-col-100 elementor-top-column elementor-element elementor-element-fb8d7fa\" data-id=\"fb8d7fa\" data-element_type=\"column\">\n\t\t\t<div class=\"elementor-column-wrap elementor-element-populated\">\n\t\t\t\t\t\t\t<div class=\"elementor-widget-wrap\">\n\t\t\t\t\t\t<div class=\"elementor-element elementor-element-31f6e01 elementor-widget elementor-widget-aux_modern_heading\" data-id=\"31f6e01\" data-element_type=\"widget\" data-widget_type=\"aux_modern_heading.default\">\n\t\t\t\t<div class=\"elementor-widget-container\">\n\t\t\t<section class=\"aux-widget-modern-heading\">\n            <div class=\"aux-widget-inner\"><h2 class=\"aux-modern-heading-primary\">Wir verwenden ein geschlossenes Kopfsystem ohne Drahtvorschub, und zwar drei komplette Maschinengruppen, die aus den folgenden Systemelementen bestehen:<\/h2><div class=\"aux-modern-heading-description\"><p>\u2022 GF Rohrs\u00e4ge<br \/>\u2022 GF Drehbank f\u00fcr die Bearbeitung von Rohrenden<br \/>\u2022 GF Elektroden-Schleifger\u00e4t<br \/>\u2022 GF Elektroden-Schleifger\u00e4t<br \/>\u2022 OM Kopfsteuerung f\u00fcr zwei Richtungen<br \/>\u2022 OM Schwei\u00dfk\u00f6pfe in mehreren Gr\u00f6\u00dfen<\/p><p>Das Orbitalschwei\u00dfen stellt die Stufe oberhalb der industriellen Niederdruck-Technologie (PN16) dar, bietet aber Grundlage f\u00fcr die Vorfertigung und Vor-Ort-Montage von Rohrsystemen mit Hochdruck-Wassernebel-L\u00f6schanlagen (PN140).<br \/>Unter Anwendung des Orbitalschwei\u00dfens haben wir austenitische konventionelle, Lean- und Standard-Duplex-Rohrsysteme aus Edelstahl in Stra\u00dfen- und Eisenbahntunneln, in gro\u00dfen \u00f6ffentlichen Geb\u00e4uden (Hotels, Archive, Museen) in einer L\u00e4nge von \u00fcber 100 km - in zahlreichen Projekten europaweit, von S\u00fcdtirol bis London, von Madrid bis Budapest - in einer Gesamtl\u00e4nge von \u00fcber 100 km gebaut. Im Bereich der aus Edelstahl gefertigten Rohrsystemen mit Hochdruck-Wassernebel-L\u00f6schanlagen stellt die wertvollste Referenz f\u00fcr unser Unternehmen das im Eisenbahntunnel EUROTUNNEL ausgebaute Feuerl\u00f6schungssystem und seine umfassende Festigkeitsanalyse dar. <br \/>Unsere Orbitalschwei\u00dfger\u00e4te erm\u00f6glichen uns, \u201esaubere\u201c, sogar \u201esterile\u201c Rohrsysteme zu errichten.<\/p><\/div><\/div>\n        <\/section>\t\t<\/div>\n\t\t\t\t<\/div>\n\t\t\t\t\t\t<\/div>\n\t\t\t\t\t<\/div>\n\t\t<\/div>\n\t\t\t\t\t\t\t\t<\/div>\n\t\t\t\t\t<\/div>\n\t\t<\/section>\n\t\t\t\t\t\t\t\t\t<\/div>\n\t\t\t<\/div>\n\t\t\t\t\t<\/div>","protected":false},"excerpt":{"rendered":"<p>Orbit\u00e1lis cs\u0151hegeszt\u00e9s Ennek a huzal adagol\u00e1s n\u00e9lk\u00fcli, z\u00e1rt fejes kialak\u00edt\u00e1s\u00fa rendszer\u00e9t alkalmazzuk, m\u00e9ghozz\u00e1 h\u00e1rom komplett g\u00e9pcsoportot, ami a k\u00f6vetkez\u0151 rendszer elemekb\u0151l \u00e1ll \u2022 GF cs\u0151f\u0171r\u00e9sz\u2022 GF cs\u0151v\u00e9geszterga\u2022 GF elektr\u00f3da k\u00f6sz\u00f6r\u0171\u2022 OM v\u00edzh\u0171t\u00e9ses \u00e1ramforr\u00e1s\u2022 OM k\u00e9t ir\u00e1ny\u00fa fejvez\u00e9rl\u0151\u2022 OM hegeszt\u0151fejek, t\u00f6bb m\u00e9ret tartom\u00e1nyban Az orbit\u00e1lis hegeszt\u00e9s a kisnyom\u00e1s\u00fa (PN16) ipari technol\u00f3giai feletti szint, viszont alapja a [&hellip;]<\/p>","protected":false},"author":2,"featured_media":0,"parent":346,"menu_order":0,"comment_status":"closed","ping_status":"closed","template":"","meta":{"footnotes":""},"_links":{"self":[{"href":"https:\/\/www.acis-complex.hu\/de\/wp-json\/wp\/v2\/pages\/1168"}],"collection":[{"href":"https:\/\/www.acis-complex.hu\/de\/wp-json\/wp\/v2\/pages"}],"about":[{"href":"https:\/\/www.acis-complex.hu\/de\/wp-json\/wp\/v2\/types\/page"}],"author":[{"embeddable":true,"href":"https:\/\/www.acis-complex.hu\/de\/wp-json\/wp\/v2\/users\/2"}],"replies":[{"embeddable":true,"href":"https:\/\/www.acis-complex.hu\/de\/wp-json\/wp\/v2\/comments?post=1168"}],"version-history":[{"count":0,"href":"https:\/\/www.acis-complex.hu\/de\/wp-json\/wp\/v2\/pages\/1168\/revisions"}],"up":[{"embeddable":true,"href":"https:\/\/www.acis-complex.hu\/de\/wp-json\/wp\/v2\/pages\/346"}],"wp:attachment":[{"href":"https:\/\/www.acis-complex.hu\/de\/wp-json\/wp\/v2\/media?parent=1168"}],"curies":[{"name":"wp","href":"https:\/\/api.w.org\/{rel}","templated":true}]}}