{"id":1228,"date":"2022-12-13T15:20:53","date_gmt":"2022-12-13T15:20:53","guid":{"rendered":"https:\/\/www.acis-complex.hu\/?page_id=1228"},"modified":"2023-01-17T18:59:02","modified_gmt":"2023-01-17T18:59:02","slug":"samsung-sdi","status":"publish","type":"page","link":"https:\/\/www.acis-complex.hu\/de\/referenciaink-old\/samsung-sdi\/","title":{"rendered":"Fa. Samsung SDI Hungary Zrt."},"content":{"rendered":"<div data-elementor-type=\"wp-post\" data-elementor-id=\"1228\" class=\"elementor elementor-1228\">\n\t\t\t\t\t\t<div class=\"elementor-inner\">\n\t\t\t\t<div class=\"elementor-section-wrap\">\n\t\t\t\t\t\t\t\t\t<section class=\"elementor-section elementor-top-section elementor-element elementor-element-c8367c4 elementor-reverse-tablet elementor-reverse-mobile elementor-section-boxed elementor-section-height-default elementor-section-height-default\" data-id=\"c8367c4\" data-element_type=\"section\">\n\t\t\t\t\t\t<div class=\"elementor-container elementor-column-gap-no\">\n\t\t\t\t\t\t\t<div class=\"elementor-row\">\n\t\t\t\t\t<div class=\"aux-parallax-section elementor-column elementor-col-100 elementor-top-column elementor-element elementor-element-fb8d7fa\" data-id=\"fb8d7fa\" data-element_type=\"column\">\n\t\t\t<div class=\"elementor-column-wrap elementor-element-populated\">\n\t\t\t\t\t\t\t<div class=\"elementor-widget-wrap\">\n\t\t\t\t\t\t<div class=\"elementor-element elementor-element-f8f9325 elementor-widget elementor-widget-aux_image\" data-id=\"f8f9325\" data-element_type=\"widget\" data-widget_type=\"aux_image.default\">\n\t\t\t\t<div class=\"elementor-widget-container\">\n\t\t\t<section class=\"widget-container aux-widget-image aux-alignnone aux-parent-au401b34c2\">\n    <div class=\"aux-media-hint-frame\">\n        <div class=\"aux-media-image\" >\n        \n            \n\n            \n            <img loading=\"lazy\" decoding=\"async\" width=\"1600\" height=\"576\" src=\"https:\/\/www.acis-complex.hu\/wp-content\/uploads\/2022\/12\/samsungSDI_header.jpg\" class=\"aux-attachment aux-featured-image aux-attachment-id-1220\" alt=\"samsungSDI_header\" data-ratio=\"2.78\" data-original-w=\"1600\" \/>            \n                <\/div>\n    <\/div>\n\n<\/section><!-- widget-container -->\t\t<\/div>\n\t\t\t\t<\/div>\n\t\t\t\t<div class=\"elementor-element elementor-element-74978ee elementor-widget elementor-widget-aux_modern_heading\" data-id=\"74978ee\" data-element_type=\"widget\" data-widget_type=\"aux_modern_heading.default\">\n\t\t\t\t<div class=\"elementor-widget-container\">\n\t\t\t<section class=\"aux-widget-modern-heading\">\n            <div class=\"aux-widget-inner\"><h2 class=\"aux-modern-heading-primary\">Fa. Samsung SDI Hungary Zrt.<\/h2><h3 class=\"aux-modern-heading-secondary\"><span class=\"aux-head-before\">Industrielle technologische Rohrleitungssysteme \u2022 G\u00f6d, Ungarn \u2022 2016 - 2022<\/span><\/h3><\/div>\n        <\/section>\t\t<\/div>\n\t\t\t\t<\/div>\n\t\t\t\t<div class=\"elementor-element elementor-element-08f49fb elementor-widget elementor-widget-aux_modern_heading\" data-id=\"08f49fb\" data-element_type=\"widget\" data-widget_type=\"aux_modern_heading.default\">\n\t\t\t\t<div class=\"elementor-widget-container\">\n\t\t\t<section class=\"aux-widget-modern-heading\">\n            <div class=\"aux-widget-inner\"><h2 class=\"aux-modern-heading-primary\">Investor: Fa. Samsung SDI Hungary Zrt. <br>\nAuftraggeber: Fa. SAMSUNG ENGINEERING HUNGARY Ltd.<\/h2><div class=\"aux-modern-heading-description\"><p>Samsung SDI stellt seit nahezu 20 Jahren Batterien in verschiedenen Gr\u00f6\u00dfen, Typen und f\u00fcr unterschiedliche Verwendungszwecke her. <br \/>In ihrem Werk in G\u00f6d werden prismatische Batteriezellen zur Verwendung in der Automobilindustrie gefertigt. <br \/>Mit dem Bau der Batteriefabrik wurde 2016 begonnen, und seither wird das Werk st\u00e4ndig erweitert. <br \/>Die Fa. ACIS COMPLEX Kft. nimmt von Anfang an Teil an dem Bau der Fabrik, von den technologischen Leitungen im Reinraum bis hin zu den DN1600 Rohrleitungen f\u00fcr K\u00fchlwassertransport.<\/p><\/div><\/div>\n        <\/section>\t\t<\/div>\n\t\t\t\t<\/div>\n\t\t\t\t<div class=\"elementor-element elementor-element-acc5984 elementor-widget elementor-widget-aux_modern_heading\" data-id=\"acc5984\" data-element_type=\"widget\" data-widget_type=\"aux_modern_heading.default\">\n\t\t\t\t<div class=\"elementor-widget-container\">\n\t\t\t<section class=\"aux-widget-modern-heading\">\n            <div class=\"aux-widget-inner\"><h2 class=\"aux-modern-heading-primary\">Die bei der Errichtung von Samsung SDI die durch die Fa. ACIS COMPLEX Kft. realisierten Projekte:<\/h2><div class=\"aux-modern-heading-description\"><p><strong>Complex 1<\/strong><\/p><p>- \u201eHook Up\u201c: Ausbau (Installation) von Rohrleitungen f\u00fcr Reinraumtechnik, Ausf\u00fchrung der Abzweigungen f\u00fcr Produktionslinien. <br \/>-\u00a0Utility Building (Versorgungsgeb\u00e4ude):  Erweiterung in 2 Phasen, Installation und Anschluss von Pumpen, K\u00fchlanlagen und sonstigen Versorgungseinrichtungen, Errichtung von Rohrleitungen bis zu einem Durchmesser von DN15-DN700 in einer L\u00e4nge von \u00fcber 10 km. <br \/>- Errichtung von SR- und AC-T\u00fcrmen, Installation von Servicemaschinen sowie -anlagen, Montage von Rohrleitungen auf dem Dach in einer H\u00f6he von 27 m. <br \/>- New Cooling Tower mit dem Einbau eines neuen Verteilers DN 900. <br \/>-\u00a0New multi &amp; stack line: Erweiterung der externen Rohrbr\u00fccke durch den Einbau von Rohrleitungen in einer L\u00e4nge von 2,7 km. <br \/>-\u00a064 m outdoor pipe rack: Erweiterung einer Rohrbr\u00fccke in Modulbauweise, Errichtung der Rohrleitung in einer L\u00e4nge von 5,1 km.<\/p><p><strong>Complex 2<\/strong><\/p><p>-\u00a0Modul Pipe rack: In 3 Monaten wurde eine aus mehr als 80 Modulen bestehende Rohrbr\u00fccke durch den Einbau von Stahlkonstruktionen in einem Gewicht von 2.200 Tonnen und Rohrleitungen in einer L\u00e4nge von 20 km errichtet. <br \/>-\u00a0Utility Building (Versorgungsgeb\u00e4ude): Druckluftsystem, K\u00fchl- und Kaltwassersystem, Dampf- und Kondensatleitungen sowie Leitungssysteme f\u00fcr den Transport vom  Prozesswasser wurden in einer L\u00e4nge von insgesamt 11 km installiert.<\/p><\/div><\/div>\n        <\/section>\t\t<\/div>\n\t\t\t\t<\/div>\n\t\t\t\t\t\t<\/div>\n\t\t\t\t\t<\/div>\n\t\t<\/div>\n\t\t\t\t\t\t\t\t<\/div>\n\t\t\t\t\t<\/div>\n\t\t<\/section>\n\t\t\t\t<section class=\"elementor-section elementor-top-section elementor-element elementor-element-62887f6 elementor-reverse-tablet elementor-reverse-mobile elementor-section-boxed elementor-section-height-default elementor-section-height-default\" data-id=\"62887f6\" data-element_type=\"section\">\n\t\t\t\t\t\t<div class=\"elementor-container elementor-column-gap-no\">\n\t\t\t\t\t\t\t<div class=\"elementor-row\">\n\t\t\t\t\t<div class=\"aux-parallax-section elementor-column elementor-col-50 elementor-top-column elementor-element elementor-element-79f9cd0\" data-id=\"79f9cd0\" data-element_type=\"column\">\n\t\t\t<div class=\"elementor-column-wrap elementor-element-populated\">\n\t\t\t\t\t\t\t<div class=\"elementor-widget-wrap\">\n\t\t\t\t\t\t<div class=\"elementor-element elementor-element-1968d6c elementor-widget elementor-widget-aux_image\" data-id=\"1968d6c\" data-element_type=\"widget\" data-widget_type=\"aux_image.default\">\n\t\t\t\t<div class=\"elementor-widget-container\">\n\t\t\t<section class=\"widget-container aux-widget-image aux-alignnone aux-parent-auc553d520\">\n    <div class=\"aux-media-hint-frame\">\n        <div class=\"aux-media-image\" >\n        \n            \n\n            \n            <img loading=\"lazy\" decoding=\"async\" width=\"768\" height=\"576\" src=\"https:\/\/www.acis-complex.hu\/wp-content\/uploads\/2022\/12\/samsungSDI_pic01.jpg\" class=\"aux-attachment aux-featured-image aux-attachment-id-1219\" alt=\"samsungSDI_pic01\" data-ratio=\"1.33\" data-original-w=\"768\" \/>            \n                <\/div>\n    <\/div>\n\n<\/section><!-- widget-container -->\t\t<\/div>\n\t\t\t\t<\/div>\n\t\t\t\t\t\t<\/div>\n\t\t\t\t\t<\/div>\n\t\t<\/div>\n\t\t\t\t<div class=\"aux-parallax-section elementor-column elementor-col-50 elementor-top-column elementor-element elementor-element-58988c1\" data-id=\"58988c1\" data-element_type=\"column\">\n\t\t\t<div class=\"elementor-column-wrap elementor-element-populated\">\n\t\t\t\t\t\t\t<div class=\"elementor-widget-wrap\">\n\t\t\t\t\t\t<div class=\"elementor-element elementor-element-cc6b524 elementor-widget elementor-widget-aux_image\" data-id=\"cc6b524\" data-element_type=\"widget\" data-widget_type=\"aux_image.default\">\n\t\t\t\t<div class=\"elementor-widget-container\">\n\t\t\t<section class=\"widget-container aux-widget-image aux-alignnone aux-parent-aub6d2741c\">\n    <div class=\"aux-media-hint-frame\">\n        <div class=\"aux-media-image\" >\n        \n            \n\n            \n            <img loading=\"lazy\" decoding=\"async\" width=\"768\" height=\"576\" src=\"https:\/\/www.acis-complex.hu\/wp-content\/uploads\/2022\/12\/samsungSDI_pic02.jpg\" class=\"aux-attachment aux-featured-image aux-attachment-id-1218\" alt=\"samsungSDI_pic02\" data-ratio=\"1.33\" data-original-w=\"768\" \/>            \n                <\/div>\n    <\/div>\n\n<\/section><!-- widget-container -->\t\t<\/div>\n\t\t\t\t<\/div>\n\t\t\t\t\t\t<\/div>\n\t\t\t\t\t<\/div>\n\t\t<\/div>\n\t\t\t\t\t\t\t\t<\/div>\n\t\t\t\t\t<\/div>\n\t\t<\/section>\n\t\t\t\t\t\t\t\t\t<\/div>\n\t\t\t<\/div>\n\t\t\t\t\t<\/div>","protected":false},"excerpt":{"rendered":"<p>Samsung SDI akkumul\u00e1torgy\u00e1r Ipari technol\u00f3giai cs\u0151rendszerek \u2022 G\u00f6d, Magyarorsz\u00e1g \u2022 2016 &#8211; 2022 Beruh\u00e1z\u00f3: Samsung SDI Hungary Zrt. Megrendel\u0151: SAMSUNG ENGINEERING HUNGARY Ltd. A Samsung SDI k\u00f6zel 20 \u00e9ve gy\u00e1rt k\u00fcl\u00f6nb\u00f6z\u0151 m\u00e9ret\u0171, t\u00edpus\u00fa \u00e9s felhaszn\u00e1l\u00e1si c\u00e9l\u00fa akkumul\u00e1torokat. A g\u00f6di gy\u00e1r\u00e1ban prizmatikus akkumul\u00e1torcell\u00e1kat gy\u00e1rtanak aut\u00f3ipari felhaszn\u00e1l\u00e1si c\u00e9lokra. Az akkumul\u00e1torgy\u00e1r \u00e9p\u00edt\u00e9se 2016-ban kezd\u0151d\u00f6tt, \u00e9s a gy\u00e1r az\u00f3ta [&hellip;]<\/p>","protected":false},"author":2,"featured_media":0,"parent":345,"menu_order":0,"comment_status":"closed","ping_status":"closed","template":"","meta":{"footnotes":""},"_links":{"self":[{"href":"https:\/\/www.acis-complex.hu\/de\/wp-json\/wp\/v2\/pages\/1228"}],"collection":[{"href":"https:\/\/www.acis-complex.hu\/de\/wp-json\/wp\/v2\/pages"}],"about":[{"href":"https:\/\/www.acis-complex.hu\/de\/wp-json\/wp\/v2\/types\/page"}],"author":[{"embeddable":true,"href":"https:\/\/www.acis-complex.hu\/de\/wp-json\/wp\/v2\/users\/2"}],"replies":[{"embeddable":true,"href":"https:\/\/www.acis-complex.hu\/de\/wp-json\/wp\/v2\/comments?post=1228"}],"version-history":[{"count":0,"href":"https:\/\/www.acis-complex.hu\/de\/wp-json\/wp\/v2\/pages\/1228\/revisions"}],"up":[{"embeddable":true,"href":"https:\/\/www.acis-complex.hu\/de\/wp-json\/wp\/v2\/pages\/345"}],"wp:attachment":[{"href":"https:\/\/www.acis-complex.hu\/de\/wp-json\/wp\/v2\/media?parent=1228"}],"curies":[{"name":"wp","href":"https:\/\/api.w.org\/{rel}","templated":true}]}}