{"id":1233,"date":"2022-12-13T15:27:22","date_gmt":"2022-12-13T15:27:22","guid":{"rendered":"https:\/\/www.acis-complex.hu\/?page_id=1233"},"modified":"2023-01-17T19:00:10","modified_gmt":"2023-01-17T19:00:10","slug":"toray-ceb-1","status":"publish","type":"page","link":"https:\/\/www.acis-complex.hu\/de\/referenciaink-old\/toray-ceb-1\/","title":{"rendered":"Toray CEB-1 Projekt"},"content":{"rendered":"<div data-elementor-type=\"wp-post\" data-elementor-id=\"1233\" class=\"elementor elementor-1233\">\n\t\t\t\t\t\t<div class=\"elementor-inner\">\n\t\t\t\t<div class=\"elementor-section-wrap\">\n\t\t\t\t\t\t\t\t\t<section class=\"elementor-section elementor-top-section elementor-element elementor-element-c8367c4 elementor-reverse-tablet elementor-reverse-mobile elementor-section-boxed elementor-section-height-default elementor-section-height-default\" data-id=\"c8367c4\" data-element_type=\"section\">\n\t\t\t\t\t\t<div class=\"elementor-container elementor-column-gap-no\">\n\t\t\t\t\t\t\t<div class=\"elementor-row\">\n\t\t\t\t\t<div class=\"aux-parallax-section elementor-column elementor-col-100 elementor-top-column elementor-element elementor-element-fb8d7fa\" data-id=\"fb8d7fa\" data-element_type=\"column\">\n\t\t\t<div class=\"elementor-column-wrap elementor-element-populated\">\n\t\t\t\t\t\t\t<div class=\"elementor-widget-wrap\">\n\t\t\t\t\t\t<div class=\"elementor-element elementor-element-f8f9325 elementor-widget elementor-widget-aux_image\" data-id=\"f8f9325\" data-element_type=\"widget\" data-widget_type=\"aux_image.default\">\n\t\t\t\t<div class=\"elementor-widget-container\">\n\t\t\t<section class=\"widget-container aux-widget-image aux-alignnone aux-parent-au24d28b86\">\n    <div class=\"aux-media-hint-frame\">\n        <div class=\"aux-media-image\" >\n        \n            \n\n            \n            <img loading=\"lazy\" decoding=\"async\" width=\"1600\" height=\"576\" src=\"https:\/\/www.acis-complex.hu\/wp-content\/uploads\/2022\/12\/toreyCEB_header-1.jpg\" class=\"aux-attachment aux-featured-image aux-attachment-id-1237\" alt=\"toreyCEB_header\" data-ratio=\"2.78\" data-original-w=\"1600\" \/>            \n                <\/div>\n    <\/div>\n\n<\/section><!-- widget-container -->\t\t<\/div>\n\t\t\t\t<\/div>\n\t\t\t\t<div class=\"elementor-element elementor-element-74978ee elementor-widget elementor-widget-aux_modern_heading\" data-id=\"74978ee\" data-element_type=\"widget\" data-widget_type=\"aux_modern_heading.default\">\n\t\t\t\t<div class=\"elementor-widget-container\">\n\t\t\t<section class=\"aux-widget-modern-heading\">\n            <div class=\"aux-widget-inner\"><h2 class=\"aux-modern-heading-primary\">Toray CEB-1 Projekt <\/h2><h3 class=\"aux-modern-heading-secondary\"><span class=\"aux-head-before\">Industrielle technologische Rohrleitungssysteme \u2022 Nyerges\u00fajfalu, Ungarn \u2022 2020 - 2021<\/span><\/h3><\/div>\n        <\/section>\t\t<\/div>\n\t\t\t\t<\/div>\n\t\t\t\t<div class=\"elementor-element elementor-element-08f49fb elementor-widget elementor-widget-aux_modern_heading\" data-id=\"08f49fb\" data-element_type=\"widget\" data-widget_type=\"aux_modern_heading.default\">\n\t\t\t\t<div class=\"elementor-widget-container\">\n\t\t\t<section class=\"aux-widget-modern-heading\">\n            <div class=\"aux-widget-inner\"><h2 class=\"aux-modern-heading-primary\">Investor: Fa. Toray Industries, Inc. <br>\nAuftraggeber: Fa. Marubeni  Engineering and Construction LLC<\/h2><div class=\"aux-modern-heading-description\"><p>Die Fa. Toray Industries, Inc. (\u6771\u30ec\u682a\u5f0f\u4f1a\u793e,) ist ein in Japan ans\u00e4ssiges multinationales Unternehmen, das sich auf Industrieprodukte mit Schwerpunkt auf die Technologien der organischen synthetischen Chemie, der Polymerchemie und der Biochemie spezialisiert hat.<\/p><p>Im neuen Werk in Nyerges\u00fajfalu werden Trennfolien f\u00fcr Lithium-Ionen-Batterien hergestellt. <br \/>Die Folien werden auf zwei linearen Produktionslinien in einem Zyklus hergestellt.<\/p><p>In der Ausf\u00fchrung durch die Fa. ACIS COMPLEX Kft. wurden die technologischen und Hilfsrohrleitungen fertiggestellt. In diesem Rahmen wurde die komplette installationstechnische Montage der Produktionslinien sowie der an die Produktion angeschlossenen K\u00fchl- und Heizungseinheiten durchgef\u00fchrt. Dar\u00fcber hinaus wurden die Anschl\u00fcsse von externen Tanks, die Installation von Pumpen und die Errichtung der externen und internen Rohrbr\u00fccken zur Verbindung der einzelnen Betriebseinheiten durchgef\u00fchrt.<\/p><\/div><\/div>\n        <\/section>\t\t<\/div>\n\t\t\t\t<\/div>\n\t\t\t\t\t\t<\/div>\n\t\t\t\t\t<\/div>\n\t\t<\/div>\n\t\t\t\t\t\t\t\t<\/div>\n\t\t\t\t\t<\/div>\n\t\t<\/section>\n\t\t\t\t<section class=\"elementor-section elementor-top-section elementor-element elementor-element-62887f6 elementor-reverse-tablet elementor-reverse-mobile elementor-section-boxed elementor-section-height-default elementor-section-height-default\" data-id=\"62887f6\" data-element_type=\"section\">\n\t\t\t\t\t\t<div class=\"elementor-container elementor-column-gap-no\">\n\t\t\t\t\t\t\t<div class=\"elementor-row\">\n\t\t\t\t\t<div class=\"aux-parallax-section elementor-column elementor-col-50 elementor-top-column elementor-element elementor-element-79f9cd0\" data-id=\"79f9cd0\" data-element_type=\"column\">\n\t\t\t<div class=\"elementor-column-wrap elementor-element-populated\">\n\t\t\t\t\t\t\t<div class=\"elementor-widget-wrap\">\n\t\t\t\t\t\t<div class=\"elementor-element elementor-element-1968d6c elementor-widget elementor-widget-aux_image\" data-id=\"1968d6c\" data-element_type=\"widget\" data-widget_type=\"aux_image.default\">\n\t\t\t\t<div class=\"elementor-widget-container\">\n\t\t\t<section class=\"widget-container aux-widget-image aux-alignnone aux-parent-au0b9d7196\">\n    <div class=\"aux-media-hint-frame\">\n        <div class=\"aux-media-image\" >\n        \n            \n\n            \n            <img loading=\"lazy\" decoding=\"async\" width=\"768\" height=\"576\" src=\"https:\/\/www.acis-complex.hu\/wp-content\/uploads\/2022\/12\/toreyCEB_pic01-1.jpg\" class=\"aux-attachment aux-featured-image aux-attachment-id-1236\" alt=\"toreyCEB_pic01\" data-ratio=\"1.33\" data-original-w=\"768\" \/>            \n                <\/div>\n    <\/div>\n\n<\/section><!-- widget-container -->\t\t<\/div>\n\t\t\t\t<\/div>\n\t\t\t\t\t\t<\/div>\n\t\t\t\t\t<\/div>\n\t\t<\/div>\n\t\t\t\t<div class=\"aux-parallax-section elementor-column elementor-col-50 elementor-top-column elementor-element elementor-element-58988c1\" data-id=\"58988c1\" data-element_type=\"column\">\n\t\t\t<div class=\"elementor-column-wrap elementor-element-populated\">\n\t\t\t\t\t\t\t<div class=\"elementor-widget-wrap\">\n\t\t\t\t\t\t<div class=\"elementor-element elementor-element-cc6b524 elementor-widget elementor-widget-aux_image\" data-id=\"cc6b524\" data-element_type=\"widget\" data-widget_type=\"aux_image.default\">\n\t\t\t\t<div class=\"elementor-widget-container\">\n\t\t\t<section class=\"widget-container aux-widget-image aux-alignnone aux-parent-aue333e484\">\n    <div class=\"aux-media-hint-frame\">\n        <div class=\"aux-media-image\" >\n        \n            \n\n            \n            <img loading=\"lazy\" decoding=\"async\" width=\"768\" height=\"576\" src=\"https:\/\/www.acis-complex.hu\/wp-content\/uploads\/2022\/12\/toreyCEB_pic02-1.jpg\" class=\"aux-attachment aux-featured-image aux-attachment-id-1235\" alt=\"toreyCEB_pic02\" data-ratio=\"1.33\" data-original-w=\"768\" \/>            \n                <\/div>\n    <\/div>\n\n<\/section><!-- widget-container -->\t\t<\/div>\n\t\t\t\t<\/div>\n\t\t\t\t\t\t<\/div>\n\t\t\t\t\t<\/div>\n\t\t<\/div>\n\t\t\t\t\t\t\t\t<\/div>\n\t\t\t\t\t<\/div>\n\t\t<\/section>\n\t\t\t\t\t\t\t\t\t<\/div>\n\t\t\t<\/div>\n\t\t\t\t\t<\/div>","protected":false},"excerpt":{"rendered":"<p>Toray CEB-1 Project Ipari technol\u00f3giai cs\u0151rendszerek \u2022 Nyerges\u00fajfalu, Magyarorsz\u00e1g \u2022 2020 &#8211; 2021 Beruh\u00e1z\u00f3: Toray Industries, Inc. Megrendel\u0151: Marubeni Engineering and Construction LLC A Toray Industries, Inc. (\u6771\u30ec\u682a\u5f0f\u4f1a\u793e,) egy jap\u00e1n sz\u00e9khely\u0171 multinacion\u00e1lis v\u00e1llalat, amely a szerves szintetikus k\u00e9mia, polimerk\u00e9mia \u00e9s biok\u00e9mia technol\u00f3gi\u00e1ira \u00f6sszpontos\u00edt\u00f3 ipari term\u00e9kekre specializ\u00e1l\u00f3dott. Az \u00faj nyerges\u00fajfalui gy\u00e1r L\u00edtium-ion akkumul\u00e1tor elv\u00e1laszt\u00f3 f\u00f3lia gy\u00e1rt\u00e1s\u00e1t [&hellip;]<\/p>","protected":false},"author":2,"featured_media":0,"parent":345,"menu_order":0,"comment_status":"closed","ping_status":"closed","template":"","meta":{"footnotes":""},"_links":{"self":[{"href":"https:\/\/www.acis-complex.hu\/de\/wp-json\/wp\/v2\/pages\/1233"}],"collection":[{"href":"https:\/\/www.acis-complex.hu\/de\/wp-json\/wp\/v2\/pages"}],"about":[{"href":"https:\/\/www.acis-complex.hu\/de\/wp-json\/wp\/v2\/types\/page"}],"author":[{"embeddable":true,"href":"https:\/\/www.acis-complex.hu\/de\/wp-json\/wp\/v2\/users\/2"}],"replies":[{"embeddable":true,"href":"https:\/\/www.acis-complex.hu\/de\/wp-json\/wp\/v2\/comments?post=1233"}],"version-history":[{"count":0,"href":"https:\/\/www.acis-complex.hu\/de\/wp-json\/wp\/v2\/pages\/1233\/revisions"}],"up":[{"embeddable":true,"href":"https:\/\/www.acis-complex.hu\/de\/wp-json\/wp\/v2\/pages\/345"}],"wp:attachment":[{"href":"https:\/\/www.acis-complex.hu\/de\/wp-json\/wp\/v2\/media?parent=1233"}],"curies":[{"name":"wp","href":"https:\/\/api.w.org\/{rel}","templated":true}]}}