{"id":1241,"date":"2022-12-13T15:30:58","date_gmt":"2022-12-13T15:30:58","guid":{"rendered":"https:\/\/www.acis-complex.hu\/?page_id=1241"},"modified":"2023-01-17T18:57:35","modified_gmt":"2023-01-17T18:57:35","slug":"jaewon-nmp","status":"publish","type":"page","link":"https:\/\/www.acis-complex.hu\/de\/referenciaink-old\/jaewon-nmp\/","title":{"rendered":"Jaewon NMP Regenerationsanlage"},"content":{"rendered":"<div data-elementor-type=\"wp-post\" data-elementor-id=\"1241\" class=\"elementor elementor-1241\">\n\t\t\t\t\t\t<div class=\"elementor-inner\">\n\t\t\t\t<div class=\"elementor-section-wrap\">\n\t\t\t\t\t\t\t\t\t<section class=\"elementor-section elementor-top-section elementor-element elementor-element-c8367c4 elementor-reverse-tablet elementor-reverse-mobile elementor-section-boxed elementor-section-height-default elementor-section-height-default\" data-id=\"c8367c4\" data-element_type=\"section\">\n\t\t\t\t\t\t<div class=\"elementor-container elementor-column-gap-no\">\n\t\t\t\t\t\t\t<div class=\"elementor-row\">\n\t\t\t\t\t<div class=\"aux-parallax-section elementor-column elementor-col-100 elementor-top-column elementor-element elementor-element-fb8d7fa\" data-id=\"fb8d7fa\" data-element_type=\"column\">\n\t\t\t<div class=\"elementor-column-wrap elementor-element-populated\">\n\t\t\t\t\t\t\t<div class=\"elementor-widget-wrap\">\n\t\t\t\t\t\t<div class=\"elementor-element elementor-element-f8f9325 elementor-widget elementor-widget-aux_image\" data-id=\"f8f9325\" data-element_type=\"widget\" data-widget_type=\"aux_image.default\">\n\t\t\t\t<div class=\"elementor-widget-container\">\n\t\t\t<section class=\"widget-container aux-widget-image aux-alignnone aux-parent-au395293a5\">\n    <div class=\"aux-media-hint-frame\">\n        <div class=\"aux-media-image\" >\n        \n            \n\n            \n            <img loading=\"lazy\" decoding=\"async\" width=\"1600\" height=\"576\" src=\"https:\/\/www.acis-complex.hu\/wp-content\/uploads\/2022\/12\/jaewonNMP_header-1.jpg\" class=\"aux-attachment aux-featured-image aux-attachment-id-1245\" alt=\"jaewonNMP_header\" data-ratio=\"2.78\" data-original-w=\"1600\" \/>            \n                <\/div>\n    <\/div>\n\n<\/section><!-- widget-container -->\t\t<\/div>\n\t\t\t\t<\/div>\n\t\t\t\t<div class=\"elementor-element elementor-element-74978ee elementor-widget elementor-widget-aux_modern_heading\" data-id=\"74978ee\" data-element_type=\"widget\" data-widget_type=\"aux_modern_heading.default\">\n\t\t\t\t<div class=\"elementor-widget-container\">\n\t\t\t<section class=\"aux-widget-modern-heading\">\n            <div class=\"aux-widget-inner\"><h2 class=\"aux-modern-heading-primary\">Jaewon NMP Regenerationsanlage<\/h2><h3 class=\"aux-modern-heading-secondary\"><span class=\"aux-head-before\">Industrielle technologische Rohrleitungssysteme \u2022 Kom\u00e1rom, Ungarn \u2022 2018 - 2019<\/span><\/h3><\/div>\n        <\/section>\t\t<\/div>\n\t\t\t\t<\/div>\n\t\t\t\t<div class=\"elementor-element elementor-element-08f49fb elementor-widget elementor-widget-aux_modern_heading\" data-id=\"08f49fb\" data-element_type=\"widget\" data-widget_type=\"aux_modern_heading.default\">\n\t\t\t\t<div class=\"elementor-widget-container\">\n\t\t\t<section class=\"aux-widget-modern-heading\">\n            <div class=\"aux-widget-inner\"><h2 class=\"aux-modern-heading-primary\">Investor: Fa. JAEWON <br>\nAuftraggeber: Fa. Lak\u00f3g\u00e9p Kft.<\/h2><div class=\"aux-modern-heading-description\"><p>A Jaewon Industrial Co., Ltd. erbringt L\u00f6sungsmittel-Recyclingdienste f\u00fcr Samsung SDI. Das Unternehmen sammelt das verbrauchte NMP (N-Methyl-2-Pyrrolidon) von Samsung SDI, reinigt es auf einen Reinheitsgrad von mindestens 99,85 % und stellt dann Samsung SDI zur Wiederverwendung zur Verf\u00fcgung. <br \/>Die durchschnittliche Menge des zu regenerierenden L\u00f6sungsmittels betr\u00e4gt 60 t\/Tag. <br \/>Die Regeneration erfolgt durch Vakuumdestillation in Destillationst\u00fcrmen.<\/p><p>Die maschinentechnische Ausr\u00fcstung der Anlage wurde vollst\u00e4ndig von der Fa. ACIS COMPLEX Kft. realisiert. Die Ausr\u00fcstungen wurden von Jaewon geliefert und die technologischen Montagearbeiten wurden nach den Lagepl\u00e4nen der P&amp;IDs und der Rohrleitungen durchgef\u00fchrt. <br \/><br \/>Die errichteten Anlageneinheiten sind:<br \/>- Lagersystem, <br \/>-\u00a0Thermo\u00f6lsystem, <br \/>-\u00a0K\u00fchlwassersystem, <br \/>-\u00a0Destillationssystem, <br \/>-\u00a0Vakuumsystem.<\/p><p>Die technologischen Rohrleitungen wurden aus korrosionsbest\u00e4ndigem Stahl, die K\u00fchlwasser- und Erdgasleitungen aus Kohlenstoffstahl mit Schwei\u00dfverbindungen gefertigt. <br \/>Die Schwei\u00dfverbindungen wurden von ACIS COMPLEX Kft. gem\u00e4\u00df MSZ EN ISO 3834-2, auf den genehmigten Technologieanweisungen beruhend hergestellt. <br \/>Die erstellten Schwei\u00dfn\u00e4hte wurden in allen F\u00e4llen gepr\u00fcft, wobei die Akzeptanz der Pr\u00fcfungen der Klasse B gem\u00e4\u00df MSZ EN 5817 entsprach.<\/p><p>Auch die Haltevorrichtungen, der Korrosionsschutz und die Isolierung der Rohrleitungen wurden von der Fa. ACIS COMPLEX Kft. durchgef\u00fchrt. Im Laufe des Projekts wurde in Spitzenzeiten die Arbeit von 180 Mitarbeitern koordiniert.<\/p><\/div><\/div>\n        <\/section>\t\t<\/div>\n\t\t\t\t<\/div>\n\t\t\t\t\t\t<\/div>\n\t\t\t\t\t<\/div>\n\t\t<\/div>\n\t\t\t\t\t\t\t\t<\/div>\n\t\t\t\t\t<\/div>\n\t\t<\/section>\n\t\t\t\t<section class=\"elementor-section elementor-top-section elementor-element elementor-element-62887f6 elementor-reverse-tablet elementor-reverse-mobile elementor-section-boxed elementor-section-height-default elementor-section-height-default\" data-id=\"62887f6\" data-element_type=\"section\">\n\t\t\t\t\t\t<div class=\"elementor-container elementor-column-gap-no\">\n\t\t\t\t\t\t\t<div class=\"elementor-row\">\n\t\t\t\t\t<div class=\"aux-parallax-section elementor-column elementor-col-50 elementor-top-column elementor-element elementor-element-79f9cd0\" data-id=\"79f9cd0\" data-element_type=\"column\">\n\t\t\t<div class=\"elementor-column-wrap elementor-element-populated\">\n\t\t\t\t\t\t\t<div class=\"elementor-widget-wrap\">\n\t\t\t\t\t\t<div class=\"elementor-element elementor-element-1968d6c elementor-widget elementor-widget-aux_image\" data-id=\"1968d6c\" data-element_type=\"widget\" data-widget_type=\"aux_image.default\">\n\t\t\t\t<div class=\"elementor-widget-container\">\n\t\t\t<section class=\"widget-container aux-widget-image aux-alignnone aux-parent-auddbc6b0c\">\n    <div class=\"aux-media-hint-frame\">\n        <div class=\"aux-media-image\" >\n        \n            \n\n            \n            <img loading=\"lazy\" decoding=\"async\" width=\"768\" height=\"576\" src=\"https:\/\/www.acis-complex.hu\/wp-content\/uploads\/2022\/12\/jaewonNMP_pic01-1.jpg\" class=\"aux-attachment aux-featured-image aux-attachment-id-1244\" alt=\"jaewonNMP_pic01\" data-ratio=\"1.33\" data-original-w=\"768\" \/>            \n                <\/div>\n    <\/div>\n\n<\/section><!-- widget-container -->\t\t<\/div>\n\t\t\t\t<\/div>\n\t\t\t\t\t\t<\/div>\n\t\t\t\t\t<\/div>\n\t\t<\/div>\n\t\t\t\t<div class=\"aux-parallax-section elementor-column elementor-col-50 elementor-top-column elementor-element elementor-element-58988c1\" data-id=\"58988c1\" data-element_type=\"column\">\n\t\t\t<div class=\"elementor-column-wrap elementor-element-populated\">\n\t\t\t\t\t\t\t<div class=\"elementor-widget-wrap\">\n\t\t\t\t\t\t<div class=\"elementor-element elementor-element-cc6b524 elementor-widget elementor-widget-aux_image\" data-id=\"cc6b524\" data-element_type=\"widget\" data-widget_type=\"aux_image.default\">\n\t\t\t\t<div class=\"elementor-widget-container\">\n\t\t\t<section class=\"widget-container aux-widget-image aux-alignnone aux-parent-au200ebb2b\">\n    <div class=\"aux-media-hint-frame\">\n        <div class=\"aux-media-image\" >\n        \n            \n\n            \n            <img loading=\"lazy\" decoding=\"async\" width=\"768\" height=\"576\" src=\"https:\/\/www.acis-complex.hu\/wp-content\/uploads\/2022\/12\/jaewonNMP_pic02-1.jpg\" class=\"aux-attachment aux-featured-image aux-attachment-id-1243\" alt=\"jaewonNMP_pic02\" data-ratio=\"1.33\" data-original-w=\"768\" \/>            \n                <\/div>\n    <\/div>\n\n<\/section><!-- widget-container -->\t\t<\/div>\n\t\t\t\t<\/div>\n\t\t\t\t\t\t<\/div>\n\t\t\t\t\t<\/div>\n\t\t<\/div>\n\t\t\t\t\t\t\t\t<\/div>\n\t\t\t\t\t<\/div>\n\t\t<\/section>\n\t\t\t\t\t\t\t\t\t<\/div>\n\t\t\t<\/div>\n\t\t\t\t\t<\/div>","protected":false},"excerpt":{"rendered":"<p>Jaewon NMP Regener\u00e1l\u00f3 \u00fczem Ipari technol\u00f3giai cs\u0151rendszerek \u2022 Kom\u00e1rom, Magyarorsz\u00e1g \u2022 2018 &#8211; 2019 Beruh\u00e1z\u00f3: JAEWON Megrendel\u0151: Lak\u00f3g\u00e9p Kft. A Jaewon Industrial Co., Ltd. (JWIC) old\u00f3szer-\u00fajrahasznos\u00edt\u00e1si szolg\u00e1ltat\u00e1st ny\u00fajt a Samsung SDI sz\u00e1m\u00e1ra. Begy\u0171jtik az elhaszn\u00e1l\u00f3dott NMP-t (az n-metil-2-pirrrolidon) a Samsung SDI-t\u00f3l, legal\u00e1bb 99,85%-os tisztas\u00e1g\u00fara tiszt\u00edtj\u00e1k, majd \u00fajrafelhaszn\u00e1l\u00e1sra bocs\u00e1tj\u00e1k a Samsung SDI r\u00e9sz\u00e9re. A regener\u00e1l\u00e1sra ker\u00fcl\u0151 [&hellip;]<\/p>","protected":false},"author":2,"featured_media":0,"parent":345,"menu_order":0,"comment_status":"closed","ping_status":"closed","template":"","meta":{"footnotes":""},"_links":{"self":[{"href":"https:\/\/www.acis-complex.hu\/de\/wp-json\/wp\/v2\/pages\/1241"}],"collection":[{"href":"https:\/\/www.acis-complex.hu\/de\/wp-json\/wp\/v2\/pages"}],"about":[{"href":"https:\/\/www.acis-complex.hu\/de\/wp-json\/wp\/v2\/types\/page"}],"author":[{"embeddable":true,"href":"https:\/\/www.acis-complex.hu\/de\/wp-json\/wp\/v2\/users\/2"}],"replies":[{"embeddable":true,"href":"https:\/\/www.acis-complex.hu\/de\/wp-json\/wp\/v2\/comments?post=1241"}],"version-history":[{"count":0,"href":"https:\/\/www.acis-complex.hu\/de\/wp-json\/wp\/v2\/pages\/1241\/revisions"}],"up":[{"embeddable":true,"href":"https:\/\/www.acis-complex.hu\/de\/wp-json\/wp\/v2\/pages\/345"}],"wp:attachment":[{"href":"https:\/\/www.acis-complex.hu\/de\/wp-json\/wp\/v2\/media?parent=1241"}],"curies":[{"name":"wp","href":"https:\/\/api.w.org\/{rel}","templated":true}]}}