{"id":1300,"date":"2022-12-13T16:11:01","date_gmt":"2022-12-13T16:11:01","guid":{"rendered":"https:\/\/www.acis-complex.hu\/?page_id=1300"},"modified":"2023-03-03T14:57:28","modified_gmt":"2023-03-03T14:57:28","slug":"jelentkezes-folyamata","status":"publish","type":"page","link":"https:\/\/www.acis-complex.hu\/de\/karrier\/jelentkezes-folyamata\/","title":{"rendered":"Jelentkez\u00e9s folyamata"},"content":{"rendered":"<div data-elementor-type=\"wp-post\" data-elementor-id=\"1300\" class=\"elementor elementor-1300\">\n\t\t\t\t\t\t<div class=\"elementor-inner\">\n\t\t\t\t<div class=\"elementor-section-wrap\">\n\t\t\t\t\t\t\t\t\t<section class=\"elementor-section elementor-top-section elementor-element elementor-element-c8367c4 elementor-reverse-tablet elementor-reverse-mobile elementor-section-boxed elementor-section-height-default elementor-section-height-default\" data-id=\"c8367c4\" data-element_type=\"section\">\n\t\t\t\t\t\t<div class=\"elementor-container elementor-column-gap-no\">\n\t\t\t\t\t\t\t<div class=\"elementor-row\">\n\t\t\t\t\t<div class=\"aux-parallax-section elementor-column elementor-col-100 elementor-top-column elementor-element elementor-element-fb8d7fa\" data-id=\"fb8d7fa\" data-element_type=\"column\">\n\t\t\t<div class=\"elementor-column-wrap elementor-element-populated\">\n\t\t\t\t\t\t\t<div class=\"elementor-widget-wrap\">\n\t\t\t\t\t\t<div class=\"elementor-element elementor-element-74978ee elementor-widget elementor-widget-aux_modern_heading\" data-id=\"74978ee\" data-element_type=\"widget\" data-widget_type=\"aux_modern_heading.default\">\n\t\t\t\t<div class=\"elementor-widget-container\">\n\t\t\t<section class=\"aux-widget-modern-heading\">\n            <div class=\"aux-widget-inner\"><h2 class=\"aux-modern-heading-primary\">Bewerbung und Auswahlverfahren<\/h2><\/div>\n        <\/section>\t\t<\/div>\n\t\t\t\t<\/div>\n\t\t\t\t<div class=\"elementor-element elementor-element-08f49fb elementor-widget elementor-widget-aux_modern_heading\" data-id=\"08f49fb\" data-element_type=\"widget\" data-widget_type=\"aux_modern_heading.default\">\n\t\t\t\t<div class=\"elementor-widget-container\">\n\t\t\t<section class=\"aux-widget-modern-heading\">\n            <div class=\"aux-widget-inner\"><h2 class=\"aux-modern-heading-primary\">Bewerbung<\/h2><div class=\"aux-modern-heading-description\"><p>Bei ACIS Complex legen wir gro\u00dfen Wert auf Proaktivit\u00e4t. Wenn wir also keine ausgeschriebene Stelle und\/oder keine offene Position haben, die zu dir passt, freuen wir uns, wenn du den Kontakt mit uns aufnimmst, dein Interesse bekundest und uns m\u00f6glicherweise deinen Lebenslauf \u00fcbermittelst!  Dies k\u00f6nnte entweder einen organisatorischen Entwicklungsprozess veranlassen oder einfach ein n\u00fctzlicher Kontakt f\u00fcr die Zukunft sein.<\/p><\/div><\/div>\n        <\/section>\t\t<\/div>\n\t\t\t\t<\/div>\n\t\t\t\t<div class=\"elementor-element elementor-element-9f733c1 elementor-widget elementor-widget-aux_modern_heading\" data-id=\"9f733c1\" data-element_type=\"widget\" data-widget_type=\"aux_modern_heading.default\">\n\t\t\t\t<div class=\"elementor-widget-container\">\n\t\t\t<section class=\"aux-widget-modern-heading\">\n            <div class=\"aux-widget-inner\"><h2 class=\"aux-modern-heading-primary\">Kontaktaufnahme<\/h2><div class=\"aux-modern-heading-description\"><p>Alle eingehenden Kontaktaufnahmen und Bewerbungsunterlagen werden vertraulich und diskret behandelt, und unser HR-Manager wird dir in einem Gespr\u00e4ch eine R\u00fcckmeldung \u00fcber die \u00dcbereinstimmung deines Profils bzw. \u00fcber die m\u00f6glichen weiteren Schritte geben.<\/p><\/div><\/div>\n        <\/section>\t\t<\/div>\n\t\t\t\t<\/div>\n\t\t\t\t<div class=\"elementor-element elementor-element-1183ddf elementor-widget elementor-widget-aux_modern_heading\" data-id=\"1183ddf\" data-element_type=\"widget\" data-widget_type=\"aux_modern_heading.default\">\n\t\t\t\t<div class=\"elementor-widget-container\">\n\t\t\t<section class=\"aux-widget-modern-heading\">\n            <div class=\"aux-widget-inner\"><h2 class=\"aux-modern-heading-primary\">HR-Interviev<\/h2><div class=\"aux-modern-heading-description\"><p>Sollten wir einen gemeinsamen Querschnitt haben, laden wir dich zun\u00e4chst zu einem HR-Gespr\u00e4ch ein, in dem wir deine Sprachkenntnisse und relevanten Qualifikationen aufnehmen und bewerten, deinen beruflichen Werdegang und deine Erfahrungen er\u00f6rtern, deine Kompetenzen einsch\u00e4tzen, \u00fcber deine derzeitige Situation, die Motivationsfaktoren f\u00fcr deinen Wunsch nach einem Wechsel, deine Vorstellungen und Erwartungen f\u00fcr die Zukunft und das, was dir wichtig ist, sprechen. Wir beantworten gerne deine Fragen und erz\u00e4hlen nat\u00fcrlich auch gern \u00fcber ACIS, unsere Werte, unsere Organisationskultur, das Team, die Aufgaben und Verantwortlichkeiten.<\/p><\/div><\/div>\n        <\/section>\t\t<\/div>\n\t\t\t\t<\/div>\n\t\t\t\t<div class=\"elementor-element elementor-element-f29effc elementor-widget elementor-widget-aux_modern_heading\" data-id=\"f29effc\" data-element_type=\"widget\" data-widget_type=\"aux_modern_heading.default\">\n\t\t\t\t<div class=\"elementor-widget-container\">\n\t\t\t<section class=\"aux-widget-modern-heading\">\n            <div class=\"aux-widget-inner\"><h2 class=\"aux-modern-heading-primary\">Professionelles Interview<\/h2><div class=\"aux-modern-heading-description\"><p>Nach dem HR-Interview teilen wir dem Leiter des betreffenden Fachbereichs unsere Eindr\u00fccke und Erfahrungen mit, geben innerhalb von 1-2 Wochen eine R\u00fcckmeldung und bei positivem Feedback laden wir dich zu einem zweiten und zugleich letzten professionellen Interview mit dem betreffenden Leiter ein.  Auf den Informationen aus dem HR-Interview beruhend werden wir uns im Rahmen dieses Gespr\u00e4chs auf die beruflichen Details konzentrieren, Fragen stellen, Geschichten erz\u00e4hlen und Fragen beantworten.<\/p><\/div><\/div>\n        <\/section>\t\t<\/div>\n\t\t\t\t<\/div>\n\t\t\t\t<div class=\"elementor-element elementor-element-008d564 elementor-widget elementor-widget-aux_modern_heading\" data-id=\"008d564\" data-element_type=\"widget\" data-widget_type=\"aux_modern_heading.default\">\n\t\t\t\t<div class=\"elementor-widget-container\">\n\t\t\t<section class=\"aux-widget-modern-heading\">\n            <div class=\"aux-widget-inner\"><h2 class=\"aux-modern-heading-primary\">R\u00fcckmeldung, Kontakt<\/h2><div class=\"aux-modern-heading-description\"><p>Wir werden uns innerhalb weniger Tage bei dir melden, nachdem wir unsere Eindr\u00fccke vom Auswahlverfahren zusammengefasst haben.  Wenn wir uns eine Zukunft mit Dir vorstellen, werden wir deine Einstellung der Gesch\u00e4ftsleitung vorstellen und dir nach deren Zustimmung ein Angebot und eine Absichtserkl\u00e4rung in m\u00fcndlicher und schriftlicher Form unterbreiten, und wir werden auf deine Antwort innerhalb einiger Tage warten. Auch wenn nicht du unser neuer Kollege f\u00fcr die Gelegenheit und\/oder den Job geworden bist, werden wir gerne mit dir f\u00fcr die Zukunft in Kontakt bleiben, weil man nie sicher wissen kann, wann sich unsere Wege wieder kreuzen...<\/p><\/div><\/div>\n        <\/section>\t\t<\/div>\n\t\t\t\t<\/div>\n\t\t\t\t\t\t<\/div>\n\t\t\t\t\t<\/div>\n\t\t<\/div>\n\t\t\t\t\t\t\t\t<\/div>\n\t\t\t\t\t<\/div>\n\t\t<\/section>\n\t\t\t\t\t\t\t\t\t<\/div>\n\t\t\t<\/div>\n\t\t\t\t\t<\/div>","protected":false},"excerpt":{"rendered":"<p>Jelentkez\u00e9s \u00e9s kiv\u00e1laszt\u00e1si folyamat n\u00e1lunk Jelentkez\u00e9s Mi az ACIS Complex-n\u00e9l nagyra \u00e9rt\u00e9kelj\u00fck a proaktivit\u00e1st, ez\u00e9rt ha \u00e9pp nincs olyan meghirdetett munkak\u00f6r\u00fcnk \u00e9s\/vagy olyan nyitott poz\u00edci\u00f3nk, mely megfelelne sz\u00e1modra, akkor is \u00f6r\u00f6mmel vessz\u00fck a kapcsolatfelv\u00e9telt, \u00e9rdekl\u0151d\u00e9sedet \u00e9s \u00f6n\u00e9letrajzod esetleges megk\u00fcld\u00e9s\u00e9t! Elind\u00edthat ak\u00e1r egy szervezetfejleszt\u00e9si folyamatot vagy egyszer\u0171en hasznos kapcsolat lehet a j\u00f6v\u0151re n\u00e9zve. Kapcsolatfelv\u00e9tel A kapcsolatfelv\u00e9telt [&hellip;]<\/p>","protected":false},"author":2,"featured_media":0,"parent":624,"menu_order":0,"comment_status":"closed","ping_status":"closed","template":"","meta":{"footnotes":""},"_links":{"self":[{"href":"https:\/\/www.acis-complex.hu\/de\/wp-json\/wp\/v2\/pages\/1300"}],"collection":[{"href":"https:\/\/www.acis-complex.hu\/de\/wp-json\/wp\/v2\/pages"}],"about":[{"href":"https:\/\/www.acis-complex.hu\/de\/wp-json\/wp\/v2\/types\/page"}],"author":[{"embeddable":true,"href":"https:\/\/www.acis-complex.hu\/de\/wp-json\/wp\/v2\/users\/2"}],"replies":[{"embeddable":true,"href":"https:\/\/www.acis-complex.hu\/de\/wp-json\/wp\/v2\/comments?post=1300"}],"version-history":[{"count":0,"href":"https:\/\/www.acis-complex.hu\/de\/wp-json\/wp\/v2\/pages\/1300\/revisions"}],"up":[{"embeddable":true,"href":"https:\/\/www.acis-complex.hu\/de\/wp-json\/wp\/v2\/pages\/624"}],"wp:attachment":[{"href":"https:\/\/www.acis-complex.hu\/de\/wp-json\/wp\/v2\/media?parent=1300"}],"curies":[{"name":"wp","href":"https:\/\/api.w.org\/{rel}","templated":true}]}}