{"id":1307,"date":"2022-12-13T16:15:55","date_gmt":"2022-12-13T16:15:55","guid":{"rendered":"https:\/\/www.acis-complex.hu\/?page_id=1307"},"modified":"2023-03-03T15:17:10","modified_gmt":"2023-03-03T15:17:10","slug":"miert-az-acis-complex","status":"publish","type":"page","link":"https:\/\/www.acis-complex.hu\/de\/karrier\/miert-az-acis-complex\/","title":{"rendered":"Warum ACIS Complex?"},"content":{"rendered":"<div data-elementor-type=\"wp-post\" data-elementor-id=\"1307\" class=\"elementor elementor-1307\">\n\t\t\t\t\t\t<div class=\"elementor-inner\">\n\t\t\t\t<div class=\"elementor-section-wrap\">\n\t\t\t\t\t\t\t\t\t<section class=\"elementor-section elementor-top-section elementor-element elementor-element-c8367c4 elementor-reverse-tablet elementor-reverse-mobile elementor-section-boxed elementor-section-height-default elementor-section-height-default\" data-id=\"c8367c4\" data-element_type=\"section\">\n\t\t\t\t\t\t<div class=\"elementor-container elementor-column-gap-no\">\n\t\t\t\t\t\t\t<div class=\"elementor-row\">\n\t\t\t\t\t<div class=\"aux-parallax-section elementor-column elementor-col-100 elementor-top-column elementor-element elementor-element-fb8d7fa\" data-id=\"fb8d7fa\" data-element_type=\"column\">\n\t\t\t<div class=\"elementor-column-wrap elementor-element-populated\">\n\t\t\t\t\t\t\t<div class=\"elementor-widget-wrap\">\n\t\t\t\t\t\t<div class=\"elementor-element elementor-element-74978ee elementor-widget elementor-widget-aux_modern_heading\" data-id=\"74978ee\" data-element_type=\"widget\" data-widget_type=\"aux_modern_heading.default\">\n\t\t\t\t<div class=\"elementor-widget-container\">\n\t\t\t<section class=\"aux-widget-modern-heading\">\n            <div class=\"aux-widget-inner\"><h2 class=\"aux-modern-heading-primary\">Warum ACIS Complex?<\/h2><\/div>\n        <\/section>\t\t<\/div>\n\t\t\t\t<\/div>\n\t\t\t\t<div class=\"elementor-element elementor-element-08f49fb elementor-widget elementor-widget-aux_modern_heading\" data-id=\"08f49fb\" data-element_type=\"widget\" data-widget_type=\"aux_modern_heading.default\">\n\t\t\t\t<div class=\"elementor-widget-container\">\n\t\t\t<section class=\"aux-widget-modern-heading\">\n            <div class=\"aux-widget-inner\"><h2 class=\"aux-modern-heading-primary\">Was f\u00fcr eine Firma ist ACIS Complex?<\/h2><div class=\"aux-modern-heading-description\"><p>Ein aus einem bekannten Gro\u00dfunternehmen ausgegliedertes \u201ekleines Unternehmen mit famili\u00e4rer Atmosph\u00e4re\u201c, das nach einigen Jahren Erfahrung ein mittelst\u00e4ndisches Unternehmen geworden ist und mit Zielbewusstheit, Sch\u00e4rfe, Risikobereitschaft, Professionalit\u00e4t, kurzum: ernsthaft \u201eauf der gro\u00dfen B\u00fchne spielt\u201c!<\/p><\/div><\/div>\n        <\/section>\t\t<\/div>\n\t\t\t\t<\/div>\n\t\t\t\t<div class=\"elementor-element elementor-element-9f733c1 elementor-widget elementor-widget-aux_modern_heading\" data-id=\"9f733c1\" data-element_type=\"widget\" data-widget_type=\"aux_modern_heading.default\">\n\t\t\t\t<div class=\"elementor-widget-container\">\n\t\t\t<section class=\"aux-widget-modern-heading\">\n            <div class=\"aux-widget-inner\"><h2 class=\"aux-modern-heading-primary\">Was f\u00fcr Menschen sind WIR?<\/h2><div class=\"aux-modern-heading-description\"><p>Wir sind zielbewusst, engagiert, fanatisch, l\u00f6sungsorientiert und - was vielleicht am wichtigsten ist - bilden ein zusammenhaltendes, effizientes Team. <br \/>Du geh\u00f6rst zu unserem Team, wenn du - \u00fcber die erwartete Profil\u00fcbereinstimmung hinaus - zum Beispiel den Plattensee durchgeschwommen hast, 35 Meter tief ins offene Meer getaucht bist, in einer engen H\u00f6hle gekrochen bist, die h\u00f6chste Mauer erklettert hast, auf dem Camino gelaufen bist, einen Marathon gelaufen bist, ein Tandem-Trekking in den franz\u00f6sischen Alpen gemacht hast, eine Offroad-Rallye erf\u00fcllt hast, einen LKW fahren kannst, einen Vergn\u00fcgungspark gebaut hast, eine erstklassige Fu\u00dfball-Dauerkarte hast, an vielen \u201eMissionen\u201c teilgenommen hast, eine Wiederbelebung durchf\u00fchren kannst, lustige Geschichten erz\u00e4hlen kannst, das Wild um einen Eintopf besiegen und Kekse f\u00fcr Kollegen backen kannst, einen guten Schnaps brennst oder schon so sehr in deinen Schwiegervater-Kandidaten vernarrt bist, dass du f\u00fcr die Teambuilding-Sitzung der Firma etwas von seinen Schnaps verlangen kannst... zusammenfassend: Wenn du in einem Bereich irgendwie besonders bist, weil das Team und die Arbeit was wir Tag f\u00fcr Tag leisten, etwas Besonderes sind.<\/p><\/div><\/div>\n        <\/section>\t\t<\/div>\n\t\t\t\t<\/div>\n\t\t\t\t<div class=\"elementor-element elementor-element-1183ddf elementor-widget elementor-widget-aux_modern_heading\" data-id=\"1183ddf\" data-element_type=\"widget\" data-widget_type=\"aux_modern_heading.default\">\n\t\t\t\t<div class=\"elementor-widget-container\">\n\t\t\t<section class=\"aux-widget-modern-heading\">\n            <div class=\"aux-widget-inner\"><h2 class=\"aux-modern-heading-primary\">Was erwartet DICH?<\/h2><div class=\"aux-modern-heading-description\"><p>Offene T\u00fcren, gerade, offene und ehrliche Kommunikation und auch eine emotionale Unterst\u00fctzung, wenn etwas weh tut. Werte: Team, Ermutigung und Ausbildung, Hilfe und Unterst\u00fctzung, Professionalit\u00e4t und Wissensaustausch. Eine Haltung der Eigent\u00fcmer und der F\u00fchrungskr\u00e4fte, wodurch sie auf dich aufpassen, dir zuh\u00f6ren, dich entwickeln und dir entsprechende Hilfe und Unterst\u00fctzung bieten!<\/p><p><br \/>Steig bei uns ein, wenn du deine F\u00e4higkeiten und Erfahrungen unter Beweis stellen m\u00f6chtest, oder wenn du eine Karriere aufbauen und den Beruf erlernen willst! Wir warten auf dich, wenn du einen \u201eMehrwert\u201c und Entwicklungsziele hast! Wir legen Wert auf \u201eHard Skills\u201c wie Sprachkenntnisse, einschl\u00e4gige berufliche Qualifikationen, Schulabschl\u00fcsse, Fachkompetenz, Berufserfahrung, wertvolle Kontakte und wir sch\u00e4tzen \u201eSoft Skills\u201c, wie Werteordnung, Haltung, Charakter, Pers\u00f6nlichkeitsmerkmale, Selbstbewusstsein. Zeige uns diese!<\/p><p><br \/>W\u00fcrdest du gern z. B. in Teilzeit, 20, 30 Stunden oder zum Beispiel 36 Stunden an 4 Tagen arbeiten?  Wir haben eine L\u00f6sung, die dir hilft, das Gleichgewicht der Arbeit und des Privatlebens zu finden. <br \/>M\u00f6chtest du in Teilzeit oder Vollzeit von zu Hause aus arbeiten? Wenn du dich nicht als Schwei\u00dfer und\/oder Monteur\/Installateur bewirbst, lass mal uns dar\u00fcber sprechen! <br \/>M\u00f6chtest du dich in der Welt umsehen, deine Sprachkenntnisse verbessern, dich im Ausland ausprobieren? D\u00e4nemark, England, Holland, Frankreich, Spanien, Deutschland und die Tschechei sind nur einige Beispiele aus unserer Vergangenheit. Bist du bereit, jeden Tag wegzureisen?<\/p><\/div><\/div>\n        <\/section>\t\t<\/div>\n\t\t\t\t<\/div>\n\t\t\t\t<div class=\"elementor-element elementor-element-f29effc elementor-widget elementor-widget-aux_modern_heading\" data-id=\"f29effc\" data-element_type=\"widget\" data-widget_type=\"aux_modern_heading.default\">\n\t\t\t\t<div class=\"elementor-widget-container\">\n\t\t\t<section class=\"aux-widget-modern-heading\">\n            <div class=\"aux-widget-inner\"><h2 class=\"aux-modern-heading-primary\">Was k\u00f6nnen wir DIR noch bieten?<\/h2><div class=\"aux-modern-heading-description\"><p>Angemeldete, wettbewerbsf\u00e4hige Bezahlung, weil wir \u201emit offenen Karten spielen\u201c. Berufsspezifische Leistungen und Arbeitsmittel, F\u00f6rderung der Entwicklung von Sprachkenntnissen und berufliche Weiterbildung. Krankenversicherung mit pr\u00e4ventiven Vorsorgeuntersuchungen und ambulanter Behandlung, Essenszuschuss auf SZ\u00c9P-Karte. Weitere Boni und Pr\u00e4mien, um das Nonplusultra, also dich zu w\u00fcrdigen!<\/p><\/div><\/div>\n        <\/section>\t\t<\/div>\n\t\t\t\t<\/div>\n\t\t\t\t\t\t<\/div>\n\t\t\t\t\t<\/div>\n\t\t<\/div>\n\t\t\t\t\t\t\t\t<\/div>\n\t\t\t\t\t<\/div>\n\t\t<\/section>\n\t\t\t\t\t\t\t\t\t<\/div>\n\t\t\t<\/div>\n\t\t\t\t\t<\/div>","protected":false},"excerpt":{"rendered":"<p>Mi\u00e9rt az ACIS Complex? Milyen az ACIS Complex? Egy ismert nagy c\u00e9gb\u0151l kiv\u00e1lt, \u201ecsal\u00e1di hangulat\u00fa kisv\u00e1llalkoz\u00e1s\u201d, mely p\u00e1r \u00e9v m\u00falttal a h\u00e1ta m\u00f6g\u00f6tt k\u00f6z\u00e9pv\u00e1llalat \u00e9s \u201enagyp\u00e1ly\u00e1n j\u00e1tszik\u201d, c\u00e9ltudatosan, \u00e9lesen, kock\u00e1zatv\u00e1llal\u00e1ssal, professzion\u00e1lisan, egysz\u00f3val komolyan! Milyenek vagyunk MI? C\u00e9ltudatosak, elhivatottak, fanatikusak, megold\u00e1skeres\u0151k \u00e9s ami tal\u00e1n a legfontosabb, egy \u00f6sszetart\u00f3, \u00fct\u0151k\u00e9pes csapat. Illesz a csapatba, ha az elv\u00e1rt [&hellip;]<\/p>","protected":false},"author":2,"featured_media":0,"parent":624,"menu_order":0,"comment_status":"closed","ping_status":"closed","template":"","meta":{"footnotes":""},"_links":{"self":[{"href":"https:\/\/www.acis-complex.hu\/de\/wp-json\/wp\/v2\/pages\/1307"}],"collection":[{"href":"https:\/\/www.acis-complex.hu\/de\/wp-json\/wp\/v2\/pages"}],"about":[{"href":"https:\/\/www.acis-complex.hu\/de\/wp-json\/wp\/v2\/types\/page"}],"author":[{"embeddable":true,"href":"https:\/\/www.acis-complex.hu\/de\/wp-json\/wp\/v2\/users\/2"}],"replies":[{"embeddable":true,"href":"https:\/\/www.acis-complex.hu\/de\/wp-json\/wp\/v2\/comments?post=1307"}],"version-history":[{"count":0,"href":"https:\/\/www.acis-complex.hu\/de\/wp-json\/wp\/v2\/pages\/1307\/revisions"}],"up":[{"embeddable":true,"href":"https:\/\/www.acis-complex.hu\/de\/wp-json\/wp\/v2\/pages\/624"}],"wp:attachment":[{"href":"https:\/\/www.acis-complex.hu\/de\/wp-json\/wp\/v2\/media?parent=1307"}],"curies":[{"name":"wp","href":"https:\/\/api.w.org\/{rel}","templated":true}]}}