{"id":2087,"date":"2022-12-19T18:26:11","date_gmt":"2022-12-19T18:26:11","guid":{"rendered":"https:\/\/www.acis-complex.hu\/?page_id=2087"},"modified":"2023-02-22T17:07:58","modified_gmt":"2023-02-22T17:07:58","slug":"adatkezelesi-nyilatkozat","status":"publish","type":"page","link":"https:\/\/www.acis-complex.hu\/de\/adatkezelesi-nyilatkozat\/","title":{"rendered":"Erkl\u00e4rung zur Datenverwaltung"},"content":{"rendered":"<div data-elementor-type=\"wp-post\" data-elementor-id=\"2087\" class=\"elementor elementor-2087\">\n\t\t\t\t\t\t<div class=\"elementor-inner\">\n\t\t\t\t<div class=\"elementor-section-wrap\">\n\t\t\t\t\t\t\t\t\t<section class=\"elementor-section elementor-top-section elementor-element elementor-element-c8367c4 elementor-reverse-tablet elementor-reverse-mobile elementor-section-boxed elementor-section-height-default elementor-section-height-default\" data-id=\"c8367c4\" data-element_type=\"section\">\n\t\t\t\t\t\t<div class=\"elementor-container elementor-column-gap-no\">\n\t\t\t\t\t\t\t<div class=\"elementor-row\">\n\t\t\t\t\t<div class=\"aux-parallax-section elementor-column elementor-col-100 elementor-top-column elementor-element elementor-element-fb8d7fa\" data-id=\"fb8d7fa\" data-element_type=\"column\">\n\t\t\t<div class=\"elementor-column-wrap elementor-element-populated\">\n\t\t\t\t\t\t\t<div class=\"elementor-widget-wrap\">\n\t\t\t\t\t\t<div class=\"elementor-element elementor-element-74978ee elementor-widget elementor-widget-aux_modern_heading\" data-id=\"74978ee\" data-element_type=\"widget\" data-widget_type=\"aux_modern_heading.default\">\n\t\t\t\t<div class=\"elementor-widget-container\">\n\t\t\t<section class=\"aux-widget-modern-heading\">\n            <div class=\"aux-widget-inner\"><h2 class=\"aux-modern-heading-primary\">Erkl\u00e4rung zur Datenverwaltung<\/h2><\/div>\n        <\/section>\t\t<\/div>\n\t\t\t\t<\/div>\n\t\t\t\t<div class=\"elementor-element elementor-element-1183ddf elementor-widget elementor-widget-aux_modern_heading\" data-id=\"1183ddf\" data-element_type=\"widget\" data-widget_type=\"aux_modern_heading.default\">\n\t\t\t\t<div class=\"elementor-widget-container\">\n\t\t\t<section class=\"aux-widget-modern-heading\">\n            <div class=\"aux-widget-inner\"><h2 class=\"aux-modern-heading-primary\">Cookie-Verwaltung<\/h2><div class=\"aux-modern-heading-description\"><p>Zur Analyse des Nutzerverhaltens w\u00e4hrend des Besuchs der Website der ACIS COMPLEX LTD verwenden wir Cookies, die es uns erm\u00f6glichen, Daten von Ihrem Computer oder Mobilger\u00e4t zu sammeln (z. B. IP-Adresse, Dauer des Besuchs). Cookies k\u00f6nnen Sie nicht pers\u00f6nlich identifizieren. Cookies werden 5 Jahre lang gespeichert, w\u00e4hrend Sie auf unserer Website surfen, um Besucherstatistiken zu erstellen und m\u00f6gliche b\u00f6swillige IT-Operationen zu identifizieren.<\/p><p>Browser-Programme erm\u00f6glichen es Ihnen, Cookies zu deaktivieren, zu aktivieren und Einstellungen zu \u00e4ndern.<\/p><\/div><\/div>\n        <\/section>\t\t<\/div>\n\t\t\t\t<\/div>\n\t\t\t\t<div class=\"elementor-element elementor-element-d15cc61 elementor-widget elementor-widget-aux_modern_heading\" data-id=\"d15cc61\" data-element_type=\"widget\" data-widget_type=\"aux_modern_heading.default\">\n\t\t\t\t<div class=\"elementor-widget-container\">\n\t\t\t<section class=\"aux-widget-modern-heading\">\n            <div class=\"aux-widget-inner\"><h2 class=\"aux-modern-heading-primary\">Verarbeitung von personenbezogenen Daten<\/h2><div class=\"aux-modern-heading-description\"><p>Sie k\u00f6nnen Ihren Lebenslauf einreichen, der ACIS COMPLEX LTD Ihren Namen, Ihre E-Mail-Adresse und Ihre Telefonnummer gem\u00e4\u00df den geltenden Rechtsvorschriften auf unserer Website mitteilen, wenn Sie m\u00f6chten, dass wir Ihnen Informationsmaterial auf elektronischem Wege zusenden oder mit Ihnen Kontakt aufnehmen.<\/p><p>Mit der Angabe Ihrer Daten stimmen Sie ausdr\u00fccklich der Speicherung und Verarbeitung Ihrer Daten durch die ACIS COMPLEX LTD f\u00fcr einen Zeitraum von f\u00fcnf Jahren ab dem Datum Ihrer Zustimmung oder bis zum Widerruf Ihrer Zustimmung zu. Die Daten werden nicht an Dritte weitergegeben.<\/p><p>Sie k\u00f6nnen Ihre Zustimmung zur Verarbeitung Ihrer Daten jederzeit kostenlos, uneingeschr\u00e4nkt und ohne Angabe von Gr\u00fcnden widerrufen, indem Sie sich an die auf der Website angegebenen Telefonnummern oder per E-Mail wenden und die L\u00f6schung Ihrer gespeicherten Daten verlangen.<\/p><p>Sie haben das Recht, jederzeit unter den oben angegebenen Kontaktdaten Auskunft \u00fcber die Verarbeitung Ihrer personenbezogenen Daten zu verlangen oder die Berichtigung oder Sperrung Ihrer personenbezogenen Daten zu fordern.<\/p><p>Sofern dies nicht gesetzlich untersagt ist, wird die ACIS COMPLEX LTD. Ihrem Wunsch unverz\u00fcglich nachkommen. (Die ACIS COMPLEX LTD. ist gesetzlich verpflichtet, personenbezogene Daten zu speichern und zu verarbeiten, wenn diese z.B. f\u00fcr die Erf\u00fcllung eines Vertrages mit der ACIS COMPLEX LTD. erforderlich sind).<\/p><\/div><\/div>\n        <\/section>\t\t<\/div>\n\t\t\t\t<\/div>\n\t\t\t\t<div class=\"elementor-element elementor-element-c0e4f22 elementor-widget elementor-widget-aux_modern_heading\" data-id=\"c0e4f22\" data-element_type=\"widget\" data-widget_type=\"aux_modern_heading.default\">\n\t\t\t\t<div class=\"elementor-widget-container\">\n\t\t\t<section class=\"aux-widget-modern-heading\">\n            <div class=\"aux-widget-inner\"><h2 class=\"aux-modern-heading-primary\">Urheberrecht<\/h2><div class=\"aux-modern-heading-description\"><p>Alle Inhalte der ACIS COMPLEX KFT. Webseiten (z.B. Grafiken, Logos, Informationsmaterial, sonstige herunterladbare Dokumente etc.) sind urheberrechtlich gesch\u00fctzt. Eine Verwendung der Inhalte zu anderen als pers\u00f6nlichen Zwecken oder zu sonstigen Zwecken ist nur mit vorheriger schriftlicher Zustimmung der ACIS COMPLEX LTD. zul\u00e4ssig.<\/p><\/div><\/div>\n        <\/section>\t\t<\/div>\n\t\t\t\t<\/div>\n\t\t\t\t\t\t<\/div>\n\t\t\t\t\t<\/div>\n\t\t<\/div>\n\t\t\t\t\t\t\t\t<\/div>\n\t\t\t\t\t<\/div>\n\t\t<\/section>\n\t\t\t\t\t\t\t\t\t<\/div>\n\t\t\t<\/div>\n\t\t\t\t\t<\/div>","protected":false},"excerpt":{"rendered":"<p>Adatkezel\u00e9si nyilatkozat Cookie kezel\u00e9s Az ACIS COMPLEX KFT. weboldal\u00e1nak b\u00f6ng\u00e9sz\u00e9se k\u00f6zbeni felhaszn\u00e1l\u00f3i szok\u00e1sok elemz\u00e9se c\u00e9lj\u00e1b\u00f3l cookie-kat haszn\u00e1lunk, melyek az \u00d6n sz\u00e1m\u00edt\u00f3g\u00e9p\u00e9r\u0151l, mobileszk\u00f6z\u00e9r\u0151l adatok gy\u0171jt\u00e9s\u00e9t (pl. IP c\u00edm, l\u00e1togat\u00e1s id\u0151tartama) teszik lehet\u0151v\u00e9. A cookie-k nem tudj\u00e1k \u00d6nt szem\u00e9ly szerint beazonos\u00edtani. Weboldalunk b\u00f6ng\u00e9sz\u00e9se k\u00f6zben a cookie-kat l\u00e1togatotts\u00e1gi statisztik\u00e1k k\u00e9sz\u00edt\u00e9se \u00e9s az esetleges rosszindulat\u00fa informatikai m\u0171veletek beazonos\u00edt\u00e1sa c\u00e9lj\u00e1b\u00f3l [&hellip;]<\/p>","protected":false},"author":2,"featured_media":0,"parent":0,"menu_order":0,"comment_status":"closed","ping_status":"closed","template":"","meta":{"footnotes":""},"_links":{"self":[{"href":"https:\/\/www.acis-complex.hu\/de\/wp-json\/wp\/v2\/pages\/2087"}],"collection":[{"href":"https:\/\/www.acis-complex.hu\/de\/wp-json\/wp\/v2\/pages"}],"about":[{"href":"https:\/\/www.acis-complex.hu\/de\/wp-json\/wp\/v2\/types\/page"}],"author":[{"embeddable":true,"href":"https:\/\/www.acis-complex.hu\/de\/wp-json\/wp\/v2\/users\/2"}],"replies":[{"embeddable":true,"href":"https:\/\/www.acis-complex.hu\/de\/wp-json\/wp\/v2\/comments?post=2087"}],"version-history":[{"count":0,"href":"https:\/\/www.acis-complex.hu\/de\/wp-json\/wp\/v2\/pages\/2087\/revisions"}],"wp:attachment":[{"href":"https:\/\/www.acis-complex.hu\/de\/wp-json\/wp\/v2\/media?parent=2087"}],"curies":[{"name":"wp","href":"https:\/\/api.w.org\/{rel}","templated":true}]}}