{"id":2391,"date":"2023-01-05T15:18:26","date_gmt":"2023-01-05T15:18:26","guid":{"rendered":"https:\/\/www.acis-complex.hu\/?page_id=2391"},"modified":"2023-01-24T13:38:31","modified_gmt":"2023-01-24T13:38:31","slug":"jelentkezes-altalanos","status":"publish","type":"page","link":"https:\/\/www.acis-complex.hu\/de\/jelentkezes-altalanos\/","title":{"rendered":"Jelentkez\u00e9s &#8211; \u00c1ltal\u00e1nos jelentkez\u00e9s"},"content":{"rendered":"<div data-elementor-type=\"wp-post\" data-elementor-id=\"2391\" class=\"elementor elementor-2391\">\n\t\t\t\t\t\t<div class=\"elementor-inner\">\n\t\t\t\t<div class=\"elementor-section-wrap\">\n\t\t\t\t\t\t\t\t\t<section class=\"elementor-section elementor-top-section elementor-element elementor-element-633b12e elementor-reverse-tablet elementor-reverse-mobile elementor-section-content-middle elementor-section-boxed elementor-section-height-default elementor-section-height-default\" data-id=\"633b12e\" data-element_type=\"section\">\n\t\t\t\t\t\t<div class=\"elementor-container elementor-column-gap-no\">\n\t\t\t\t\t\t\t<div class=\"elementor-row\">\n\t\t\t\t\t<div class=\"aux-parallax-section aux-parallax-piece elementor-column elementor-col-50 elementor-top-column elementor-element elementor-element-ed0f0b3\" data-parallax-origin=\"middle\" data-parallax-depth=\"0.76\" data-parallax-off=\"1024\" data-id=\"ed0f0b3\" data-element_type=\"column\" data-settings=\"{&quot;background_background&quot;:&quot;classic&quot;}\">\n\t\t\t<div class=\"elementor-column-wrap elementor-element-populated\">\n\t\t\t\t\t\t\t<div class=\"elementor-widget-wrap\">\n\t\t\t\t\t\t<div class=\"elementor-element elementor-element-3caebb4 elementor-widget__width-auto elementor-widget elementor-widget-aux_image\" data-id=\"3caebb4\" data-element_type=\"widget\" data-widget_type=\"aux_image.default\">\n\t\t\t\t<div class=\"elementor-widget-container\">\n\t\t\t<section class=\"widget-container aux-widget-image aux-alignnone aux-parent-au5bb4140f\">\n    <div class=\"aux-media-hint-frame\">\n        <div class=\"aux-media-image\" >\n        \n            \n\n            \n            <img decoding=\"async\" src=\"https:\/\/www.acis-complex.hu\/wp-content\/uploads\/2020\/03\/acis_logo_white.svg\" class=\"attachment-full size-full\" alt=\"\" \/>            \n                <\/div>\n    <\/div>\n\n<\/section><!-- widget-container -->\t\t<\/div>\n\t\t\t\t<\/div>\n\t\t\t\t<div class=\"elementor-element elementor-element-32b6c9c elementor-widget elementor-widget-aux_modern_heading\" data-id=\"32b6c9c\" data-element_type=\"widget\" data-widget_type=\"aux_modern_heading.default\">\n\t\t\t\t<div class=\"elementor-widget-container\">\n\t\t\t<section class=\"aux-widget-modern-heading\">\n            <div class=\"aux-widget-inner\"><div class=\"aux-modern-heading-divider\"><\/div><h2 class=\"aux-modern-heading-primary\"><br><\/h2><h3 class=\"aux-modern-heading-secondary\"><span class=\"aux-head-before\">ACIS COMPLEX Kft.<\/span><\/h3><div class=\"aux-modern-heading-description\"><p>Die Fa. ACIS COMPLEX Kft. ist Experte f\u00fcr den professionellen technologischen Rohrleitungsbau sowie f\u00fcr die Hochdruck-Wassernebel-L\u00f6schanlagen.<\/p><\/div><\/div>\n        <\/section>\t\t<\/div>\n\t\t\t\t<\/div>\n\t\t\t\t<div class=\"elementor-element elementor-element-319a8ed elementor-widget elementor-widget-aux_modern_heading\" data-id=\"319a8ed\" data-element_type=\"widget\" data-widget_type=\"aux_modern_heading.default\">\n\t\t\t\t<div class=\"elementor-widget-container\">\n\t\t\t<section class=\"aux-widget-modern-heading\">\n            <div class=\"aux-widget-inner\"><h2 class=\"aux-modern-heading-primary\"><\/h2><div class=\"aux-modern-heading-description\"><p>Im Mittelpunkt s\u00e4mtlicher technischen Arbeiten steht der auf einer komplexen technischen Betrachtungsweise beruhende Gedanke, in dem die Qualit\u00e4t formuliert wird.<\/p><\/div><\/div>\n        <\/section>\t\t<\/div>\n\t\t\t\t<\/div>\n\t\t\t\t\t\t<\/div>\n\t\t\t\t\t<\/div>\n\t\t<\/div>\n\t\t\t\t<div class=\"aux-parallax-section aux-parallax-piece elementor-column elementor-col-50 elementor-top-column elementor-element elementor-element-5e7aa7d\" data-parallax-origin=\"middle\" data-parallax-depth=\"0.15\" data-parallax-off=\"1024\" data-id=\"5e7aa7d\" data-element_type=\"column\" data-settings=\"{&quot;background_background&quot;:&quot;classic&quot;}\">\n\t\t\t<div class=\"elementor-column-wrap elementor-element-populated\">\n\t\t\t\t\t\t\t<div class=\"elementor-widget-wrap\">\n\t\t\t\t\t\t<div class=\"elementor-element elementor-element-9812762 elementor-widget elementor-widget-aux_modern_heading\" data-id=\"9812762\" data-element_type=\"widget\" data-widget_type=\"aux_modern_heading.default\">\n\t\t\t\t<div class=\"elementor-widget-container\">\n\t\t\t<section class=\"aux-widget-modern-heading\">\n            <div class=\"aux-widget-inner\"><div class=\"aux-modern-heading-divider\"><\/div><h2 class=\"aux-modern-heading-primary\">Bewerben Sie sich bei uns<\/h2><h3 class=\"aux-modern-heading-secondary\"><span class=\"aux-head-before\">Reichen Sie Ihren CV ein<\/span><\/h3><div class=\"aux-modern-heading-description\"><p>Bitte f\u00fcllen Sie das untenstehende Formular aus.<\/p><\/div><\/div>\n        <\/section>\t\t<\/div>\n\t\t\t\t<\/div>\n\t\t\t\t<div class=\"elementor-element elementor-element-64f02e8 elementor-widget elementor-widget-aux_contact_form\" data-id=\"64f02e8\" data-element_type=\"widget\" data-widget_type=\"aux_contact_form.default\">\n\t\t\t\t<div class=\"elementor-widget-container\">\n\t\t\t<section class=\"widget-container aux-widget-contact-form aux-parent-au9a41f1fe\">            <div class=\"aux-col-wrapper aux-no-gutter\">\n            <!-- @TODO - The output for element here -->\n\n            <div class=\"forminator-ui forminator-custom-form forminator-custom-form-2529 forminator-design--default  forminator_ajax\" data-forminator-render=\"0\" data-form=\"forminator-module-2529\" data-uid=\"69f35097536d4\"><br\/><\/div><form\n\t\t\t\tid=\"forminator-module-2529\"\n\t\t\t\tclass=\"forminator-ui forminator-custom-form forminator-custom-form-2529 forminator-design--default  forminator_ajax\"\n\t\t\t\tmethod=\"post\"\n\t\t\t\tdata-forminator-render=\"0\"\n\t\t\t\tdata-form-id=\"2529\"\n\t\t\t\t\n\t\t\t\tdata-design=\"default\"\n\t\t\t\tdata-color-option=\"default\"\n\t\t\t\t\n\t\t\t\t\n\t\t\t\t\n\t\t\t\tdata-grid=\"open\"\n\t\t\t\tenctype=\"multipart\/form-data\"\n\t\t\t\t\n\t\t\t\tstyle=\"display: none;\"\n\t\t\t\t\n\t\t\t\tdata-uid=\"69f35097536d4\" action=\"\"\n\t\t\t><div role=\"alert\" aria-live=\"polite\" class=\"forminator-response-message forminator-error\" aria-hidden=\"true\"><\/div><div class=\"forminator-row\"><div id=\"text-1\" class=\"forminator-field-text forminator-col forminator-col-12\"><div class=\"forminator-field\"><label for=\"forminator-field-text-1_69f35097536d4\" id=\"forminator-field-text-1_69f35097536d4-label\" class=\"forminator-label\">Name <span class=\"forminator-required\">*<\/span><\/label><input type=\"text\" name=\"text-1\" value=\"\" placeholder=\"Name\" id=\"forminator-field-text-1_69f35097536d4\" class=\"forminator-input forminator-name--field\" data-required=\"1\" \/><\/div><\/div><\/div><div class=\"forminator-row\"><div id=\"phone-1\" class=\"forminator-field-phone forminator-col forminator-col-12\"><div class=\"forminator-field\"><label for=\"forminator-field-phone-1_69f35097536d4\" id=\"forminator-field-phone-1_69f35097536d4-label\" class=\"forminator-label\">Telefonnummer <span class=\"forminator-required\">*<\/span><\/label><input type=\"text\" name=\"phone-1\" value=\"\" placeholder=\"B.: +36301234567\" id=\"forminator-field-phone-1_69f35097536d4\" class=\"forminator-input forminator-field--phone\" data-required=\"1\" aria-required=\"true\" autocomplete=\"off\" data-national_mode=\"enabled\" data-country=\"hu\" data-validation=\"standard\" \/><\/div><\/div><\/div><div class=\"forminator-row\"><div id=\"email-1\" class=\"forminator-field-email forminator-col forminator-col-12\"><div class=\"forminator-field\"><label for=\"forminator-field-email-1_69f35097536d4\" id=\"forminator-field-email-1_69f35097536d4-label\" class=\"forminator-label\">E-Mail-Adresse <span class=\"forminator-required\">*<\/span><\/label><input type=\"email\" name=\"email-1\" value=\"\" placeholder=\"E-Mail-Adresse\" id=\"forminator-field-email-1_69f35097536d4\" class=\"forminator-input forminator-email--field\" data-required=\"1\" aria-required=\"true\" \/><\/div><\/div><\/div><div class=\"forminator-row\"><div id=\"textarea-2\" class=\"forminator-field-textarea forminator-col forminator-col-12\"><div class=\"forminator-field\"><label for=\"forminator-field-textarea-2_69f35097536d4\" id=\"forminator-field-textarea-2_69f35097536d4-label\" class=\"forminator-label\">Nachricht<\/label><textarea name=\"textarea-2\" placeholder=\"Nachrichtentext\" id=\"forminator-field-textarea-2_69f35097536d4\" class=\"forminator-textarea\" rows=\"6\" style=\"min-height:140px;\" ><\/textarea><\/div><\/div><\/div><div class=\"forminator-row\"><div id=\"upload-1\" class=\"forminator-field-upload forminator-col forminator-col-12\"><div class=\"forminator-field\"><label for=\"forminator-field-upload-1_69f35097536d4\" id=\"forminator-field-upload-1_69f35097536d4-label\" class=\"forminator-label\">Lebenslauf hochladen <span class=\"forminator-required\">*<\/span><\/label><div class=\"forminator-file-upload\" data-element=\"upload-1_69f35097536d4\"><input type=\"file\" name=\"upload-1\" id=\"forminator-field-upload-1_69f35097536d4\" class=\"forminator-input-file-required do-validate\" accept=\".webp,.doc,.docx,.pdf\" tabindex=\"-1\"><button id=\"forminator-field-upload-1_69f35097536d4_button\" class=\"forminator-button forminator-button-upload\" data-id=\"forminator-field-upload-1_69f35097536d4\">Datei ausw\u00e4hlen<\/button><span data-empty-text=\"Keine Datei ausgew\u00e4hlt\">Keine Datei ausgew\u00e4hlt<\/span><button class=\"forminator-button-delete\" style=\"display: none;\"><i class=\"forminator-icon-close\" aria-hidden=\"true\"><\/i><span class=\"forminator-screen-reader-only\">Hochgeladene Datei l\u00f6schen<\/span><\/button><\/div><\/div><\/div><\/div><div class=\"forminator-row\"><div id=\"consent-1\" class=\"forminator-field-consent forminator-col forminator-col-12\"><div class=\"forminator-field\"><label for=\"forminator-field-consent-1_69f35097536d4\" id=\"forminator-field-consent-1_69f35097536d4-label\" class=\"forminator-label\">Zustimmung zum Datenschutz <span class=\"forminator-required\">*<\/span><\/label><div class=\"forminator-checkbox__wrapper\"><label id=\"forminator-field-consent-1_69f35097536d4__label\" class=\"forminator-checkbox forminator-consent\" aria-labelledby=\"forminator-field-consent-1_69f35097536d4-label\" aria-hidden=\"true\"><input type=\"checkbox\" name=\"consent-1\" id=\"forminator-field-consent-1_69f35097536d4\" value=\"checked\" aria-labelledby=\"forminator-field-consent-1_69f35097536d4-label\" aria-describedby=\"forminator-field-consent-1_69f35097536d4__description\" data-required=\"true\" aria-required=\"true\" \/><span class=\"forminator-checkbox-box\" aria-hidden=\"true\"><\/span><\/label><div id=\"forminator-field-consent-1_69f35097536d4__description\" class=\"forminator-checkbox__label forminator-consent__label\"><p>Ich bin mit der Verarbeitung meiner Daten nach den Bestimmungen <a href=\"https:\/\/www.acis-complex.hu\/de\/adatkezelesi-nyilatkozat\/\">der Datenschutzerkl\u00e4rung einverstanden.<\/a> le\u00edrtak alapj\u00e1n.<\/p><\/div><\/div><\/div><\/div><\/div><div class=\"forminator-row\"><div id=\"captcha-1\" class=\"forminator-field-captcha forminator-col forminator-col-12\"><div class=\"forminator-captcha-left forminator-g-recaptcha recaptcha-invisible\" data-theme=\"light\" data-badge=\"bottomright\" data-sitekey=\"6LczZvEjAAAAANH2wmfMfol631aL6iAaKQwtj0jY\" data-size=\"invisible\"><\/div> <\/div><\/div><input type=\"hidden\" name=\"referer_url\" value=\"\" \/><div class=\"forminator-row forminator-row-last\"><div class=\"forminator-col\"><div class=\"forminator-field\"><button class=\"forminator-button forminator-button-submit\">Bewerbung anmelden<\/button><\/div><\/div><\/div><input type=\"hidden\" id=\"forminator_nonce\" name=\"forminator_nonce\" value=\"ded6fe1762\" \/><input type=\"hidden\" name=\"_wp_http_referer\" value=\"\/de\/wp-json\/wp\/v2\/pages\/2391\" \/><input type=\"hidden\" name=\"form_id\" value=\"2529\"><input type=\"hidden\" name=\"page_id\" value=\"2391\"><input type=\"hidden\" name=\"form_type\" value=\"default\"><input type=\"hidden\" name=\"current_url\" value=\"https:\/\/www.acis-complex.hu\/de\/jelentkezes-altalanos\/\"><input type=\"hidden\" name=\"render_id\" value=\"0\"><input type=\"hidden\" name=\"action\" value=\"forminator_submit_form_custom-forms\"><input type=\"hidden\" name=\"trp-form-language\" value=\"de\"\/><\/form>\n\n            <\/div><!-- aux-col-wrapper -->\n    <\/section><!-- widget-container -->\t\t<\/div>\n\t\t\t\t<\/div>\n\t\t\t\t\t\t<\/div>\n\t\t\t\t\t<\/div>\n\t\t<\/div>\n\t\t\t\t\t\t\t\t<\/div>\n\t\t\t\t\t<\/div>\n\t\t<\/section>\n\t\t\t\t\t\t\t\t\t<\/div>\n\t\t\t<\/div>\n\t\t\t\t\t<\/div>","protected":false},"excerpt":{"rendered":"<p>ACIS COMPLEX Kft. a professzion\u00e1lis technol\u00f3giai cs\u0151szerel\u00e9s \u00e9s a nagynyom\u00e1s\u00fa v\u00edzk\u00f6ddel olt\u00f3 rendszerek szak\u00e9rt\u0151je Minden m\u0171szaki munka l\u00e9nyege a komplex m\u00e9rn\u00f6ki szeml\u00e9letre t\u00e1maszkod\u00f3, min\u0151s\u00e9get megfogalmaz\u00f3 gondolat. Jelentkezz hozz\u00e1nk K\u00fcldd be \u00f6n\u00e9letrajzodat K\u00e9rj\u00fck, t\u00f6ltsd ki az al\u00e1bbi \u0171rlapot.<\/p>","protected":false},"author":2,"featured_media":0,"parent":0,"menu_order":0,"comment_status":"closed","ping_status":"closed","template":"","meta":{"footnotes":""},"_links":{"self":[{"href":"https:\/\/www.acis-complex.hu\/de\/wp-json\/wp\/v2\/pages\/2391"}],"collection":[{"href":"https:\/\/www.acis-complex.hu\/de\/wp-json\/wp\/v2\/pages"}],"about":[{"href":"https:\/\/www.acis-complex.hu\/de\/wp-json\/wp\/v2\/types\/page"}],"author":[{"embeddable":true,"href":"https:\/\/www.acis-complex.hu\/de\/wp-json\/wp\/v2\/users\/2"}],"replies":[{"embeddable":true,"href":"https:\/\/www.acis-complex.hu\/de\/wp-json\/wp\/v2\/comments?post=2391"}],"version-history":[{"count":0,"href":"https:\/\/www.acis-complex.hu\/de\/wp-json\/wp\/v2\/pages\/2391\/revisions"}],"wp:attachment":[{"href":"https:\/\/www.acis-complex.hu\/de\/wp-json\/wp\/v2\/media?parent=2391"}],"curies":[{"name":"wp","href":"https:\/\/api.w.org\/{rel}","templated":true}]}}