{"id":3442,"date":"2023-01-24T13:18:51","date_gmt":"2023-01-24T13:18:51","guid":{"rendered":"https:\/\/www.acis-complex.hu\/?page_id=3442"},"modified":"2023-03-02T15:29:01","modified_gmt":"2023-03-02T15:29:01","slug":"szechenyi-2020","status":"publish","type":"page","link":"https:\/\/www.acis-complex.hu\/de\/szechenyi-2020\/","title":{"rendered":"Sz\u00e9chenyi 2020"},"content":{"rendered":"<div data-elementor-type=\"wp-post\" data-elementor-id=\"3442\" class=\"elementor elementor-3442\">\n\t\t\t\t\t\t<section class=\"elementor-section elementor-top-section elementor-element elementor-element-c8367c4 elementor-reverse-tablet elementor-reverse-mobile elementor-section-boxed elementor-section-height-default elementor-section-height-default\" data-id=\"c8367c4\" data-element_type=\"section\" data-e-type=\"section\">\n\t\t\t\t\t\t<div class=\"elementor-container elementor-column-gap-no\">\n\t\t\t\t\t<div class=\"aux-parallax-section elementor-column elementor-col-100 elementor-top-column elementor-element elementor-element-fb8d7fa\" data-id=\"fb8d7fa\" data-element_type=\"column\" data-e-type=\"column\">\n\t\t\t<div class=\"elementor-widget-wrap elementor-element-populated\">\n\t\t\t\t\t\t<div class=\"elementor-element elementor-element-74978ee elementor-widget elementor-widget-aux_modern_heading\" data-id=\"74978ee\" data-element_type=\"widget\" data-e-type=\"widget\" data-widget_type=\"aux_modern_heading.default\">\n\t\t\t\t<div class=\"elementor-widget-container\">\n\t\t\t\t\t<section class=\"aux-widget-modern-heading\">\n            <div class=\"aux-widget-inner\"><h2 class=\"aux-modern-heading-primary\">Sz\u00e9chenyi 2020 - Befektet\u00e9s a j\u00f6v\u0151be<\/h2><\/div>\n        <\/section>\t\t\t\t<\/div>\n\t\t\t\t<\/div>\n\t\t\t\t<div class=\"elementor-element elementor-element-08f49fb elementor-widget elementor-widget-aux_modern_heading\" data-id=\"08f49fb\" data-element_type=\"widget\" data-e-type=\"widget\" data-widget_type=\"aux_modern_heading.default\">\n\t\t\t\t<div class=\"elementor-widget-container\">\n\t\t\t\t\t<section class=\"aux-widget-modern-heading\">\n            <div class=\"aux-widget-inner\"><h2 class=\"aux-modern-heading-primary\">A projekt c\u00edme<\/h2><div class=\"aux-modern-heading-description\"><p>L\u00e9zer technol\u00f3gia \u00e9s digit\u00e1lis projektmenedzsment t\u00e1mogat\u00e1s bevezet\u00e9s\u00e9vel \u00e9p\u00fcletg\u00e9p\u00e9szeti ter\u00fcleten a tervez\u00e9si \u00e9s a projektir\u00e1ny\u00edt\u00e1si tev\u00e9kenys\u00e9gek meg\u00faj\u00edt\u00e1sa.<\/p><\/div><\/div>\n        <\/section>\t\t\t\t<\/div>\n\t\t\t\t<\/div>\n\t\t\t\t<div class=\"elementor-element elementor-element-9f733c1 elementor-widget elementor-widget-aux_modern_heading\" data-id=\"9f733c1\" data-element_type=\"widget\" data-e-type=\"widget\" data-widget_type=\"aux_modern_heading.default\">\n\t\t\t\t<div class=\"elementor-widget-container\">\n\t\t\t\t\t<section class=\"aux-widget-modern-heading\">\n            <div class=\"aux-widget-inner\"><h2 class=\"aux-modern-heading-primary\">Kedvezm\u00e9nyezett neve<\/h2><div class=\"aux-modern-heading-description\"><p>ACIS COMPLEX Tervez\u0151 \u00e9s Szerel\u0151 Kft.<\/p><\/div><\/div>\n        <\/section>\t\t\t\t<\/div>\n\t\t\t\t<\/div>\n\t\t\t\t<div class=\"elementor-element elementor-element-1183ddf elementor-widget elementor-widget-aux_modern_heading\" data-id=\"1183ddf\" data-element_type=\"widget\" data-e-type=\"widget\" data-widget_type=\"aux_modern_heading.default\">\n\t\t\t\t<div class=\"elementor-widget-container\">\n\t\t\t\t\t<section class=\"aux-widget-modern-heading\">\n            <div class=\"aux-widget-inner\"><h2 class=\"aux-modern-heading-primary\">A szerz\u0151d\u00f6tt t\u00e1mogat\u00e1s \u00f6sszege<\/h2><div class=\"aux-modern-heading-description\"><p>18 552 380 Ft, felt\u00e9teles vissza nem t\u00e9r\u00edtend\u0151.<\/p><\/div><\/div>\n        <\/section>\t\t\t\t<\/div>\n\t\t\t\t<\/div>\n\t\t\t\t<div class=\"elementor-element elementor-element-f29effc elementor-widget elementor-widget-aux_modern_heading\" data-id=\"f29effc\" data-element_type=\"widget\" data-e-type=\"widget\" data-widget_type=\"aux_modern_heading.default\">\n\t\t\t\t<div class=\"elementor-widget-container\">\n\t\t\t\t\t<section class=\"aux-widget-modern-heading\">\n            <div class=\"aux-widget-inner\"><h2 class=\"aux-modern-heading-primary\">T\u00e1mogat\u00e1s m\u00e9rt\u00e9ke<\/h2><div class=\"aux-modern-heading-description\"><p>70%<\/p><\/div><\/div>\n        <\/section>\t\t\t\t<\/div>\n\t\t\t\t<\/div>\n\t\t\t\t<div class=\"elementor-element elementor-element-b4de75b elementor-widget elementor-widget-aux_modern_heading\" data-id=\"b4de75b\" data-element_type=\"widget\" data-e-type=\"widget\" data-widget_type=\"aux_modern_heading.default\">\n\t\t\t\t<div class=\"elementor-widget-container\">\n\t\t\t\t\t<section class=\"aux-widget-modern-heading\">\n            <div class=\"aux-widget-inner\"><h2 class=\"aux-modern-heading-primary\">A projekt tanulm\u00e1ny\u00e1nak bemutat\u00e1sa<\/h2><div class=\"aux-modern-heading-description\"><p>A projekt sor\u00e1n egy 3D-s szkenner \u00e9s egy projektkoordin\u00e1ci\u00f3s \u00e9s dokumentumkezel\u0151 szoftver beszerz\u00e9s\u00e9re ker\u00fcl sor.<\/p><p>Ezzel a k\u00e9t beszerz\u00e9ssel az a v\u00e1llalkoz\u00e1s c\u00e9lja, hogy a tervez\u00e9st \u00e9s a kivitelez\u00e9st mag\u00e1ba foglal\u00f3 teljes tev\u00e9kenys\u00e9gi folyamat hat\u00e9konys\u00e1ga n\u0151j\u00f6n, magas sz\u00ednvonal\u00fa eszk\u00f6z\u00f6k be\u00e1ll\u00edt\u00e1s\u00e1val technol\u00f3giai meg\u00fajul\u00e1s k\u00f6vetkezzen be, tov\u00e1bb\u00e1 a k\u00f6lts\u00e9gek \u00e9s vesztes\u00e9gek cs\u00f6kken\u00e9s\u00e9vel javuljon a j\u00f6vedelmez\u0151s\u00e9g.<\/p><\/div><\/div>\n        <\/section>\t\t\t\t<\/div>\n\t\t\t\t<\/div>\n\t\t\t\t<div class=\"elementor-element elementor-element-a7ead5b elementor-widget elementor-widget-aux_modern_heading\" data-id=\"a7ead5b\" data-element_type=\"widget\" data-e-type=\"widget\" data-widget_type=\"aux_modern_heading.default\">\n\t\t\t\t<div class=\"elementor-widget-container\">\n\t\t\t\t\t<section class=\"aux-widget-modern-heading\">\n            <div class=\"aux-widget-inner\"><h2 class=\"aux-modern-heading-primary\">Projektelemek<\/h2><div class=\"aux-modern-heading-description\"><p>FARO Focus Plus 150 t\u00edpus\u00fa l\u00e9zer t\u00e9rszkenner m\u00e9r\u0151rendszer DOX projekt- \u00e9s dokumentumkezel\u0151 szoftverrendszer.<\/p><\/div><\/div>\n        <\/section>\t\t\t\t<\/div>\n\t\t\t\t<\/div>\n\t\t\t\t<div class=\"elementor-element elementor-element-eee7d76 elementor-widget elementor-widget-aux_modern_heading\" data-id=\"eee7d76\" data-element_type=\"widget\" data-e-type=\"widget\" data-widget_type=\"aux_modern_heading.default\">\n\t\t\t\t<div class=\"elementor-widget-container\">\n\t\t\t\t\t<section class=\"aux-widget-modern-heading\">\n            <div class=\"aux-widget-inner\"><h2 class=\"aux-modern-heading-primary\">A projekt t\u00e9nyleges befejez\u00e9si d\u00e1tuma<\/h2><div class=\"aux-modern-heading-description\"><p>2021. okt\u00f3ber 20.<\/p><\/div><\/div>\n        <\/section>\t\t\t\t<\/div>\n\t\t\t\t<\/div>\n\t\t\t\t<div class=\"elementor-element elementor-element-0be2a57 elementor-widget elementor-widget-aux_modern_heading\" data-id=\"0be2a57\" data-element_type=\"widget\" data-e-type=\"widget\" data-widget_type=\"aux_modern_heading.default\">\n\t\t\t\t<div class=\"elementor-widget-container\">\n\t\t\t\t\t<section class=\"aux-widget-modern-heading\">\n            <div class=\"aux-widget-inner\"><h2 class=\"aux-modern-heading-primary\">Projekt azonos\u00edt\u00f3 sz\u00e1ma<\/h2><div class=\"aux-modern-heading-description\"><p>VEKOP-1.2.6-202-2020-00423 e.<\/p><\/div><\/div>\n        <\/section>\t\t\t\t<\/div>\n\t\t\t\t<\/div>\n\t\t\t\t<div class=\"elementor-element elementor-element-6cfd9ed elementor-widget elementor-widget-aux_image\" data-id=\"6cfd9ed\" data-element_type=\"widget\" data-e-type=\"widget\" data-widget_type=\"aux_image.default\">\n\t\t\t\t<div class=\"elementor-widget-container\">\n\t\t\t\t\t<section class=\"widget-container aux-widget-image aux-alignnone aux-parent-au2ed2e9fc\">\n    <div class=\"aux-media-hint-frame\">\n        <div class=\"aux-media-image\" >\n        \n            \n\n            \n            <img fetchpriority=\"high\" decoding=\"async\" width=\"721\" height=\"514\" src=\"https:\/\/www.acis-complex.hu\/wp-content\/uploads\/2023\/01\/Szechenyi2020_01.png\" class=\"aux-attachment aux-featured-image aux-attachment-id-3433\" alt=\"Szechenyi2020_01\" data-ratio=\"1.4\" data-original-w=\"721\" \/>            \n                <\/div>\n    <\/div>\n\n<\/section><!-- widget-container -->\t\t\t\t<\/div>\n\t\t\t\t<\/div>\n\t\t\t\t\t<\/div>\n\t\t<\/div>\n\t\t\t\t\t<\/div>\n\t\t<\/section>\n\t\t\t\t<\/div>","protected":false},"excerpt":{"rendered":"<p>Sz\u00e9chenyi 2020 &#8211; Befektet\u00e9s a j\u00f6v\u0151be A projekt c\u00edme L\u00e9zer technol\u00f3gia \u00e9s digit\u00e1lis projektmenedzsment t\u00e1mogat\u00e1s bevezet\u00e9s\u00e9vel \u00e9p\u00fcletg\u00e9p\u00e9szeti ter\u00fcleten a tervez\u00e9si \u00e9s a projektir\u00e1ny\u00edt\u00e1si tev\u00e9kenys\u00e9gek meg\u00faj\u00edt\u00e1sa. Kedvezm\u00e9nyezett neve ACIS COMPLEX Tervez\u0151 \u00e9s Szerel\u0151 Kft. A szerz\u0151d\u00f6tt t\u00e1mogat\u00e1s \u00f6sszege 18 552 380 Ft, felt\u00e9teles vissza nem t\u00e9r\u00edtend\u0151. T\u00e1mogat\u00e1s m\u00e9rt\u00e9ke 70% A projekt tanulm\u00e1ny\u00e1nak bemutat\u00e1sa A projekt sor\u00e1n [&hellip;]<\/p>\n","protected":false},"author":2,"featured_media":0,"parent":0,"menu_order":0,"comment_status":"closed","ping_status":"closed","template":"","meta":{"_monsterinsights_skip_tracking":false,"_monsterinsights_sitenote_active":false,"_monsterinsights_sitenote_note":"","_monsterinsights_sitenote_category":0,"footnotes":""},"class_list":["post-3442","page","type-page","status-publish","hentry"],"_links":{"self":[{"href":"https:\/\/www.acis-complex.hu\/de\/wp-json\/wp\/v2\/pages\/3442","targetHints":{"allow":["GET"]}}],"collection":[{"href":"https:\/\/www.acis-complex.hu\/de\/wp-json\/wp\/v2\/pages"}],"about":[{"href":"https:\/\/www.acis-complex.hu\/de\/wp-json\/wp\/v2\/types\/page"}],"author":[{"embeddable":true,"href":"https:\/\/www.acis-complex.hu\/de\/wp-json\/wp\/v2\/users\/2"}],"replies":[{"embeddable":true,"href":"https:\/\/www.acis-complex.hu\/de\/wp-json\/wp\/v2\/comments?post=3442"}],"version-history":[{"count":16,"href":"https:\/\/www.acis-complex.hu\/de\/wp-json\/wp\/v2\/pages\/3442\/revisions"}],"predecessor-version":[{"id":4478,"href":"https:\/\/www.acis-complex.hu\/de\/wp-json\/wp\/v2\/pages\/3442\/revisions\/4478"}],"wp:attachment":[{"href":"https:\/\/www.acis-complex.hu\/de\/wp-json\/wp\/v2\/media?parent=3442"}],"curies":[{"name":"wp","href":"https:\/\/api.w.org\/{rel}","templated":true}]}}