{"id":516,"date":"2022-12-07T17:40:37","date_gmt":"2022-12-07T17:40:37","guid":{"rendered":"https:\/\/www.acis-complex.hu\/?page_id=516"},"modified":"2023-01-17T20:26:21","modified_gmt":"2023-01-17T20:26:21","slug":"vizkoddel-olto-rendszerek-2","status":"publish","type":"page","link":"https:\/\/www.acis-complex.hu\/de\/szakteruleteink\/vizkoddel-olto-rendszerek-2\/","title":{"rendered":"Wassernebel-L\u00f6schanlagen"},"content":{"rendered":"<div data-elementor-type=\"wp-post\" data-elementor-id=\"516\" class=\"elementor elementor-516\">\n\t\t\t\t\t\t<div class=\"elementor-inner\">\n\t\t\t\t<div class=\"elementor-section-wrap\">\n\t\t\t\t\t\t\t\t\t<section class=\"elementor-section elementor-top-section elementor-element elementor-element-72dc777 elementor-reverse-tablet elementor-reverse-mobile elementor-section-boxed elementor-section-height-default elementor-section-height-default\" data-id=\"72dc777\" data-element_type=\"section\">\n\t\t\t\t\t\t<div class=\"elementor-container elementor-column-gap-no\">\n\t\t\t\t\t\t\t<div class=\"elementor-row\">\n\t\t\t\t\t<div class=\"aux-parallax-section elementor-column elementor-col-100 elementor-top-column elementor-element elementor-element-420852e\" data-id=\"420852e\" data-element_type=\"column\">\n\t\t\t<div class=\"elementor-column-wrap elementor-element-populated\">\n\t\t\t\t\t\t\t<div class=\"elementor-widget-wrap\">\n\t\t\t\t\t\t<div class=\"elementor-element elementor-element-b41115b elementor-widget elementor-widget-aux_modern_heading\" data-id=\"b41115b\" data-element_type=\"widget\" data-widget_type=\"aux_modern_heading.default\">\n\t\t\t\t<div class=\"elementor-widget-container\">\n\t\t\t<section class=\"aux-widget-modern-heading\">\n            <div class=\"aux-widget-inner\"><h2 class=\"aux-modern-heading-primary\">Wassernebel-L\u00f6schanlagen<\/h2><\/div>\n        <\/section>\t\t<\/div>\n\t\t\t\t<\/div>\n\t\t\t\t\t\t<\/div>\n\t\t\t\t\t<\/div>\n\t\t<\/div>\n\t\t\t\t\t\t\t\t<\/div>\n\t\t\t\t\t<\/div>\n\t\t<\/section>\n\t\t\t\t<section class=\"elementor-section elementor-top-section elementor-element elementor-element-c8367c4 elementor-reverse-tablet elementor-reverse-mobile elementor-section-boxed elementor-section-height-default elementor-section-height-default\" data-id=\"c8367c4\" data-element_type=\"section\">\n\t\t\t\t\t\t<div class=\"elementor-container elementor-column-gap-no\">\n\t\t\t\t\t\t\t<div class=\"elementor-row\">\n\t\t\t\t\t<div class=\"aux-parallax-section elementor-column elementor-col-100 elementor-top-column elementor-element elementor-element-fb8d7fa\" data-id=\"fb8d7fa\" data-element_type=\"column\">\n\t\t\t<div class=\"elementor-column-wrap elementor-element-populated\">\n\t\t\t\t\t\t\t<div class=\"elementor-widget-wrap\">\n\t\t\t\t\t\t<div class=\"elementor-element elementor-element-f8f9325 elementor-widget elementor-widget-aux_image\" data-id=\"f8f9325\" data-element_type=\"widget\" data-widget_type=\"aux_image.default\">\n\t\t\t\t<div class=\"elementor-widget-container\">\n\t\t\t<section class=\"widget-container aux-widget-image aux-alignnone aux-parent-au0b4381f0\">\n    <div class=\"aux-media-hint-frame\">\n        <div class=\"aux-media-image\" >\n        \n            \n\n            \n            <img loading=\"lazy\" decoding=\"async\" width=\"1600\" height=\"576\" src=\"https:\/\/www.acis-complex.hu\/wp-content\/uploads\/2022\/12\/vizkoddelOlto_header.jpg\" class=\"aux-attachment aux-featured-image aux-attachment-id-1095\" alt=\"vizkoddelOlto_header\" data-ratio=\"2.78\" data-original-w=\"1600\" \/>            \n                <\/div>\n    <\/div>\n\n<\/section><!-- widget-container -->\t\t<\/div>\n\t\t\t\t<\/div>\n\t\t\t\t<div class=\"elementor-element elementor-element-3024a19 elementor-widget elementor-widget-aux_modern_heading\" data-id=\"3024a19\" data-element_type=\"widget\" data-widget_type=\"aux_modern_heading.default\">\n\t\t\t\t<div class=\"elementor-widget-container\">\n\t\t\t<section class=\"aux-widget-modern-heading\">\n            <div class=\"aux-widget-inner\"><h2 class=\"aux-modern-heading-primary\"><\/h2><div class=\"aux-modern-heading-description\"><p>Unsere Firma ist Vertreter und Ausf\u00fchrungsunternehmen von FOGTEC Wassernebel-L\u00f6schsystemen in Ungarn. Wir waren an einer Reihe von Hoch- und Tiefbauprojekten zur Brandbek\u00e4mpfung mit Wassernebel beteiligt, von denen der im Eurotunnel zwischen England und Frankreich errichtete Tunnelschutz, das Nationalarchiv in Paris und das Superkrankenhaus in Aarhus, D\u00e4nemark besonders hervorragend sind. In Ungarn wird das Wassernebel-L\u00f6schsystem von FOGTEC bei den Bau- \/ Sanierungsarbeiten der U-Bahn-Linien M2, M3 und M4 von uns installiert, um m\u00f6gliche Br\u00e4nde zu bek\u00e4mpfen.<br \/><br \/>Der FOGTECH-Wassernebel bek\u00e4mpft Br\u00e4nde mit den kleinsten Wassertropfen. Der zerst\u00e4ubte Wassernebel \u00fcbt seine Wirkungen \u00fcber mehrere physischen Effekte aus; das vernebelte und deswegen leicht verdampfende Wasser verdr\u00e4ngt den Sauerstoff aus dem Umfeld des Brandes, dar\u00fcber hinaus setzen sich eine W\u00e4rmeentzugswirkung und ein Abschirmeffekt gegen Hitzestrahlung durch, die den Menschen erm\u00f6glichen, die Eingriffe w\u00e4hrend der L\u00f6schung im gesch\u00fctzten Raum durchzuf\u00fchren. Die Wassernebel-L\u00f6schsysteme ben\u00f6tigen \u00e4u\u00dferst geringe Wassermengen, was bedeutet, dass die Systemelemente - einschlie\u00dflich auch der Rohrleitungen und der Pumpen \u2013 insgesamt eine sehr kleine Baugr\u00f6\u00dfe aufweisen.<\/p><\/div><\/div>\n        <\/section>\t\t<\/div>\n\t\t\t\t<\/div>\n\t\t\t\t<div class=\"elementor-element elementor-element-31f6e01 elementor-widget elementor-widget-aux_modern_heading\" data-id=\"31f6e01\" data-element_type=\"widget\" data-widget_type=\"aux_modern_heading.default\">\n\t\t\t\t<div class=\"elementor-widget-container\">\n\t\t\t<section class=\"aux-widget-modern-heading\">\n            <div class=\"aux-widget-inner\"><h2 class=\"aux-modern-heading-primary\">K\u00fchleffekt<\/h2><div class=\"aux-modern-heading-description\"><p>Die vernebelten Wassertropfen bedecken das Feuer und die brennende Oberfl\u00e4che wie eine dichte Wolke. Aufgrund ihrer geringen Gr\u00f6\u00dfe ist die Reaktionsoberfl\u00e4che der Wassertr\u00f6pfchen um ein Vielfaches gr\u00f6\u00dfer als die von herk\u00f6mmlichen Niederdrucksystemen erzeugten gro\u00dfen Tropfen. Da die Umgebungsw\u00e4rme durch die Verdampfung vom Wasser entzogen wird, erh\u00f6ht die bedeutend vergr\u00f6\u00dferte Reaktionsoberfl\u00e4che die Effizienz der L\u00f6schung mit Hochdruck-Wassernebel um ein Vielfaches im Vergleich zu herk\u00f6mmlichen Systemen.<\/p><\/div><\/div>\n        <\/section>\t\t<\/div>\n\t\t\t\t<\/div>\n\t\t\t\t<div class=\"elementor-element elementor-element-7fcc35c elementor-widget elementor-widget-aux_modern_heading\" data-id=\"7fcc35c\" data-element_type=\"widget\" data-widget_type=\"aux_modern_heading.default\">\n\t\t\t\t<div class=\"elementor-widget-container\">\n\t\t\t<section class=\"aux-widget-modern-heading\">\n            <div class=\"aux-widget-inner\"><h2 class=\"aux-modern-heading-primary\">Sauerstoffverdr\u00e4ngungseffekt<\/h2><div class=\"aux-modern-heading-description\"><p>Bevor die Wassertr\u00f6pfchen sich zu Dampf erhitzen, reduzieren sie den Anteil des vorhandenen Sauerstoffs um ihren Volumenanteil. Die erhitzenden Wassertr\u00f6pfchen verwandeln sich in Dampf, w\u00e4hrend ihr Volumen sich um mehr als das 1600-fache erh\u00f6ht. Durch diese betr\u00e4chtliche Zunahme des Volumens reduziert sich der Sauerstoffgehalt der Luft in der Umgebung des Feuers um 3 bis 4 %, was ein erhebliches Hindernis hinsichtlich der Entwicklung des Feuers darstellt, aber f\u00fcr den menschlichen K\u00f6rper noch ertr\u00e4glich ist.<\/p><\/div><\/div>\n        <\/section>\t\t<\/div>\n\t\t\t\t<\/div>\n\t\t\t\t<div class=\"elementor-element elementor-element-b765c04 elementor-widget elementor-widget-aux_modern_heading\" data-id=\"b765c04\" data-element_type=\"widget\" data-widget_type=\"aux_modern_heading.default\">\n\t\t\t\t<div class=\"elementor-widget-container\">\n\t\t\t<section class=\"aux-widget-modern-heading\">\n            <div class=\"aux-widget-inner\"><h2 class=\"aux-modern-heading-primary\">Rauchgas-Absorption<\/h2><div class=\"aux-modern-heading-description\"><p>Die Absorption der Rauchgase ist keine direkte L\u00f6schwirkung, stellt jedoch einen wichtigen Vorteil der L\u00f6schung (Brandbek\u00e4mpfung) mit Wassernebel dar. Die feinen Wassertr\u00f6pfchen, die f\u00fcr kurze Zeit in der Luft schweben, k\u00f6nnen einen Teil der Rauchgase und der Ru\u00dfpartikel physikalisch und chemisch aufl\u00f6sen und absorbieren, was die Sichtbarkeit w\u00e4hrend der Flucht und der Brandbek\u00e4mpfung erheblich erleichtert.<\/p><\/div><\/div>\n        <\/section>\t\t<\/div>\n\t\t\t\t<\/div>\n\t\t\t\t<div class=\"elementor-element elementor-element-27a652e elementor-widget elementor-widget-aux_modern_heading\" data-id=\"27a652e\" data-element_type=\"widget\" data-widget_type=\"aux_modern_heading.default\">\n\t\t\t\t<div class=\"elementor-widget-container\">\n\t\t\t<section class=\"aux-widget-modern-heading\">\n            <div class=\"aux-widget-inner\"><h2 class=\"aux-modern-heading-primary\">Vorteile von Hochdruckwassernebel-Systemen:<\/h2><div class=\"aux-modern-heading-description\"><p>\u2022 Umweltfreundlich und nachhaltig, <br \/>\u2022 bedeutet keine Gefahr f\u00fcr Menschen, <br \/>\u2022 die Brandbek\u00e4mpfung kann sofort begonnen werden, es gibt keine Verz\u00f6gerung der Flucht wie bei einigen, unter Verwendung vom Gas durchgef\u00fchrten L\u00f6schungen, <br \/>\u2022 bessere K\u00fchlwirkung, <br \/>\u2022 bessere Abschottung gegen Hitzestrahlung, <br \/>\u2022 als Nebenprodukte der L\u00f6schmittel entstehen keine \u00e4tzenden (korrosiven) Stoffe, <br \/>\u2022 geringere Wassersch\u00e4den, <br \/>\u2022 minimaler Platzbedarf, <br \/>\u2022 es gibt keine Probleme mit hydraulischem Druckverlust in gr\u00f6\u00dferen H\u00f6hen und \u00fcber gr\u00f6\u00dfere Entfernungen.<\/p><\/div><\/div>\n        <\/section>\t\t<\/div>\n\t\t\t\t<\/div>\n\t\t\t\t<div class=\"elementor-element elementor-element-09bbe30 elementor-widget elementor-widget-aux_modern_heading\" data-id=\"09bbe30\" data-element_type=\"widget\" data-widget_type=\"aux_modern_heading.default\">\n\t\t\t\t<div class=\"elementor-widget-container\">\n\t\t\t<section class=\"aux-widget-modern-heading\">\n            <div class=\"aux-widget-inner\"><h2 class=\"aux-modern-heading-primary\">Die Anwendungsbereiche von Wassernebel-L\u00f6schsystemen sind besonders vielf\u00e4ltig:<\/h2><div class=\"aux-modern-heading-description\"><p>\u2022 Stra\u00dfen- und Eisenbahntunnels, <br \/>\u2022 Stationen, Rolltreppen und Kabelr\u00e4ume von Metros (U-Bahnen), <br \/>\u2022 Autobahnabschnitten unter den St\u00e4dten, <br \/>\u2022 Hydraulikpressen, Probe-\/Testr\u00e4ume f\u00fcr Fahrzeugmotoren, Dieselaggregate, Gasturbinen, <br \/>\u2022 automatische Fertigungslinien, Montagelinien, <br \/>\u2022 Kabeltunnels, Kabelkan\u00e4le, Telekommunikationst\u00fcrme im geschlossenen Raum, <br \/>\u2022 gro\u00dfe Gemeinschaftsr\u00e4ume, Hotels, B\u00fcros, Archive, Bibliotheken, R\u00e4ume von musealem Wert, <br \/>\u00d6fen f\u00fcr die Lebensmittelindustrie, Gro\u00dfk\u00fcchen.<\/p><\/div><\/div>\n        <\/section>\t\t<\/div>\n\t\t\t\t<\/div>\n\t\t\t\t\t\t<\/div>\n\t\t\t\t\t<\/div>\n\t\t<\/div>\n\t\t\t\t\t\t\t\t<\/div>\n\t\t\t\t\t<\/div>\n\t\t<\/section>\n\t\t\t\t<section class=\"elementor-section elementor-top-section elementor-element elementor-element-62887f6 elementor-reverse-tablet elementor-reverse-mobile elementor-section-boxed elementor-section-height-default elementor-section-height-default\" data-id=\"62887f6\" data-element_type=\"section\">\n\t\t\t\t\t\t<div class=\"elementor-container elementor-column-gap-no\">\n\t\t\t\t\t\t\t<div class=\"elementor-row\">\n\t\t\t\t\t<div class=\"aux-parallax-section elementor-column elementor-col-50 elementor-top-column elementor-element elementor-element-79f9cd0\" data-id=\"79f9cd0\" data-element_type=\"column\">\n\t\t\t<div class=\"elementor-column-wrap elementor-element-populated\">\n\t\t\t\t\t\t\t<div class=\"elementor-widget-wrap\">\n\t\t\t\t\t\t<div class=\"elementor-element elementor-element-0c67d6a elementor-widget elementor-widget-aux_button\" data-id=\"0c67d6a\" data-element_type=\"widget\" data-widget_type=\"aux_button.default\">\n\t\t\t\t<div class=\"elementor-widget-container\">\n\t\t\t<span class=\"aux-lightbox-video\"><a  href=\"https:\/\/www.youtube.com\/watch?v=2Z0YYIUvSM4\" target=\"_self\"   data-type=\"video\" class=\"aux-button aux-medium aux-mikado-yellow aux-none aux-uppercase aux-open-video\" ><span class=\"aux-overlay\"><\/span><span class=\"aux-text\"><\/span><i aria-hidden=\"true\" class=\"aux-icon fas fa-play\"><\/i><\/a><\/span>\t\t<\/div>\n\t\t\t\t<\/div>\n\t\t\t\t<div class=\"elementor-element elementor-element-c556f51 elementor-widget elementor-widget-aux_image\" data-id=\"c556f51\" data-element_type=\"widget\" data-widget_type=\"aux_image.default\">\n\t\t\t\t<div class=\"elementor-widget-container\">\n\t\t\t<section class=\"widget-container aux-widget-image aux-alignnone aux-parent-au83a4c2b9\">\n    <div class=\"aux-media-hint-frame\">\n        <div class=\"aux-media-image\" >\n        \n            \n\n            \n            <img loading=\"lazy\" decoding=\"async\" width=\"768\" height=\"576\" src=\"https:\/\/www.acis-complex.hu\/wp-content\/uploads\/2022\/12\/vizkoddelOlto_pic01-1.jpg\" class=\"aux-attachment aux-featured-image aux-attachment-id-1186\" alt=\"vizkoddelOlto_pic01\" data-ratio=\"1.33\" data-original-w=\"768\" \/>            \n                <\/div>\n    <\/div>\n\n<\/section><!-- widget-container -->\t\t<\/div>\n\t\t\t\t<\/div>\n\t\t\t\t\t\t<\/div>\n\t\t\t\t\t<\/div>\n\t\t<\/div>\n\t\t\t\t<div class=\"aux-parallax-section elementor-column elementor-col-50 elementor-top-column elementor-element elementor-element-58988c1\" data-id=\"58988c1\" data-element_type=\"column\">\n\t\t\t<div class=\"elementor-column-wrap elementor-element-populated\">\n\t\t\t\t\t\t\t<div class=\"elementor-widget-wrap\">\n\t\t\t\t\t\t<div class=\"elementor-element elementor-element-9de6054 elementor-widget elementor-widget-aux_image\" data-id=\"9de6054\" data-element_type=\"widget\" data-widget_type=\"aux_image.default\">\n\t\t\t\t<div class=\"elementor-widget-container\">\n\t\t\t<section class=\"widget-container aux-widget-image aux-alignnone aux-parent-aue8da9778\">\n    <div class=\"aux-media-hint-frame\">\n        <div class=\"aux-media-image\" >\n        \n            \n\n            \n            <img loading=\"lazy\" decoding=\"async\" width=\"768\" height=\"576\" src=\"https:\/\/www.acis-complex.hu\/wp-content\/uploads\/2022\/12\/vizkoddelOlto_pic02-1.jpg\" class=\"aux-attachment aux-featured-image aux-attachment-id-1185\" alt=\"vizkoddelOlto_pic02\" data-ratio=\"1.33\" data-original-w=\"768\" \/>            \n                <\/div>\n    <\/div>\n\n<\/section><!-- widget-container -->\t\t<\/div>\n\t\t\t\t<\/div>\n\t\t\t\t\t\t<\/div>\n\t\t\t\t\t<\/div>\n\t\t<\/div>\n\t\t\t\t\t\t\t\t<\/div>\n\t\t\t\t\t<\/div>\n\t\t<\/section>\n\t\t\t\t\t\t\t\t\t<\/div>\n\t\t\t<\/div>\n\t\t\t\t\t<\/div>","protected":false},"excerpt":{"rendered":"<p>V\u00edzk\u00f6ddel olt\u00f3 rendszerek C\u00e9g\u00fcnk a FOGTEC v\u00edzk\u00f6ddel olt\u00f3 rendszerek magyarorsz\u00e1gi k\u00e9pvisel\u0151je, kivitelez\u0151je. Sz\u00e1mos magas\u00e9p\u00edt\u00e9si \u00e9s m\u00e9ly\u00e9p\u00edt\u00e9si v\u00edzk\u00f6ddel olt\u00f3 projektben vett\u00fcnk r\u00e9szt, melyek k\u00f6z\u00fcl kiemelkedik az Angli\u00e1t \u00e9s Franciaorsz\u00e1got \u00f6sszek\u00f6t\u0151 Eurotunnelben \u00e9p\u00fclt alag\u00fatv\u00e9delem, a p\u00e1rizsi Nemzeti Lev\u00e9lt\u00e1r, a d\u00e1niai Aarhusban \u00e9p\u00fclt szuperk\u00f3rh\u00e1z. Magyarorsz\u00e1gon mi v\u00e9gezz\u00fck az M2, M3, M4 metr\u00f3 \u00e9p\u00edt\u00e9se \/ rekonstrukci\u00f3ja sor\u00e1n a FOGTEC [&hellip;]<\/p>","protected":false},"author":2,"featured_media":0,"parent":486,"menu_order":0,"comment_status":"closed","ping_status":"closed","template":"","meta":{"footnotes":""},"_links":{"self":[{"href":"https:\/\/www.acis-complex.hu\/de\/wp-json\/wp\/v2\/pages\/516"}],"collection":[{"href":"https:\/\/www.acis-complex.hu\/de\/wp-json\/wp\/v2\/pages"}],"about":[{"href":"https:\/\/www.acis-complex.hu\/de\/wp-json\/wp\/v2\/types\/page"}],"author":[{"embeddable":true,"href":"https:\/\/www.acis-complex.hu\/de\/wp-json\/wp\/v2\/users\/2"}],"replies":[{"embeddable":true,"href":"https:\/\/www.acis-complex.hu\/de\/wp-json\/wp\/v2\/comments?post=516"}],"version-history":[{"count":0,"href":"https:\/\/www.acis-complex.hu\/de\/wp-json\/wp\/v2\/pages\/516\/revisions"}],"up":[{"embeddable":true,"href":"https:\/\/www.acis-complex.hu\/de\/wp-json\/wp\/v2\/pages\/486"}],"wp:attachment":[{"href":"https:\/\/www.acis-complex.hu\/de\/wp-json\/wp\/v2\/media?parent=516"}],"curies":[{"name":"wp","href":"https:\/\/api.w.org\/{rel}","templated":true}]}}