{"id":854,"date":"2022-12-08T17:08:57","date_gmt":"2022-12-08T17:08:57","guid":{"rendered":"https:\/\/www.acis-complex.hu\/?page_id=854"},"modified":"2023-01-17T19:01:23","modified_gmt":"2023-01-17T19:01:23","slug":"volta-energy-solutions","status":"publish","type":"page","link":"https:\/\/www.acis-complex.hu\/de\/referenciaink-old\/volta-energy-solutions\/","title":{"rendered":"Volta Energy Solutions"},"content":{"rendered":"<div data-elementor-type=\"wp-post\" data-elementor-id=\"854\" class=\"elementor elementor-854\">\n\t\t\t\t\t\t<div class=\"elementor-inner\">\n\t\t\t\t<div class=\"elementor-section-wrap\">\n\t\t\t\t\t\t\t\t\t<section class=\"elementor-section elementor-top-section elementor-element elementor-element-c8367c4 elementor-reverse-tablet elementor-reverse-mobile elementor-section-boxed elementor-section-height-default elementor-section-height-default\" data-id=\"c8367c4\" data-element_type=\"section\">\n\t\t\t\t\t\t<div class=\"elementor-container elementor-column-gap-no\">\n\t\t\t\t\t\t\t<div class=\"elementor-row\">\n\t\t\t\t\t<div class=\"aux-parallax-section elementor-column elementor-col-100 elementor-top-column elementor-element elementor-element-fb8d7fa\" data-id=\"fb8d7fa\" data-element_type=\"column\">\n\t\t\t<div class=\"elementor-column-wrap elementor-element-populated\">\n\t\t\t\t\t\t\t<div class=\"elementor-widget-wrap\">\n\t\t\t\t\t\t<div class=\"elementor-element elementor-element-f8f9325 elementor-widget elementor-widget-aux_image\" data-id=\"f8f9325\" data-element_type=\"widget\" data-widget_type=\"aux_image.default\">\n\t\t\t\t<div class=\"elementor-widget-container\">\n\t\t\t<section class=\"widget-container aux-widget-image aux-alignnone aux-parent-au1d51b89d\">\n    <div class=\"aux-media-hint-frame\">\n        <div class=\"aux-media-image\" >\n        \n            \n\n            \n            <img loading=\"lazy\" decoding=\"async\" width=\"1600\" height=\"576\" src=\"https:\/\/www.acis-complex.hu\/wp-content\/uploads\/2022\/12\/voltaEnergy_header-1.jpg\" class=\"aux-attachment aux-featured-image aux-attachment-id-1223\" alt=\"voltaEnergy_header\" data-ratio=\"2.78\" data-original-w=\"1600\" \/>            \n                <\/div>\n    <\/div>\n\n<\/section><!-- widget-container -->\t\t<\/div>\n\t\t\t\t<\/div>\n\t\t\t\t<div class=\"elementor-element elementor-element-74978ee elementor-widget elementor-widget-aux_modern_heading\" data-id=\"74978ee\" data-element_type=\"widget\" data-widget_type=\"aux_modern_heading.default\">\n\t\t\t\t<div class=\"elementor-widget-container\">\n\t\t\t<section class=\"aux-widget-modern-heading\">\n            <div class=\"aux-widget-inner\"><h2 class=\"aux-modern-heading-primary\">Fa. Volta Energy Solutions Hungary Battery Foil Factory <\/h2><h3 class=\"aux-modern-heading-secondary\"><span class=\"aux-head-before\">Industrielle technologische Rohrleitungssysteme  \u2022 K\u00f6rnye, Ungarn \u2022 2019 - <\/span><\/h3><\/div>\n        <\/section>\t\t<\/div>\n\t\t\t\t<\/div>\n\t\t\t\t<div class=\"elementor-element elementor-element-08f49fb elementor-widget elementor-widget-aux_modern_heading\" data-id=\"08f49fb\" data-element_type=\"widget\" data-widget_type=\"aux_modern_heading.default\">\n\t\t\t\t<div class=\"elementor-widget-container\">\n\t\t\t<section class=\"aux-widget-modern-heading\">\n            <div class=\"aux-widget-inner\"><h2 class=\"aux-modern-heading-primary\">Investor: Fa. Volta Energy Solutions Kft.  <br>\nAuftraggeber: Fa. SAMSUNG ENGINEERING HUNGARY Ltd.<\/h2><div class=\"aux-modern-heading-description\"><p>Volta Energy Solutions produziert LIB-Kupferfolien mit hoher Gl\u00e4tte, die galvanisch erzeugt werden.<\/p><p>Der Fertigungsprozess beginnt mit der sauren Schmelzung von Kupferschrott, um eine kupferhaltige Elektrolytl\u00f6sung herzustellen. Die Kupferfolie wird durch Galvanisierung mittels rotierender Walzen aus der Elektrolytl\u00f6sung abgeschieden.<\/p><p>Die Erweiterung der Produktionslinien erfolgte in zwei Phasen: In der ersten Phase wurden 8 Linien und in der zweiten Phase 12 Linien errichtet. <br \/>Die Erstellung der Pl\u00e4ne und der Werkstattzeichnungen, die Einholung der erforderlichen Genehmigungen und die Bauarbeiten der gesamten technologischen Rohrleitungen wurden von der Fa. Acis Complex Kft. durchgef\u00fchrt. Die mit der Technologie verbundenen K\u00fchl- und Heizanlagen sowie die Systeme f\u00fcr weiches Wasser, gefiltertes Wasser, verunreinigtes Wasser und Druckluft wurden errichtet. Die K\u00fchlt\u00fcrme - insgesamt 12 St\u00fcck, das W\u00e4rmer\u00fcckgewinnungssystem \u201eRectifier\u201c und das Kesselhaus wurden aufgebaut. <br \/>In zwei Phasen wurden 192 Tanks und mehr als 420 Pumpen installiert und angeschlossen.<\/p><\/div><\/div>\n        <\/section>\t\t<\/div>\n\t\t\t\t<\/div>\n\t\t\t\t\t\t<\/div>\n\t\t\t\t\t<\/div>\n\t\t<\/div>\n\t\t\t\t\t\t\t\t<\/div>\n\t\t\t\t\t<\/div>\n\t\t<\/section>\n\t\t\t\t<section class=\"elementor-section elementor-top-section elementor-element elementor-element-62887f6 elementor-reverse-tablet elementor-reverse-mobile elementor-section-boxed elementor-section-height-default elementor-section-height-default\" data-id=\"62887f6\" data-element_type=\"section\">\n\t\t\t\t\t\t<div class=\"elementor-container elementor-column-gap-no\">\n\t\t\t\t\t\t\t<div class=\"elementor-row\">\n\t\t\t\t\t<div class=\"aux-parallax-section elementor-column elementor-col-50 elementor-top-column elementor-element elementor-element-79f9cd0\" data-id=\"79f9cd0\" data-element_type=\"column\">\n\t\t\t<div class=\"elementor-column-wrap elementor-element-populated\">\n\t\t\t\t\t\t\t<div class=\"elementor-widget-wrap\">\n\t\t\t\t\t\t<div class=\"elementor-element elementor-element-1968d6c elementor-widget elementor-widget-aux_image\" data-id=\"1968d6c\" data-element_type=\"widget\" data-widget_type=\"aux_image.default\">\n\t\t\t\t<div class=\"elementor-widget-container\">\n\t\t\t<section class=\"widget-container aux-widget-image aux-alignnone aux-parent-au5a04bf03\">\n    <div class=\"aux-media-hint-frame\">\n        <div class=\"aux-media-image\" >\n        \n            \n\n            \n            <img loading=\"lazy\" decoding=\"async\" width=\"768\" height=\"576\" src=\"https:\/\/www.acis-complex.hu\/wp-content\/uploads\/2022\/12\/voltaEnergy_pic01-1.jpg\" class=\"aux-attachment aux-featured-image aux-attachment-id-1222\" alt=\"voltaEnergy_pic01\" data-ratio=\"1.33\" data-original-w=\"768\" \/>            \n                <\/div>\n    <\/div>\n\n<\/section><!-- widget-container -->\t\t<\/div>\n\t\t\t\t<\/div>\n\t\t\t\t\t\t<\/div>\n\t\t\t\t\t<\/div>\n\t\t<\/div>\n\t\t\t\t<div class=\"aux-parallax-section elementor-column elementor-col-50 elementor-top-column elementor-element elementor-element-58988c1\" data-id=\"58988c1\" data-element_type=\"column\">\n\t\t\t<div class=\"elementor-column-wrap elementor-element-populated\">\n\t\t\t\t\t\t\t<div class=\"elementor-widget-wrap\">\n\t\t\t\t\t\t<div class=\"elementor-element elementor-element-cc6b524 elementor-widget elementor-widget-aux_image\" data-id=\"cc6b524\" data-element_type=\"widget\" data-widget_type=\"aux_image.default\">\n\t\t\t\t<div class=\"elementor-widget-container\">\n\t\t\t<section class=\"widget-container aux-widget-image aux-alignnone aux-parent-au7512ebaf\">\n    <div class=\"aux-media-hint-frame\">\n        <div class=\"aux-media-image\" >\n        \n            \n\n            \n            <img loading=\"lazy\" decoding=\"async\" width=\"768\" height=\"576\" src=\"https:\/\/www.acis-complex.hu\/wp-content\/uploads\/2022\/12\/voltaEnergy_pic02-1.jpg\" class=\"aux-attachment aux-featured-image aux-attachment-id-1221\" alt=\"voltaEnergy_pic02\" data-ratio=\"1.33\" data-original-w=\"768\" \/>            \n                <\/div>\n    <\/div>\n\n<\/section><!-- widget-container -->\t\t<\/div>\n\t\t\t\t<\/div>\n\t\t\t\t\t\t<\/div>\n\t\t\t\t\t<\/div>\n\t\t<\/div>\n\t\t\t\t\t\t\t\t<\/div>\n\t\t\t\t\t<\/div>\n\t\t<\/section>\n\t\t\t\t\t\t\t\t\t<\/div>\n\t\t\t<\/div>\n\t\t\t\t\t<\/div>","protected":false},"excerpt":{"rendered":"<p>Volta Energy Solutions Hungary Battery Foil Factory Ipari technol\u00f3giai cs\u0151rendszerek \u2022 K\u00f6rnye, Magyarorsz\u00e1g \u2022 2019 &#8211; Beruh\u00e1z\u00f3: Volta Energy Solutions Kft. Megrendel\u0151: SAMSUNG ENGINEERING HUNGARY Ltd. A Volta Energy Solutions nagy simas\u00e1g\u00fa, galvanikus \u00faton l\u00e9trehozott LIB t\u00edpus\u00fa r\u00e9zf\u00f3lia el\u0151\u00e1ll\u00edt\u00e1s\u00e1t v\u00e9gzi. A gy\u00e1rt\u00e1si folyamat r\u00e9zhullad\u00e9k savas beolvad\u00e1s\u00e1val kezd\u0151dik, r\u00e9ztartalm\u00fa elektrolit oldat l\u00e9trehoz\u00e1sa c\u00e9lj\u00e1b\u00f3l. Az elektrolit oldatb\u00f3l [&hellip;]<\/p>","protected":false},"author":2,"featured_media":0,"parent":345,"menu_order":0,"comment_status":"closed","ping_status":"closed","template":"","meta":{"footnotes":""},"_links":{"self":[{"href":"https:\/\/www.acis-complex.hu\/de\/wp-json\/wp\/v2\/pages\/854"}],"collection":[{"href":"https:\/\/www.acis-complex.hu\/de\/wp-json\/wp\/v2\/pages"}],"about":[{"href":"https:\/\/www.acis-complex.hu\/de\/wp-json\/wp\/v2\/types\/page"}],"author":[{"embeddable":true,"href":"https:\/\/www.acis-complex.hu\/de\/wp-json\/wp\/v2\/users\/2"}],"replies":[{"embeddable":true,"href":"https:\/\/www.acis-complex.hu\/de\/wp-json\/wp\/v2\/comments?post=854"}],"version-history":[{"count":0,"href":"https:\/\/www.acis-complex.hu\/de\/wp-json\/wp\/v2\/pages\/854\/revisions"}],"up":[{"embeddable":true,"href":"https:\/\/www.acis-complex.hu\/de\/wp-json\/wp\/v2\/pages\/345"}],"wp:attachment":[{"href":"https:\/\/www.acis-complex.hu\/de\/wp-json\/wp\/v2\/media?parent=854"}],"curies":[{"name":"wp","href":"https:\/\/api.w.org\/{rel}","templated":true}]}}