{"id":1163,"date":"2022-12-13T14:51:03","date_gmt":"2022-12-13T14:51:03","guid":{"rendered":"https:\/\/www.acis-complex.hu\/?page_id=1163"},"modified":"2023-01-17T19:37:37","modified_gmt":"2023-01-17T19:37:37","slug":"endoszkopos-csobelso-hegesztesi-varratvizsgalat","status":"publish","type":"page","link":"https:\/\/www.acis-complex.hu\/en\/rolunk\/endoszkopos-csobelso-hegesztesi-varratvizsgalat\/","title":{"rendered":"Endoscopic welding seam examination inside the pipe"},"content":{"rendered":"<div data-elementor-type=\"wp-post\" data-elementor-id=\"1163\" class=\"elementor elementor-1163\">\n\t\t\t\t\t\t<div class=\"elementor-inner\">\n\t\t\t\t<div class=\"elementor-section-wrap\">\n\t\t\t\t\t\t\t\t\t<section class=\"elementor-section elementor-top-section elementor-element elementor-element-72dc777 elementor-reverse-tablet elementor-reverse-mobile elementor-section-boxed elementor-section-height-default elementor-section-height-default\" data-id=\"72dc777\" data-element_type=\"section\">\n\t\t\t\t\t\t<div class=\"elementor-container elementor-column-gap-no\">\n\t\t\t\t\t\t\t<div class=\"elementor-row\">\n\t\t\t\t\t<div class=\"aux-parallax-section elementor-column elementor-col-100 elementor-top-column elementor-element elementor-element-420852e\" data-id=\"420852e\" data-element_type=\"column\">\n\t\t\t<div class=\"elementor-column-wrap elementor-element-populated\">\n\t\t\t\t\t\t\t<div class=\"elementor-widget-wrap\">\n\t\t\t\t\t\t<div class=\"elementor-element elementor-element-b41115b elementor-widget elementor-widget-aux_modern_heading\" data-id=\"b41115b\" data-element_type=\"widget\" data-widget_type=\"aux_modern_heading.default\">\n\t\t\t\t<div class=\"elementor-widget-container\">\n\t\t\t<section class=\"aux-widget-modern-heading\">\n            <div class=\"aux-widget-inner\"><h2 class=\"aux-modern-heading-primary\">Endoscopic welding seam examination inside the pipe<\/h2><\/div>\n        <\/section>\t\t<\/div>\n\t\t\t\t<\/div>\n\t\t\t\t\t\t<\/div>\n\t\t\t\t\t<\/div>\n\t\t<\/div>\n\t\t\t\t\t\t\t\t<\/div>\n\t\t\t\t\t<\/div>\n\t\t<\/section>\n\t\t\t\t<section class=\"elementor-section elementor-top-section elementor-element elementor-element-c8367c4 elementor-reverse-tablet elementor-reverse-mobile elementor-section-boxed elementor-section-height-default elementor-section-height-default\" data-id=\"c8367c4\" data-element_type=\"section\">\n\t\t\t\t\t\t<div class=\"elementor-container elementor-column-gap-no\">\n\t\t\t\t\t\t\t<div class=\"elementor-row\">\n\t\t\t\t\t<div class=\"aux-parallax-section elementor-column elementor-col-100 elementor-top-column elementor-element elementor-element-fb8d7fa\" data-id=\"fb8d7fa\" data-element_type=\"column\">\n\t\t\t<div class=\"elementor-column-wrap elementor-element-populated\">\n\t\t\t\t\t\t\t<div class=\"elementor-widget-wrap\">\n\t\t\t\t\t\t<div class=\"elementor-element elementor-element-f8f9325 elementor-widget elementor-widget-aux_image\" data-id=\"f8f9325\" data-element_type=\"widget\" data-widget_type=\"aux_image.default\">\n\t\t\t\t<div class=\"elementor-widget-container\">\n\t\t\t<section class=\"widget-container aux-widget-image aux-alignnone aux-parent-auf40956fa\">\n    <div class=\"aux-media-hint-frame\">\n        <div class=\"aux-media-image\" >\n        \n            \n\n            \n            <img loading=\"lazy\" decoding=\"async\" width=\"1600\" height=\"576\" src=\"https:\/\/www.acis-complex.hu\/wp-content\/uploads\/2022\/12\/varratvizsgalat_main.jpg\" class=\"aux-attachment aux-featured-image aux-attachment-id-1184\" alt=\"varratvizsgalat_main\" data-ratio=\"2.78\" data-original-w=\"1600\" \/>            \n                <\/div>\n    <\/div>\n\n<\/section><!-- widget-container -->\t\t<\/div>\n\t\t\t\t<\/div>\n\t\t\t\t<div class=\"elementor-element elementor-element-31f6e01 elementor-widget elementor-widget-aux_modern_heading\" data-id=\"31f6e01\" data-element_type=\"widget\" data-widget_type=\"aux_modern_heading.default\">\n\t\t\t\t<div class=\"elementor-widget-container\">\n\t\t\t<section class=\"aux-widget-modern-heading\">\n            <div class=\"aux-widget-inner\"><h2 class=\"aux-modern-heading-primary\">With the aid of an endoscope it is possible to visually inspect the internal root side of the pipe welding seam (VT - Visual Testing).<\/h2><div class=\"aux-modern-heading-description\"><p>95-97 % of the seam defects may be seen on the root side of the seam, therefore, they may be filtered out with the aid of VT.<br \/>This is a \"revolutionary\" innovation in the area of traditional (PN16) industrial technological pipe fitting, because it is well known that it replaces the expensive and more time demanding radiographic technology (RT) and it operates significantly cheaper and faster. In the field of industrial technological pipe fitting that we implement on large scale the customer usually requests 2-3 % RT tests, and not more. This means that it purchases a 2-3 % safety.<br \/>Instead of this, with the endoscopic seam inspection the customer may get  95-97 % safety, for a surplus cost that can be hardly recognizable on project level.<br \/>No more has to be done, only a sufficient number of endoscopes and their users have to be included in the system and each previous welding seam has to be examined, this way each seam may be examined and documented in \"chronological\" sequence.<br \/>This paradigm changing was realized by ACIS Complex Kft for the satisfaction of its customers.<\/p><\/div><\/div>\n        <\/section>\t\t<\/div>\n\t\t\t\t<\/div>\n\t\t\t\t\t\t<\/div>\n\t\t\t\t\t<\/div>\n\t\t<\/div>\n\t\t\t\t\t\t\t\t<\/div>\n\t\t\t\t\t<\/div>\n\t\t<\/section>\n\t\t\t\t<section class=\"elementor-section elementor-top-section elementor-element elementor-element-62887f6 elementor-reverse-tablet elementor-reverse-mobile elementor-section-boxed elementor-section-height-default elementor-section-height-default\" data-id=\"62887f6\" data-element_type=\"section\">\n\t\t\t\t\t\t<div class=\"elementor-container elementor-column-gap-no\">\n\t\t\t\t\t\t\t<div class=\"elementor-row\">\n\t\t\t\t\t<div class=\"aux-parallax-section elementor-column elementor-col-50 elementor-top-column elementor-element elementor-element-79f9cd0\" data-id=\"79f9cd0\" data-element_type=\"column\">\n\t\t\t<div class=\"elementor-column-wrap elementor-element-populated\">\n\t\t\t\t\t\t\t<div class=\"elementor-widget-wrap\">\n\t\t\t\t\t\t<div class=\"elementor-element elementor-element-c556f51 elementor-widget elementor-widget-aux_image\" data-id=\"c556f51\" data-element_type=\"widget\" data-widget_type=\"aux_image.default\">\n\t\t\t\t<div class=\"elementor-widget-container\">\n\t\t\t<section class=\"widget-container aux-widget-image aux-alignnone aux-parent-au093229eb\">\n    <div class=\"aux-media-hint-frame\">\n        <div class=\"aux-media-image\" >\n        \n            \n\n            \n            <img loading=\"lazy\" decoding=\"async\" width=\"768\" height=\"576\" src=\"https:\/\/www.acis-complex.hu\/wp-content\/uploads\/2022\/12\/varratvizsgalat_pic01.jpg\" class=\"aux-attachment aux-featured-image aux-attachment-id-1183\" alt=\"varratvizsgalat_pic01\" data-ratio=\"1.33\" data-original-w=\"768\" \/>            \n                <\/div>\n    <\/div>\n\n<\/section><!-- widget-container -->\t\t<\/div>\n\t\t\t\t<\/div>\n\t\t\t\t\t\t<\/div>\n\t\t\t\t\t<\/div>\n\t\t<\/div>\n\t\t\t\t<div class=\"aux-parallax-section elementor-column elementor-col-50 elementor-top-column elementor-element elementor-element-58988c1\" data-id=\"58988c1\" data-element_type=\"column\">\n\t\t\t<div class=\"elementor-column-wrap elementor-element-populated\">\n\t\t\t\t\t\t\t<div class=\"elementor-widget-wrap\">\n\t\t\t\t\t\t<div class=\"elementor-element elementor-element-9de6054 elementor-widget elementor-widget-aux_image\" data-id=\"9de6054\" data-element_type=\"widget\" data-widget_type=\"aux_image.default\">\n\t\t\t\t<div class=\"elementor-widget-container\">\n\t\t\t<section class=\"widget-container aux-widget-image aux-alignnone aux-parent-au48572989\">\n    <div class=\"aux-media-hint-frame\">\n        <div class=\"aux-media-image\" >\n        \n            \n\n            \n            <img loading=\"lazy\" decoding=\"async\" width=\"768\" height=\"576\" src=\"https:\/\/www.acis-complex.hu\/wp-content\/uploads\/2022\/12\/varratvizsgalat_pic02.jpg\" class=\"aux-attachment aux-featured-image aux-attachment-id-1182\" alt=\"varratvizsgalat_pic02\" data-ratio=\"1.33\" data-original-w=\"768\" \/>            \n                <\/div>\n    <\/div>\n\n<\/section><!-- widget-container -->\t\t<\/div>\n\t\t\t\t<\/div>\n\t\t\t\t\t\t<\/div>\n\t\t\t\t\t<\/div>\n\t\t<\/div>\n\t\t\t\t\t\t\t\t<\/div>\n\t\t\t\t\t<\/div>\n\t\t<\/section>\n\t\t\t\t\t\t\t\t\t<\/div>\n\t\t\t<\/div>\n\t\t\t\t\t<\/div>","protected":false},"excerpt":{"rendered":"<p>Endoszk\u00f3pos cs\u0151bels\u0151 hegeszt\u00e9si varratvizsg\u00e1lat Endoszk\u00f3ppal a cs\u0151 hegeszt\u00e9si varrat bels\u0151, gy\u00f6koldala vizu\u00e1lisan ellen\u0151rizhet\u0151 (VT). A varrathib\u00e1k 95-97%-a varrat gy\u00f6koldal\u00e1n l\u00e1that\u00f3, teh\u00e1t VT ellen\u0151rz\u00e9ssel kisz\u0171rhet\u0151.Ez \u201eforradalmi\u201d \u00faj\u00edt\u00e1s a hagyom\u00e1nyos (PN16) ipari technol\u00f3giai cs\u0151szerel\u00e9sben, mert a k\u00f6zismert, de dr\u00e1ga \u00e9s hosszabb idej\u0171 radiogr\u00e1fiai (RT) vizsg\u00e1latot kiv\u00e1ltja l\u00e9nyegesen olcs\u00f3bban, gyorsabban. Az \u00e1ltalunk nagy l\u00e9pt\u00e9kben m\u0171velt ipari technol\u00f3gia cs\u0151szerel\u00e9sben [&hellip;]<\/p>","protected":false},"author":2,"featured_media":0,"parent":346,"menu_order":0,"comment_status":"closed","ping_status":"closed","template":"","meta":{"footnotes":""},"_links":{"self":[{"href":"https:\/\/www.acis-complex.hu\/en\/wp-json\/wp\/v2\/pages\/1163"}],"collection":[{"href":"https:\/\/www.acis-complex.hu\/en\/wp-json\/wp\/v2\/pages"}],"about":[{"href":"https:\/\/www.acis-complex.hu\/en\/wp-json\/wp\/v2\/types\/page"}],"author":[{"embeddable":true,"href":"https:\/\/www.acis-complex.hu\/en\/wp-json\/wp\/v2\/users\/2"}],"replies":[{"embeddable":true,"href":"https:\/\/www.acis-complex.hu\/en\/wp-json\/wp\/v2\/comments?post=1163"}],"version-history":[{"count":0,"href":"https:\/\/www.acis-complex.hu\/en\/wp-json\/wp\/v2\/pages\/1163\/revisions"}],"up":[{"embeddable":true,"href":"https:\/\/www.acis-complex.hu\/en\/wp-json\/wp\/v2\/pages\/346"}],"wp:attachment":[{"href":"https:\/\/www.acis-complex.hu\/en\/wp-json\/wp\/v2\/media?parent=1163"}],"curies":[{"name":"wp","href":"https:\/\/api.w.org\/{rel}","templated":true}]}}