{"id":1168,"date":"2022-12-13T14:52:21","date_gmt":"2022-12-13T14:52:21","guid":{"rendered":"https:\/\/www.acis-complex.hu\/?page_id=1168"},"modified":"2023-01-17T19:38:16","modified_gmt":"2023-01-17T19:38:16","slug":"orbitalis-csohegesztes","status":"publish","type":"page","link":"https:\/\/www.acis-complex.hu\/en\/rolunk\/orbitalis-csohegesztes\/","title":{"rendered":"Orbital pipe welding"},"content":{"rendered":"<div data-elementor-type=\"wp-post\" data-elementor-id=\"1168\" class=\"elementor elementor-1168\">\n\t\t\t\t\t\t<div class=\"elementor-inner\">\n\t\t\t\t<div class=\"elementor-section-wrap\">\n\t\t\t\t\t\t\t\t\t<section class=\"elementor-section elementor-top-section elementor-element elementor-element-72dc777 elementor-reverse-tablet elementor-reverse-mobile elementor-section-boxed elementor-section-height-default elementor-section-height-default\" data-id=\"72dc777\" data-element_type=\"section\">\n\t\t\t\t\t\t<div class=\"elementor-container elementor-column-gap-no\">\n\t\t\t\t\t\t\t<div class=\"elementor-row\">\n\t\t\t\t\t<div class=\"aux-parallax-section elementor-column elementor-col-100 elementor-top-column elementor-element elementor-element-420852e\" data-id=\"420852e\" data-element_type=\"column\">\n\t\t\t<div class=\"elementor-column-wrap elementor-element-populated\">\n\t\t\t\t\t\t\t<div class=\"elementor-widget-wrap\">\n\t\t\t\t\t\t<div class=\"elementor-element elementor-element-b41115b elementor-widget elementor-widget-aux_modern_heading\" data-id=\"b41115b\" data-element_type=\"widget\" data-widget_type=\"aux_modern_heading.default\">\n\t\t\t\t<div class=\"elementor-widget-container\">\n\t\t\t<section class=\"aux-widget-modern-heading\">\n            <div class=\"aux-widget-inner\"><h2 class=\"aux-modern-heading-primary\">Orbital pipe welding<\/h2><\/div>\n        <\/section>\t\t<\/div>\n\t\t\t\t<\/div>\n\t\t\t\t\t\t<\/div>\n\t\t\t\t\t<\/div>\n\t\t<\/div>\n\t\t\t\t\t\t\t\t<\/div>\n\t\t\t\t\t<\/div>\n\t\t<\/section>\n\t\t\t\t<section class=\"elementor-section elementor-top-section elementor-element elementor-element-c8367c4 elementor-reverse-tablet elementor-reverse-mobile elementor-section-boxed elementor-section-height-default elementor-section-height-default\" data-id=\"c8367c4\" data-element_type=\"section\">\n\t\t\t\t\t\t<div class=\"elementor-container elementor-column-gap-no\">\n\t\t\t\t\t\t\t<div class=\"elementor-row\">\n\t\t\t\t\t<div class=\"aux-parallax-section elementor-column elementor-col-100 elementor-top-column elementor-element elementor-element-fb8d7fa\" data-id=\"fb8d7fa\" data-element_type=\"column\">\n\t\t\t<div class=\"elementor-column-wrap elementor-element-populated\">\n\t\t\t\t\t\t\t<div class=\"elementor-widget-wrap\">\n\t\t\t\t\t\t<div class=\"elementor-element elementor-element-31f6e01 elementor-widget elementor-widget-aux_modern_heading\" data-id=\"31f6e01\" data-element_type=\"widget\" data-widget_type=\"aux_modern_heading.default\">\n\t\t\t\t<div class=\"elementor-widget-container\">\n\t\t\t<section class=\"aux-widget-modern-heading\">\n            <div class=\"aux-widget-inner\"><h2 class=\"aux-modern-heading-primary\">We use its system that does not feed the wire, which is a closed head solution. We have three complete machine groups, which consist of the following machine elements<\/h2><div class=\"aux-modern-heading-description\"><p>\u2022 GF pipe saw<br \/>\u2022 GF pipe end lathe<br \/>\u2022 GF electrode grinder<br \/>\u2022 OM water cooled power resource<br \/>\u2022 OM bi-directional head controller<br \/>\u2022 OM welding heads, in several size ranges<\/p><p>Orbital welding is the level that is above the level of low pressure (PN16) industrial technology, however, it is the basis of pre-manufacturing and onsite fitting of high pressure water mist fire fighting  (PN140) pipe systems .<br \/>With orbital welding we have built austenite traditional, lean and normal duplex stainless  steel pipe systems of lengths that exceed 100 km in road and railway tunnels, in large community buildings throughout Europe (hotels, archives, from South-Tirol to London, from Madrid to Budapest) in the framework of many projects. From among our high pressure water mist fire fighting alloy steel pipe systems the most valuable reference for our company is the water mist system deployed for the EUROTUNNEL railway tunnel and its comprehensive stability analysis. <br \/>Our orbital welding equipment allow the building of \"clean\", even \"sterile\" pipe systems.<\/p><\/div><\/div>\n        <\/section>\t\t<\/div>\n\t\t\t\t<\/div>\n\t\t\t\t\t\t<\/div>\n\t\t\t\t\t<\/div>\n\t\t<\/div>\n\t\t\t\t\t\t\t\t<\/div>\n\t\t\t\t\t<\/div>\n\t\t<\/section>\n\t\t\t\t\t\t\t\t\t<\/div>\n\t\t\t<\/div>\n\t\t\t\t\t<\/div>","protected":false},"excerpt":{"rendered":"<p>Orbit\u00e1lis cs\u0151hegeszt\u00e9s Ennek a huzal adagol\u00e1s n\u00e9lk\u00fcli, z\u00e1rt fejes kialak\u00edt\u00e1s\u00fa rendszer\u00e9t alkalmazzuk, m\u00e9ghozz\u00e1 h\u00e1rom komplett g\u00e9pcsoportot, ami a k\u00f6vetkez\u0151 rendszer elemekb\u0151l \u00e1ll \u2022 GF cs\u0151f\u0171r\u00e9sz\u2022 GF cs\u0151v\u00e9geszterga\u2022 GF elektr\u00f3da k\u00f6sz\u00f6r\u0171\u2022 OM v\u00edzh\u0171t\u00e9ses \u00e1ramforr\u00e1s\u2022 OM k\u00e9t ir\u00e1ny\u00fa fejvez\u00e9rl\u0151\u2022 OM hegeszt\u0151fejek, t\u00f6bb m\u00e9ret tartom\u00e1nyban Az orbit\u00e1lis hegeszt\u00e9s a kisnyom\u00e1s\u00fa (PN16) ipari technol\u00f3giai feletti szint, viszont alapja a [&hellip;]<\/p>","protected":false},"author":2,"featured_media":0,"parent":346,"menu_order":0,"comment_status":"closed","ping_status":"closed","template":"","meta":{"footnotes":""},"_links":{"self":[{"href":"https:\/\/www.acis-complex.hu\/en\/wp-json\/wp\/v2\/pages\/1168"}],"collection":[{"href":"https:\/\/www.acis-complex.hu\/en\/wp-json\/wp\/v2\/pages"}],"about":[{"href":"https:\/\/www.acis-complex.hu\/en\/wp-json\/wp\/v2\/types\/page"}],"author":[{"embeddable":true,"href":"https:\/\/www.acis-complex.hu\/en\/wp-json\/wp\/v2\/users\/2"}],"replies":[{"embeddable":true,"href":"https:\/\/www.acis-complex.hu\/en\/wp-json\/wp\/v2\/comments?post=1168"}],"version-history":[{"count":0,"href":"https:\/\/www.acis-complex.hu\/en\/wp-json\/wp\/v2\/pages\/1168\/revisions"}],"up":[{"embeddable":true,"href":"https:\/\/www.acis-complex.hu\/en\/wp-json\/wp\/v2\/pages\/346"}],"wp:attachment":[{"href":"https:\/\/www.acis-complex.hu\/en\/wp-json\/wp\/v2\/media?parent=1168"}],"curies":[{"name":"wp","href":"https:\/\/api.w.org\/{rel}","templated":true}]}}