{"id":1228,"date":"2022-12-13T15:20:53","date_gmt":"2022-12-13T15:20:53","guid":{"rendered":"https:\/\/www.acis-complex.hu\/?page_id=1228"},"modified":"2023-01-17T18:59:02","modified_gmt":"2023-01-17T18:59:02","slug":"samsung-sdi","status":"publish","type":"page","link":"https:\/\/www.acis-complex.hu\/en\/referenciaink-old\/samsung-sdi\/","title":{"rendered":"Samsung SDI battery factory"},"content":{"rendered":"<div data-elementor-type=\"wp-post\" data-elementor-id=\"1228\" class=\"elementor elementor-1228\">\n\t\t\t\t\t\t<div class=\"elementor-inner\">\n\t\t\t\t<div class=\"elementor-section-wrap\">\n\t\t\t\t\t\t\t\t\t<section class=\"elementor-section elementor-top-section elementor-element elementor-element-c8367c4 elementor-reverse-tablet elementor-reverse-mobile elementor-section-boxed elementor-section-height-default elementor-section-height-default\" data-id=\"c8367c4\" data-element_type=\"section\">\n\t\t\t\t\t\t<div class=\"elementor-container elementor-column-gap-no\">\n\t\t\t\t\t\t\t<div class=\"elementor-row\">\n\t\t\t\t\t<div class=\"aux-parallax-section elementor-column elementor-col-100 elementor-top-column elementor-element elementor-element-fb8d7fa\" data-id=\"fb8d7fa\" data-element_type=\"column\">\n\t\t\t<div class=\"elementor-column-wrap elementor-element-populated\">\n\t\t\t\t\t\t\t<div class=\"elementor-widget-wrap\">\n\t\t\t\t\t\t<div class=\"elementor-element elementor-element-f8f9325 elementor-widget elementor-widget-aux_image\" data-id=\"f8f9325\" data-element_type=\"widget\" data-widget_type=\"aux_image.default\">\n\t\t\t\t<div class=\"elementor-widget-container\">\n\t\t\t<section class=\"widget-container aux-widget-image aux-alignnone aux-parent-aue8baef22\">\n    <div class=\"aux-media-hint-frame\">\n        <div class=\"aux-media-image\" >\n        \n            \n\n            \n            <img loading=\"lazy\" decoding=\"async\" width=\"1600\" height=\"576\" src=\"https:\/\/www.acis-complex.hu\/wp-content\/uploads\/2022\/12\/samsungSDI_header.jpg\" class=\"aux-attachment aux-featured-image aux-attachment-id-1220\" alt=\"samsungSDI_header\" data-ratio=\"2.78\" data-original-w=\"1600\" \/>            \n                <\/div>\n    <\/div>\n\n<\/section><!-- widget-container -->\t\t<\/div>\n\t\t\t\t<\/div>\n\t\t\t\t<div class=\"elementor-element elementor-element-74978ee elementor-widget elementor-widget-aux_modern_heading\" data-id=\"74978ee\" data-element_type=\"widget\" data-widget_type=\"aux_modern_heading.default\">\n\t\t\t\t<div class=\"elementor-widget-container\">\n\t\t\t<section class=\"aux-widget-modern-heading\">\n            <div class=\"aux-widget-inner\"><h2 class=\"aux-modern-heading-primary\">Samsung SDI battery factory<\/h2><h3 class=\"aux-modern-heading-secondary\"><span class=\"aux-head-before\">Industrial technological pipe systems \u2022 G\u00f6d, Hungary \u2022 2016 - 2022<\/span><\/h3><\/div>\n        <\/section>\t\t<\/div>\n\t\t\t\t<\/div>\n\t\t\t\t<div class=\"elementor-element elementor-element-08f49fb elementor-widget elementor-widget-aux_modern_heading\" data-id=\"08f49fb\" data-element_type=\"widget\" data-widget_type=\"aux_modern_heading.default\">\n\t\t\t\t<div class=\"elementor-widget-container\">\n\t\t\t<section class=\"aux-widget-modern-heading\">\n            <div class=\"aux-widget-inner\"><h2 class=\"aux-modern-heading-primary\">Investor: Samsung SDI Hungary Zrt. <br>\nCustomer: SAMSUNG ENGINEERING HUNGARY Ltd.<\/h2><div class=\"aux-modern-heading-description\"><p>Samsung SDI has been producing  batteries of different sizes, types and uses for close to 20 years. <br \/>In its factory located in G\u00f6d, they produce prismatic battery cells for automobile industrial use. <br \/>The construction of the battery factory was started in 2016, and the factory has been continuously extended since then. <br \/>ACIS COMPLEX Kft has been participating in building the factory since the starts, starting from the clean space technological pipelines up to the DN1600 cooling water pipelines.<\/p><\/div><\/div>\n        <\/section>\t\t<\/div>\n\t\t\t\t<\/div>\n\t\t\t\t<div class=\"elementor-element elementor-element-acc5984 elementor-widget elementor-widget-aux_modern_heading\" data-id=\"acc5984\" data-element_type=\"widget\" data-widget_type=\"aux_modern_heading.default\">\n\t\t\t\t<div class=\"elementor-widget-container\">\n\t\t\t<section class=\"aux-widget-modern-heading\">\n            <div class=\"aux-widget-inner\"><h2 class=\"aux-modern-heading-primary\">Projects that were implemented by ACIS COMPLEX Kft during the construction of Samsung SDI:<\/h2><div class=\"aux-modern-heading-description\"><p><strong>Complex 1<\/strong><\/p><p>- \u201eHook Up\u201d: tisztat\u00e9ri technol\u00f3gia vezet\u00e9kek ki\u00e9p\u00edt\u00e9se, termel\u0151 g\u00e9psorok lek\u00f6t\u00e9se. <br \/>- Public utility building: its extension in 2 phases, installation and connection of pumps, coolers, other auxiliary equipment, deploying pipelines in the range of DN15-DN700 in the length of 10 km. <br \/>- Building SR and AC towers, installation of service machines, implementing pipe fitting on the roof in the height of 27 m. <br \/>- Reconnection of the New Cooling Tower with installing a new DN 900 distributor. <br \/>- New multi &amp; stack line: extending the external pipe bridge with the integration of 2.7 km pipes. <br \/>- 64 m outdoor pipe rack: Extension of the pipe bridge with module-based construction technology, installation of 5.1 km pipes.<\/p><p><strong>Complex 2<\/strong><\/p><p>- Module Pipe rack: The building of a pipe bridge consisting of more than 80 modules was carried out during 3 months, with integrating 2,200 tonnes of steel structures and 20 km pipes. <br \/>-\u00a0Utility building: Compressed air system, cooling and cooled water system, steam and condensate pipelines and technological water transporting pipeline systems were built in a length of altogether 11 km.<\/p><\/div><\/div>\n        <\/section>\t\t<\/div>\n\t\t\t\t<\/div>\n\t\t\t\t\t\t<\/div>\n\t\t\t\t\t<\/div>\n\t\t<\/div>\n\t\t\t\t\t\t\t\t<\/div>\n\t\t\t\t\t<\/div>\n\t\t<\/section>\n\t\t\t\t<section class=\"elementor-section elementor-top-section elementor-element elementor-element-62887f6 elementor-reverse-tablet elementor-reverse-mobile elementor-section-boxed elementor-section-height-default elementor-section-height-default\" data-id=\"62887f6\" data-element_type=\"section\">\n\t\t\t\t\t\t<div class=\"elementor-container elementor-column-gap-no\">\n\t\t\t\t\t\t\t<div class=\"elementor-row\">\n\t\t\t\t\t<div class=\"aux-parallax-section elementor-column elementor-col-50 elementor-top-column elementor-element elementor-element-79f9cd0\" data-id=\"79f9cd0\" data-element_type=\"column\">\n\t\t\t<div class=\"elementor-column-wrap elementor-element-populated\">\n\t\t\t\t\t\t\t<div class=\"elementor-widget-wrap\">\n\t\t\t\t\t\t<div class=\"elementor-element elementor-element-1968d6c elementor-widget elementor-widget-aux_image\" data-id=\"1968d6c\" data-element_type=\"widget\" data-widget_type=\"aux_image.default\">\n\t\t\t\t<div class=\"elementor-widget-container\">\n\t\t\t<section class=\"widget-container aux-widget-image aux-alignnone aux-parent-au86cdac46\">\n    <div class=\"aux-media-hint-frame\">\n        <div class=\"aux-media-image\" >\n        \n            \n\n            \n            <img loading=\"lazy\" decoding=\"async\" width=\"768\" height=\"576\" src=\"https:\/\/www.acis-complex.hu\/wp-content\/uploads\/2022\/12\/samsungSDI_pic01.jpg\" class=\"aux-attachment aux-featured-image aux-attachment-id-1219\" alt=\"samsungSDI_pic01\" data-ratio=\"1.33\" data-original-w=\"768\" \/>            \n                <\/div>\n    <\/div>\n\n<\/section><!-- widget-container -->\t\t<\/div>\n\t\t\t\t<\/div>\n\t\t\t\t\t\t<\/div>\n\t\t\t\t\t<\/div>\n\t\t<\/div>\n\t\t\t\t<div class=\"aux-parallax-section elementor-column elementor-col-50 elementor-top-column elementor-element elementor-element-58988c1\" data-id=\"58988c1\" data-element_type=\"column\">\n\t\t\t<div class=\"elementor-column-wrap elementor-element-populated\">\n\t\t\t\t\t\t\t<div class=\"elementor-widget-wrap\">\n\t\t\t\t\t\t<div class=\"elementor-element elementor-element-cc6b524 elementor-widget elementor-widget-aux_image\" data-id=\"cc6b524\" data-element_type=\"widget\" data-widget_type=\"aux_image.default\">\n\t\t\t\t<div class=\"elementor-widget-container\">\n\t\t\t<section class=\"widget-container aux-widget-image aux-alignnone aux-parent-aue674b9da\">\n    <div class=\"aux-media-hint-frame\">\n        <div class=\"aux-media-image\" >\n        \n            \n\n            \n            <img loading=\"lazy\" decoding=\"async\" width=\"768\" height=\"576\" src=\"https:\/\/www.acis-complex.hu\/wp-content\/uploads\/2022\/12\/samsungSDI_pic02.jpg\" class=\"aux-attachment aux-featured-image aux-attachment-id-1218\" alt=\"samsungSDI_pic02\" data-ratio=\"1.33\" data-original-w=\"768\" \/>            \n                <\/div>\n    <\/div>\n\n<\/section><!-- widget-container -->\t\t<\/div>\n\t\t\t\t<\/div>\n\t\t\t\t\t\t<\/div>\n\t\t\t\t\t<\/div>\n\t\t<\/div>\n\t\t\t\t\t\t\t\t<\/div>\n\t\t\t\t\t<\/div>\n\t\t<\/section>\n\t\t\t\t\t\t\t\t\t<\/div>\n\t\t\t<\/div>\n\t\t\t\t\t<\/div>","protected":false},"excerpt":{"rendered":"<p>Samsung SDI akkumul\u00e1torgy\u00e1r Ipari technol\u00f3giai cs\u0151rendszerek \u2022 G\u00f6d, Magyarorsz\u00e1g \u2022 2016 &#8211; 2022 Beruh\u00e1z\u00f3: Samsung SDI Hungary Zrt. Megrendel\u0151: SAMSUNG ENGINEERING HUNGARY Ltd. A Samsung SDI k\u00f6zel 20 \u00e9ve gy\u00e1rt k\u00fcl\u00f6nb\u00f6z\u0151 m\u00e9ret\u0171, t\u00edpus\u00fa \u00e9s felhaszn\u00e1l\u00e1si c\u00e9l\u00fa akkumul\u00e1torokat. A g\u00f6di gy\u00e1r\u00e1ban prizmatikus akkumul\u00e1torcell\u00e1kat gy\u00e1rtanak aut\u00f3ipari felhaszn\u00e1l\u00e1si c\u00e9lokra. Az akkumul\u00e1torgy\u00e1r \u00e9p\u00edt\u00e9se 2016-ban kezd\u0151d\u00f6tt, \u00e9s a gy\u00e1r az\u00f3ta [&hellip;]<\/p>","protected":false},"author":2,"featured_media":0,"parent":345,"menu_order":0,"comment_status":"closed","ping_status":"closed","template":"","meta":{"footnotes":""},"_links":{"self":[{"href":"https:\/\/www.acis-complex.hu\/en\/wp-json\/wp\/v2\/pages\/1228"}],"collection":[{"href":"https:\/\/www.acis-complex.hu\/en\/wp-json\/wp\/v2\/pages"}],"about":[{"href":"https:\/\/www.acis-complex.hu\/en\/wp-json\/wp\/v2\/types\/page"}],"author":[{"embeddable":true,"href":"https:\/\/www.acis-complex.hu\/en\/wp-json\/wp\/v2\/users\/2"}],"replies":[{"embeddable":true,"href":"https:\/\/www.acis-complex.hu\/en\/wp-json\/wp\/v2\/comments?post=1228"}],"version-history":[{"count":0,"href":"https:\/\/www.acis-complex.hu\/en\/wp-json\/wp\/v2\/pages\/1228\/revisions"}],"up":[{"embeddable":true,"href":"https:\/\/www.acis-complex.hu\/en\/wp-json\/wp\/v2\/pages\/345"}],"wp:attachment":[{"href":"https:\/\/www.acis-complex.hu\/en\/wp-json\/wp\/v2\/media?parent=1228"}],"curies":[{"name":"wp","href":"https:\/\/api.w.org\/{rel}","templated":true}]}}