{"id":1241,"date":"2022-12-13T15:30:58","date_gmt":"2022-12-13T15:30:58","guid":{"rendered":"https:\/\/www.acis-complex.hu\/?page_id=1241"},"modified":"2023-01-17T18:57:35","modified_gmt":"2023-01-17T18:57:35","slug":"jaewon-nmp","status":"publish","type":"page","link":"https:\/\/www.acis-complex.hu\/en\/referenciaink-old\/jaewon-nmp\/","title":{"rendered":"Jaewon NMP Regenerating plant"},"content":{"rendered":"<div data-elementor-type=\"wp-post\" data-elementor-id=\"1241\" class=\"elementor elementor-1241\">\n\t\t\t\t\t\t<div class=\"elementor-inner\">\n\t\t\t\t<div class=\"elementor-section-wrap\">\n\t\t\t\t\t\t\t\t\t<section class=\"elementor-section elementor-top-section elementor-element elementor-element-c8367c4 elementor-reverse-tablet elementor-reverse-mobile elementor-section-boxed elementor-section-height-default elementor-section-height-default\" data-id=\"c8367c4\" data-element_type=\"section\">\n\t\t\t\t\t\t<div class=\"elementor-container elementor-column-gap-no\">\n\t\t\t\t\t\t\t<div class=\"elementor-row\">\n\t\t\t\t\t<div class=\"aux-parallax-section elementor-column elementor-col-100 elementor-top-column elementor-element elementor-element-fb8d7fa\" data-id=\"fb8d7fa\" data-element_type=\"column\">\n\t\t\t<div class=\"elementor-column-wrap elementor-element-populated\">\n\t\t\t\t\t\t\t<div class=\"elementor-widget-wrap\">\n\t\t\t\t\t\t<div class=\"elementor-element elementor-element-f8f9325 elementor-widget elementor-widget-aux_image\" data-id=\"f8f9325\" data-element_type=\"widget\" data-widget_type=\"aux_image.default\">\n\t\t\t\t<div class=\"elementor-widget-container\">\n\t\t\t<section class=\"widget-container aux-widget-image aux-alignnone aux-parent-au0fd4331c\">\n    <div class=\"aux-media-hint-frame\">\n        <div class=\"aux-media-image\" >\n        \n            \n\n            \n            <img loading=\"lazy\" decoding=\"async\" width=\"1600\" height=\"576\" src=\"https:\/\/www.acis-complex.hu\/wp-content\/uploads\/2022\/12\/jaewonNMP_header-1.jpg\" class=\"aux-attachment aux-featured-image aux-attachment-id-1245\" alt=\"jaewonNMP_header\" data-ratio=\"2.78\" data-original-w=\"1600\" \/>            \n                <\/div>\n    <\/div>\n\n<\/section><!-- widget-container -->\t\t<\/div>\n\t\t\t\t<\/div>\n\t\t\t\t<div class=\"elementor-element elementor-element-74978ee elementor-widget elementor-widget-aux_modern_heading\" data-id=\"74978ee\" data-element_type=\"widget\" data-widget_type=\"aux_modern_heading.default\">\n\t\t\t\t<div class=\"elementor-widget-container\">\n\t\t\t<section class=\"aux-widget-modern-heading\">\n            <div class=\"aux-widget-inner\"><h2 class=\"aux-modern-heading-primary\">Jaewon NMP Regenerating plant<\/h2><h3 class=\"aux-modern-heading-secondary\"><span class=\"aux-head-before\">Industrial technology pipe systems \u2022 Kom\u00e1rom, Hungary \u2022 2018 - 2019<\/span><\/h3><\/div>\n        <\/section>\t\t<\/div>\n\t\t\t\t<\/div>\n\t\t\t\t<div class=\"elementor-element elementor-element-08f49fb elementor-widget elementor-widget-aux_modern_heading\" data-id=\"08f49fb\" data-element_type=\"widget\" data-widget_type=\"aux_modern_heading.default\">\n\t\t\t\t<div class=\"elementor-widget-container\">\n\t\t\t<section class=\"aux-widget-modern-heading\">\n            <div class=\"aux-widget-inner\"><h2 class=\"aux-modern-heading-primary\">Investor: JAEWON <br>\nCustomer: Lak\u00f3g\u00e9p Kft.<\/h2><div class=\"aux-modern-heading-description\"><p>The Jaewon Industrial Co., Ltd. (JWIC) provides solvent reutilisation service for Samsung SDI. They collect the used NMP (n-methyl-2-pyrrolidon) from Samsung SDI, they clean it to a purity of at least 99,85 %, then they make it available to Samsung SDI for being used again. <br \/>The average quantity of the solvent regenerated is 60 t\/day. <br \/>Regeneration is done with a vacuum distillation procedure, in distilling towers.<\/p><p>The installation of the machinery technology of the plant was fully done by ACIS COMPLEX Kft. The equipment were supplied by Jaewon, technological fitting was done on the basis of the P&amp;IDs and the pipeline layout plans. <br \/><br \/>The plant units that had been built:<br \/>-\u00a0storing system, <br \/>-\u00a0thermic oil system, <br \/>- cooling water system, <br \/>-\u00a0distilling system, <br \/>-\u00a0vacuum system.<\/p><p>The technological pipelines were built from corrosion resistant steel, while the cooling water and natural gas pipelines were made from carbon steel, with welded junctions. <br \/>The welded junctions were made according to the contents of the MSZ EN ISO 3834-2 certificate of ACIS COMPLEX Kft, based on the accepted technological instructions. <br \/>The seams made had been examined in each case, the acceptance level of the examinations is: Grade 8 according to MSZ EN 5817.<\/p><p>The supports, the corrosion protection and the insulation of the pipelines were also done by ACIS COMPLEX Kft. We co-ordinated the work of 180 workers during the peak time of the project.<\/p><\/div><\/div>\n        <\/section>\t\t<\/div>\n\t\t\t\t<\/div>\n\t\t\t\t\t\t<\/div>\n\t\t\t\t\t<\/div>\n\t\t<\/div>\n\t\t\t\t\t\t\t\t<\/div>\n\t\t\t\t\t<\/div>\n\t\t<\/section>\n\t\t\t\t<section class=\"elementor-section elementor-top-section elementor-element elementor-element-62887f6 elementor-reverse-tablet elementor-reverse-mobile elementor-section-boxed elementor-section-height-default elementor-section-height-default\" data-id=\"62887f6\" data-element_type=\"section\">\n\t\t\t\t\t\t<div class=\"elementor-container elementor-column-gap-no\">\n\t\t\t\t\t\t\t<div class=\"elementor-row\">\n\t\t\t\t\t<div class=\"aux-parallax-section elementor-column elementor-col-50 elementor-top-column elementor-element elementor-element-79f9cd0\" data-id=\"79f9cd0\" data-element_type=\"column\">\n\t\t\t<div class=\"elementor-column-wrap elementor-element-populated\">\n\t\t\t\t\t\t\t<div class=\"elementor-widget-wrap\">\n\t\t\t\t\t\t<div class=\"elementor-element elementor-element-1968d6c elementor-widget elementor-widget-aux_image\" data-id=\"1968d6c\" data-element_type=\"widget\" data-widget_type=\"aux_image.default\">\n\t\t\t\t<div class=\"elementor-widget-container\">\n\t\t\t<section class=\"widget-container aux-widget-image aux-alignnone aux-parent-au0331dc52\">\n    <div class=\"aux-media-hint-frame\">\n        <div class=\"aux-media-image\" >\n        \n            \n\n            \n            <img loading=\"lazy\" decoding=\"async\" width=\"768\" height=\"576\" src=\"https:\/\/www.acis-complex.hu\/wp-content\/uploads\/2022\/12\/jaewonNMP_pic01-1.jpg\" class=\"aux-attachment aux-featured-image aux-attachment-id-1244\" alt=\"jaewonNMP_pic01\" data-ratio=\"1.33\" data-original-w=\"768\" \/>            \n                <\/div>\n    <\/div>\n\n<\/section><!-- widget-container -->\t\t<\/div>\n\t\t\t\t<\/div>\n\t\t\t\t\t\t<\/div>\n\t\t\t\t\t<\/div>\n\t\t<\/div>\n\t\t\t\t<div class=\"aux-parallax-section elementor-column elementor-col-50 elementor-top-column elementor-element elementor-element-58988c1\" data-id=\"58988c1\" data-element_type=\"column\">\n\t\t\t<div class=\"elementor-column-wrap elementor-element-populated\">\n\t\t\t\t\t\t\t<div class=\"elementor-widget-wrap\">\n\t\t\t\t\t\t<div class=\"elementor-element elementor-element-cc6b524 elementor-widget elementor-widget-aux_image\" data-id=\"cc6b524\" data-element_type=\"widget\" data-widget_type=\"aux_image.default\">\n\t\t\t\t<div class=\"elementor-widget-container\">\n\t\t\t<section class=\"widget-container aux-widget-image aux-alignnone aux-parent-audbad15d2\">\n    <div class=\"aux-media-hint-frame\">\n        <div class=\"aux-media-image\" >\n        \n            \n\n            \n            <img loading=\"lazy\" decoding=\"async\" width=\"768\" height=\"576\" src=\"https:\/\/www.acis-complex.hu\/wp-content\/uploads\/2022\/12\/jaewonNMP_pic02-1.jpg\" class=\"aux-attachment aux-featured-image aux-attachment-id-1243\" alt=\"jaewonNMP_pic02\" data-ratio=\"1.33\" data-original-w=\"768\" \/>            \n                <\/div>\n    <\/div>\n\n<\/section><!-- widget-container -->\t\t<\/div>\n\t\t\t\t<\/div>\n\t\t\t\t\t\t<\/div>\n\t\t\t\t\t<\/div>\n\t\t<\/div>\n\t\t\t\t\t\t\t\t<\/div>\n\t\t\t\t\t<\/div>\n\t\t<\/section>\n\t\t\t\t\t\t\t\t\t<\/div>\n\t\t\t<\/div>\n\t\t\t\t\t<\/div>","protected":false},"excerpt":{"rendered":"<p>Jaewon NMP Regener\u00e1l\u00f3 \u00fczem Ipari technol\u00f3giai cs\u0151rendszerek \u2022 Kom\u00e1rom, Magyarorsz\u00e1g \u2022 2018 &#8211; 2019 Beruh\u00e1z\u00f3: JAEWON Megrendel\u0151: Lak\u00f3g\u00e9p Kft. A Jaewon Industrial Co., Ltd. (JWIC) old\u00f3szer-\u00fajrahasznos\u00edt\u00e1si szolg\u00e1ltat\u00e1st ny\u00fajt a Samsung SDI sz\u00e1m\u00e1ra. Begy\u0171jtik az elhaszn\u00e1l\u00f3dott NMP-t (az n-metil-2-pirrrolidon) a Samsung SDI-t\u00f3l, legal\u00e1bb 99,85%-os tisztas\u00e1g\u00fara tiszt\u00edtj\u00e1k, majd \u00fajrafelhaszn\u00e1l\u00e1sra bocs\u00e1tj\u00e1k a Samsung SDI r\u00e9sz\u00e9re. A regener\u00e1l\u00e1sra ker\u00fcl\u0151 [&hellip;]<\/p>","protected":false},"author":2,"featured_media":0,"parent":345,"menu_order":0,"comment_status":"closed","ping_status":"closed","template":"","meta":{"footnotes":""},"_links":{"self":[{"href":"https:\/\/www.acis-complex.hu\/en\/wp-json\/wp\/v2\/pages\/1241"}],"collection":[{"href":"https:\/\/www.acis-complex.hu\/en\/wp-json\/wp\/v2\/pages"}],"about":[{"href":"https:\/\/www.acis-complex.hu\/en\/wp-json\/wp\/v2\/types\/page"}],"author":[{"embeddable":true,"href":"https:\/\/www.acis-complex.hu\/en\/wp-json\/wp\/v2\/users\/2"}],"replies":[{"embeddable":true,"href":"https:\/\/www.acis-complex.hu\/en\/wp-json\/wp\/v2\/comments?post=1241"}],"version-history":[{"count":0,"href":"https:\/\/www.acis-complex.hu\/en\/wp-json\/wp\/v2\/pages\/1241\/revisions"}],"up":[{"embeddable":true,"href":"https:\/\/www.acis-complex.hu\/en\/wp-json\/wp\/v2\/pages\/345"}],"wp:attachment":[{"href":"https:\/\/www.acis-complex.hu\/en\/wp-json\/wp\/v2\/media?parent=1241"}],"curies":[{"name":"wp","href":"https:\/\/api.w.org\/{rel}","templated":true}]}}