{"id":1249,"date":"2022-12-13T15:34:20","date_gmt":"2022-12-13T15:34:20","guid":{"rendered":"https:\/\/www.acis-complex.hu\/?page_id=1249"},"modified":"2023-01-17T18:54:55","modified_gmt":"2023-01-17T18:54:55","slug":"eurotunnel-vasuti-alagut","status":"publish","type":"page","link":"https:\/\/www.acis-complex.hu\/en\/referenciaink-old\/eurotunnel-vasuti-alagut\/","title":{"rendered":"EUROTUNNEL railway tunnel"},"content":{"rendered":"<div data-elementor-type=\"wp-post\" data-elementor-id=\"1249\" class=\"elementor elementor-1249\">\n\t\t\t\t\t\t<div class=\"elementor-inner\">\n\t\t\t\t<div class=\"elementor-section-wrap\">\n\t\t\t\t\t\t\t\t\t<section class=\"elementor-section elementor-top-section elementor-element elementor-element-c8367c4 elementor-reverse-tablet elementor-reverse-mobile elementor-section-boxed elementor-section-height-default elementor-section-height-default\" data-id=\"c8367c4\" data-element_type=\"section\">\n\t\t\t\t\t\t<div class=\"elementor-container elementor-column-gap-no\">\n\t\t\t\t\t\t\t<div class=\"elementor-row\">\n\t\t\t\t\t<div class=\"aux-parallax-section elementor-column elementor-col-100 elementor-top-column elementor-element elementor-element-fb8d7fa\" data-id=\"fb8d7fa\" data-element_type=\"column\">\n\t\t\t<div class=\"elementor-column-wrap elementor-element-populated\">\n\t\t\t\t\t\t\t<div class=\"elementor-widget-wrap\">\n\t\t\t\t\t\t<div class=\"elementor-element elementor-element-f8f9325 elementor-widget elementor-widget-aux_image\" data-id=\"f8f9325\" data-element_type=\"widget\" data-widget_type=\"aux_image.default\">\n\t\t\t\t<div class=\"elementor-widget-container\">\n\t\t\t<section class=\"widget-container aux-widget-image aux-alignnone aux-parent-aue360f580\">\n    <div class=\"aux-media-hint-frame\">\n        <div class=\"aux-media-image\" >\n        \n            \n\n            \n            <img loading=\"lazy\" decoding=\"async\" width=\"1600\" height=\"576\" src=\"https:\/\/www.acis-complex.hu\/wp-content\/uploads\/2022\/12\/eurotunnel_header-1.jpg\" class=\"aux-attachment aux-featured-image aux-attachment-id-1252\" alt=\"eurotunnel_header\" data-ratio=\"2.78\" data-original-w=\"1600\" \/>            \n                <\/div>\n    <\/div>\n\n<\/section><!-- widget-container -->\t\t<\/div>\n\t\t\t\t<\/div>\n\t\t\t\t<div class=\"elementor-element elementor-element-74978ee elementor-widget elementor-widget-aux_modern_heading\" data-id=\"74978ee\" data-element_type=\"widget\" data-widget_type=\"aux_modern_heading.default\">\n\t\t\t\t<div class=\"elementor-widget-container\">\n\t\t\t<section class=\"aux-widget-modern-heading\">\n            <div class=\"aux-widget-inner\"><h2 class=\"aux-modern-heading-primary\">EUROTUNNEL railway tunnel<\/h2><h3 class=\"aux-modern-heading-secondary\"><span class=\"aux-head-before\">High pressure water mist fire fighting system \u2022 Calais \u2013 Folkestone \u2022 2009-2010<\/span><\/h3><\/div>\n        <\/section>\t\t<\/div>\n\t\t\t\t<\/div>\n\t\t\t\t<div class=\"elementor-element elementor-element-9ec4479 elementor-widget elementor-widget-aux_modern_heading\" data-id=\"9ec4479\" data-element_type=\"widget\" data-widget_type=\"aux_modern_heading.default\">\n\t\t\t\t<div class=\"elementor-widget-container\">\n\t\t\t<section class=\"aux-widget-modern-heading\">\n            <div class=\"aux-widget-inner\"><h2 class=\"aux-modern-heading-primary\"><\/h2><h3 class=\"aux-modern-heading-secondary\"><span class=\"aux-head-before\">High pressure corrosion resistant pipeline system \u2022 France - England \u2022 2011-2020<\/span><\/h3><\/div>\n        <\/section>\t\t<\/div>\n\t\t\t\t<\/div>\n\t\t\t\t<div class=\"elementor-element elementor-element-08f49fb elementor-widget elementor-widget-aux_modern_heading\" data-id=\"08f49fb\" data-element_type=\"widget\" data-widget_type=\"aux_modern_heading.default\">\n\t\t\t\t<div class=\"elementor-widget-container\">\n\t\t\t<section class=\"aux-widget-modern-heading\">\n            <div class=\"aux-widget-inner\"><h2 class=\"aux-modern-heading-primary\">Customer: France-Manche SA<\/h2><div class=\"aux-modern-heading-description\"><p>The building of the 51 km long La Manche railway tunnel  was a great achievement of the last century  with its modern RO-LA system. This unparalleled project of the world meant the construction of the water mist protection of two-two close to 900 m long railway tunnel safety sections about 18-19 km from the seashores. This was one of the most complex, largest designing preparation demanding pipe fitting project of our company. We have been generally using the orbital pipe welding procedure starting with this project. The project included the installation of a high pressure corrosion resistant pipeline system, the integration of the valve group, and the installation of the pump house and water supply pipeline system.<\/p><p>The task was to construct the supplies from the DN250 fire water pipeline running in the service tunnel to the two high pressure pump houses located next to each other on the French and on the English side each, with designing, manufacturing, fitting. The branching off from the high capacity, 50-55 bar operation pressure fire water backbone pipeline, with volume flow meter, pressure reducer, pressure wave draining fitting, strong pipe supports, resistant surface protection are special features of the project. Another special feature of the project is - due to the unique length of the tunnel - the realization of the highest technical safety, the reliable provision of the water supply of the water mist fire fighting system.<\/p><\/div><\/div>\n        <\/section>\t\t<\/div>\n\t\t\t\t<\/div>\n\t\t\t\t\t\t<\/div>\n\t\t\t\t\t<\/div>\n\t\t<\/div>\n\t\t\t\t\t\t\t\t<\/div>\n\t\t\t\t\t<\/div>\n\t\t<\/section>\n\t\t\t\t<section class=\"elementor-section elementor-top-section elementor-element elementor-element-62887f6 elementor-reverse-tablet elementor-reverse-mobile elementor-section-boxed elementor-section-height-default elementor-section-height-default\" data-id=\"62887f6\" data-element_type=\"section\">\n\t\t\t\t\t\t<div class=\"elementor-container elementor-column-gap-no\">\n\t\t\t\t\t\t\t<div class=\"elementor-row\">\n\t\t\t\t\t<div class=\"aux-parallax-section elementor-column elementor-col-100 elementor-top-column elementor-element elementor-element-79f9cd0\" data-id=\"79f9cd0\" data-element_type=\"column\">\n\t\t\t<div class=\"elementor-column-wrap elementor-element-populated\">\n\t\t\t\t\t\t\t<div class=\"elementor-widget-wrap\">\n\t\t\t\t\t\t<div class=\"elementor-element elementor-element-1968d6c elementor-widget elementor-widget-aux_image\" data-id=\"1968d6c\" data-element_type=\"widget\" data-widget_type=\"aux_image.default\">\n\t\t\t\t<div class=\"elementor-widget-container\">\n\t\t\t<section class=\"widget-container aux-widget-image aux-alignnone aux-parent-au871e51bc\">\n    <div class=\"aux-media-hint-frame\">\n        <div class=\"aux-media-image\" >\n        \n            \n\n            \n            <img loading=\"lazy\" decoding=\"async\" width=\"1600\" height=\"576\" src=\"https:\/\/www.acis-complex.hu\/wp-content\/uploads\/2022\/12\/eurotunnel_pic01-1.jpg\" class=\"aux-attachment aux-featured-image aux-attachment-id-1251\" alt=\"eurotunnel_pic01\" data-ratio=\"2.78\" data-original-w=\"1600\" \/>            \n                <\/div>\n    <\/div>\n\n<\/section><!-- widget-container -->\t\t<\/div>\n\t\t\t\t<\/div>\n\t\t\t\t\t\t<\/div>\n\t\t\t\t\t<\/div>\n\t\t<\/div>\n\t\t\t\t\t\t\t\t<\/div>\n\t\t\t\t\t<\/div>\n\t\t<\/section>\n\t\t\t\t\t\t\t\t\t<\/div>\n\t\t\t<\/div>\n\t\t\t\t\t<\/div>","protected":false},"excerpt":{"rendered":"<p>EUROTUNNEL vas\u00fati alag\u00fat Nagynyom\u00e1s\u00fa v\u00edzk\u00f6ddel olt\u00f3 rendszer \u2022 Calais \u2013 Folkestone \u2022 2009-2010 Nagynyom\u00e1s\u00fa korr\u00f3zi\u00f3\u00e1ll\u00f3 cs\u0151rendszer \u2022 Franciaorsz\u00e1g &#8211; Anglia \u2022 2011-2020 Megb\u00edz\u00f3: France-Manche SA A m\u00falt \u00e9vsz\u00e1zad nagy teljes\u00edtm\u00e9nye volt az 51km hossz\u00fa La Manche vas\u00fati alag\u00fat meg\u00e9p\u00edt\u00e9se, a korszer\u0171 RO-LA rendszer\u00e9vel. A vil\u00e1gon eddig p\u00e1ratlan projekt az alagutank\u00e9nt a partokt\u00f3l 18-19 km-re k\u00e9t-k\u00e9t, [&hellip;]<\/p>","protected":false},"author":2,"featured_media":0,"parent":345,"menu_order":0,"comment_status":"closed","ping_status":"closed","template":"","meta":{"footnotes":""},"_links":{"self":[{"href":"https:\/\/www.acis-complex.hu\/en\/wp-json\/wp\/v2\/pages\/1249"}],"collection":[{"href":"https:\/\/www.acis-complex.hu\/en\/wp-json\/wp\/v2\/pages"}],"about":[{"href":"https:\/\/www.acis-complex.hu\/en\/wp-json\/wp\/v2\/types\/page"}],"author":[{"embeddable":true,"href":"https:\/\/www.acis-complex.hu\/en\/wp-json\/wp\/v2\/users\/2"}],"replies":[{"embeddable":true,"href":"https:\/\/www.acis-complex.hu\/en\/wp-json\/wp\/v2\/comments?post=1249"}],"version-history":[{"count":0,"href":"https:\/\/www.acis-complex.hu\/en\/wp-json\/wp\/v2\/pages\/1249\/revisions"}],"up":[{"embeddable":true,"href":"https:\/\/www.acis-complex.hu\/en\/wp-json\/wp\/v2\/pages\/345"}],"wp:attachment":[{"href":"https:\/\/www.acis-complex.hu\/en\/wp-json\/wp\/v2\/media?parent=1249"}],"curies":[{"name":"wp","href":"https:\/\/api.w.org\/{rel}","templated":true}]}}