{"id":1300,"date":"2022-12-13T16:11:01","date_gmt":"2022-12-13T16:11:01","guid":{"rendered":"https:\/\/www.acis-complex.hu\/?page_id=1300"},"modified":"2023-03-03T14:57:28","modified_gmt":"2023-03-03T14:57:28","slug":"jelentkezes-folyamata","status":"publish","type":"page","link":"https:\/\/www.acis-complex.hu\/en\/karrier\/jelentkezes-folyamata\/","title":{"rendered":"Jelentkez\u00e9s folyamata"},"content":{"rendered":"<div data-elementor-type=\"wp-post\" data-elementor-id=\"1300\" class=\"elementor elementor-1300\">\n\t\t\t\t\t\t<div class=\"elementor-inner\">\n\t\t\t\t<div class=\"elementor-section-wrap\">\n\t\t\t\t\t\t\t\t\t<section class=\"elementor-section elementor-top-section elementor-element elementor-element-c8367c4 elementor-reverse-tablet elementor-reverse-mobile elementor-section-boxed elementor-section-height-default elementor-section-height-default\" data-id=\"c8367c4\" data-element_type=\"section\">\n\t\t\t\t\t\t<div class=\"elementor-container elementor-column-gap-no\">\n\t\t\t\t\t\t\t<div class=\"elementor-row\">\n\t\t\t\t\t<div class=\"aux-parallax-section elementor-column elementor-col-100 elementor-top-column elementor-element elementor-element-fb8d7fa\" data-id=\"fb8d7fa\" data-element_type=\"column\">\n\t\t\t<div class=\"elementor-column-wrap elementor-element-populated\">\n\t\t\t\t\t\t\t<div class=\"elementor-widget-wrap\">\n\t\t\t\t\t\t<div class=\"elementor-element elementor-element-74978ee elementor-widget elementor-widget-aux_modern_heading\" data-id=\"74978ee\" data-element_type=\"widget\" data-widget_type=\"aux_modern_heading.default\">\n\t\t\t\t<div class=\"elementor-widget-container\">\n\t\t\t<section class=\"aux-widget-modern-heading\">\n            <div class=\"aux-widget-inner\"><h2 class=\"aux-modern-heading-primary\">Application and selection process with us<\/h2><\/div>\n        <\/section>\t\t<\/div>\n\t\t\t\t<\/div>\n\t\t\t\t<div class=\"elementor-element elementor-element-08f49fb elementor-widget elementor-widget-aux_modern_heading\" data-id=\"08f49fb\" data-element_type=\"widget\" data-widget_type=\"aux_modern_heading.default\">\n\t\t\t\t<div class=\"elementor-widget-container\">\n\t\t\t<section class=\"aux-widget-modern-heading\">\n            <div class=\"aux-widget-inner\"><h2 class=\"aux-modern-heading-primary\">Application<\/h2><div class=\"aux-modern-heading-description\"><p>We at the ACIS Complex highly appreciate proactivity, therefore, if there is no position of ours is announced and\/or no open position that would be appropriate for you, we are still glad to pick up contact with you, we would welcome your interest and your sending your CV! This may even start an organisation development process, or it may be simply a useful contact as regards the future.<\/p><\/div><\/div>\n        <\/section>\t\t<\/div>\n\t\t\t\t<\/div>\n\t\t\t\t<div class=\"elementor-element elementor-element-9f733c1 elementor-widget elementor-widget-aux_modern_heading\" data-id=\"9f733c1\" data-element_type=\"widget\" data-widget_type=\"aux_modern_heading.default\">\n\t\t\t\t<div class=\"elementor-widget-container\">\n\t\t\t<section class=\"aux-widget-modern-heading\">\n            <div class=\"aux-widget-inner\"><h2 class=\"aux-modern-heading-primary\">Picking up contact<\/h2><div class=\"aux-modern-heading-description\"><p>We manage picking up contact and the received application materials in each case confidentially and tactfully. Our HR manager will provide you feedback in the framework of a discussion in connection with your profile matching and concerning the potential further steps.<\/p><\/div><\/div>\n        <\/section>\t\t<\/div>\n\t\t\t\t<\/div>\n\t\t\t\t<div class=\"elementor-element elementor-element-1183ddf elementor-widget elementor-widget-aux_modern_heading\" data-id=\"1183ddf\" data-element_type=\"widget\" data-widget_type=\"aux_modern_heading.default\">\n\t\t\t\t<div class=\"elementor-widget-container\">\n\t\t\t<section class=\"aux-widget-modern-heading\">\n            <div class=\"aux-widget-inner\"><h2 class=\"aux-modern-heading-primary\">HR interview<\/h2><div class=\"aux-modern-heading-description\"><p>If we may have a common cross-section, then in the framework of a HR interview we will assess your language skills, we will review the relevant educations, we will discuss your past professional career and experiences, we will talk about the current situation, the motivation factors of changing your workplace, your concepts and expectations as regards the future, and all the issues that are important for You. We are pleased to answer your questions, and naturally we will also speak about ACIS Complex, our value system, our organisational culture, about the team, the task and responsibility scopes involved in the job.<\/p><\/div><\/div>\n        <\/section>\t\t<\/div>\n\t\t\t\t<\/div>\n\t\t\t\t<div class=\"elementor-element elementor-element-f29effc elementor-widget elementor-widget-aux_modern_heading\" data-id=\"f29effc\" data-element_type=\"widget\" data-widget_type=\"aux_modern_heading.default\">\n\t\t\t\t<div class=\"elementor-widget-container\">\n\t\t\t<section class=\"aux-widget-modern-heading\">\n            <div class=\"aux-widget-inner\"><h2 class=\"aux-modern-heading-primary\">Professional interview<\/h2><div class=\"aux-modern-heading-description\"><p>After the HR interview we will share our impressions and experiences with the leader of the given professional area. We will provide feedback within 1-2 weeks and if the feedback is favourable, we will invite you within 1-2 weeks for a second - at the same time - the last professional interview to the given leader. On the occasion of this discussion, in the knowledge of the information provided at the HR interview, the focus will be on the professional details, we will ask questions, we will tell stories and we will respond.<\/p><\/div><\/div>\n        <\/section>\t\t<\/div>\n\t\t\t\t<\/div>\n\t\t\t\t<div class=\"elementor-element elementor-element-008d564 elementor-widget elementor-widget-aux_modern_heading\" data-id=\"008d564\" data-element_type=\"widget\" data-widget_type=\"aux_modern_heading.default\">\n\t\t\t\t<div class=\"elementor-widget-container\">\n\t\t\t<section class=\"aux-widget-modern-heading\">\n            <div class=\"aux-widget-inner\"><h2 class=\"aux-modern-heading-primary\">Feedback, contact keeping<\/h2><div class=\"aux-modern-heading-description\"><p>After summarising the impressions of the selection process, we will provide feedback again, within a couple of days. If we plan a common future with you, we will submit your admission to the top management, and after their approval we will provide you both verbally and in writing an offer and a letter of intent, in respect of which we expect your response within a couple of days. If in connection with the given possibility and\/or job you did not become our new colleague, even then we will glad to keep contact with you concerning the future, who knows when and in what we may have again a common cross-section\u2026<\/p><\/div><\/div>\n        <\/section>\t\t<\/div>\n\t\t\t\t<\/div>\n\t\t\t\t\t\t<\/div>\n\t\t\t\t\t<\/div>\n\t\t<\/div>\n\t\t\t\t\t\t\t\t<\/div>\n\t\t\t\t\t<\/div>\n\t\t<\/section>\n\t\t\t\t\t\t\t\t\t<\/div>\n\t\t\t<\/div>\n\t\t\t\t\t<\/div>","protected":false},"excerpt":{"rendered":"<p>Jelentkez\u00e9s \u00e9s kiv\u00e1laszt\u00e1si folyamat n\u00e1lunk Jelentkez\u00e9s Mi az ACIS Complex-n\u00e9l nagyra \u00e9rt\u00e9kelj\u00fck a proaktivit\u00e1st, ez\u00e9rt ha \u00e9pp nincs olyan meghirdetett munkak\u00f6r\u00fcnk \u00e9s\/vagy olyan nyitott poz\u00edci\u00f3nk, mely megfelelne sz\u00e1modra, akkor is \u00f6r\u00f6mmel vessz\u00fck a kapcsolatfelv\u00e9telt, \u00e9rdekl\u0151d\u00e9sedet \u00e9s \u00f6n\u00e9letrajzod esetleges megk\u00fcld\u00e9s\u00e9t! Elind\u00edthat ak\u00e1r egy szervezetfejleszt\u00e9si folyamatot vagy egyszer\u0171en hasznos kapcsolat lehet a j\u00f6v\u0151re n\u00e9zve. Kapcsolatfelv\u00e9tel A kapcsolatfelv\u00e9telt [&hellip;]<\/p>","protected":false},"author":2,"featured_media":0,"parent":624,"menu_order":0,"comment_status":"closed","ping_status":"closed","template":"","meta":{"footnotes":""},"_links":{"self":[{"href":"https:\/\/www.acis-complex.hu\/en\/wp-json\/wp\/v2\/pages\/1300"}],"collection":[{"href":"https:\/\/www.acis-complex.hu\/en\/wp-json\/wp\/v2\/pages"}],"about":[{"href":"https:\/\/www.acis-complex.hu\/en\/wp-json\/wp\/v2\/types\/page"}],"author":[{"embeddable":true,"href":"https:\/\/www.acis-complex.hu\/en\/wp-json\/wp\/v2\/users\/2"}],"replies":[{"embeddable":true,"href":"https:\/\/www.acis-complex.hu\/en\/wp-json\/wp\/v2\/comments?post=1300"}],"version-history":[{"count":0,"href":"https:\/\/www.acis-complex.hu\/en\/wp-json\/wp\/v2\/pages\/1300\/revisions"}],"up":[{"embeddable":true,"href":"https:\/\/www.acis-complex.hu\/en\/wp-json\/wp\/v2\/pages\/624"}],"wp:attachment":[{"href":"https:\/\/www.acis-complex.hu\/en\/wp-json\/wp\/v2\/media?parent=1300"}],"curies":[{"name":"wp","href":"https:\/\/api.w.org\/{rel}","templated":true}]}}