{"id":486,"date":"2022-12-07T17:09:59","date_gmt":"2022-12-07T17:09:59","guid":{"rendered":"https:\/\/www.acis-complex.hu\/?page_id=486"},"modified":"2023-01-17T19:51:51","modified_gmt":"2023-01-17T19:51:51","slug":"szakteruleteink","status":"publish","type":"page","link":"https:\/\/www.acis-complex.hu\/en\/szakteruleteink\/","title":{"rendered":"Services"},"content":{"rendered":"<div data-elementor-type=\"wp-post\" data-elementor-id=\"486\" class=\"elementor elementor-486\">\n\t\t\t\t\t\t<div class=\"elementor-inner\">\n\t\t\t\t<div class=\"elementor-section-wrap\">\n\t\t\t\t\t\t\t\t\t<section class=\"elementor-section elementor-top-section elementor-element elementor-element-72dc777 elementor-reverse-tablet elementor-reverse-mobile elementor-section-boxed elementor-section-height-default elementor-section-height-default\" data-id=\"72dc777\" data-element_type=\"section\">\n\t\t\t\t\t\t<div class=\"elementor-container elementor-column-gap-no\">\n\t\t\t\t\t\t\t<div class=\"elementor-row\">\n\t\t\t\t\t<div class=\"aux-parallax-section elementor-column elementor-col-100 elementor-top-column elementor-element elementor-element-420852e\" data-id=\"420852e\" data-element_type=\"column\">\n\t\t\t<div class=\"elementor-column-wrap elementor-element-populated\">\n\t\t\t\t\t\t\t<div class=\"elementor-widget-wrap\">\n\t\t\t\t\t\t<div class=\"elementor-element elementor-element-b41115b elementor-widget elementor-widget-aux_modern_heading\" data-id=\"b41115b\" data-element_type=\"widget\" data-widget_type=\"aux_modern_heading.default\">\n\t\t\t\t<div class=\"elementor-widget-container\">\n\t\t\t<section class=\"aux-widget-modern-heading\">\n            <div class=\"aux-widget-inner\"><h2 class=\"aux-modern-heading-primary\">Services<\/h2><div class=\"aux-modern-heading-description\"><p>We offer for our partners the implementation of new industrial solutions by our experienced expert team .<\/p><\/div><\/div>\n        <\/section>\t\t<\/div>\n\t\t\t\t<\/div>\n\t\t\t\t\t\t<\/div>\n\t\t\t\t\t<\/div>\n\t\t<\/div>\n\t\t\t\t\t\t\t\t<\/div>\n\t\t\t\t\t<\/div>\n\t\t<\/section>\n\t\t\t\t<section class=\"elementor-section elementor-top-section elementor-element elementor-element-c8367c4 elementor-reverse-tablet elementor-reverse-mobile elementor-section-boxed elementor-section-height-default elementor-section-height-default\" data-id=\"c8367c4\" data-element_type=\"section\">\n\t\t\t\t\t\t<div class=\"elementor-container elementor-column-gap-no\">\n\t\t\t\t\t\t\t<div class=\"elementor-row\">\n\t\t\t\t\t<div class=\"aux-parallax-section elementor-column elementor-col-50 elementor-top-column elementor-element elementor-element-5cd6da4\" data-id=\"5cd6da4\" data-element_type=\"column\">\n\t\t\t<div class=\"elementor-column-wrap elementor-element-populated\">\n\t\t\t\t\t\t\t<div class=\"elementor-widget-wrap\">\n\t\t\t\t\t\t<div class=\"elementor-element elementor-element-b432dc0 elementor-widget elementor-widget-aux_modern_heading\" data-id=\"b432dc0\" data-element_type=\"widget\" data-widget_type=\"aux_modern_heading.default\">\n\t\t\t\t<div class=\"elementor-widget-container\">\n\t\t\t<section class=\"aux-widget-modern-heading\">\n            <div class=\"aux-widget-inner\"><div class=\"aux-modern-heading-divider\"><\/div><h2 class=\"aux-modern-heading-primary\">Our main profile<\/h2><h3 class=\"aux-modern-heading-secondary\"><span class=\"aux-head-before\">Technological pipe fitting<\/span><\/h3><div class=\"aux-modern-heading-description\"><p>We construct technological pipe systems for mega investments, technology halls, industrial plants (SAMSUNG SDI, DOOSAN\/VOLTA, NEXEN, TORAY, LOTTE, APOLLO) and many smaller plants for water and gases, in the dimension range of DN15-DN2000, from black, galvanized, carbon steel, and from austenite, stainless steel including traditional and duplex steel and plastics, all this in the length of 20-30 km each year .<\/p><\/div><\/div>\n        <\/section>\t\t<\/div>\n\t\t\t\t<\/div>\n\t\t\t\t<div class=\"elementor-element elementor-element-dc9013a elementor-widget elementor-widget-aux_button\" data-id=\"dc9013a\" data-element_type=\"widget\" data-widget_type=\"aux_button.default\">\n\t\t\t\t<div class=\"elementor-widget-container\">\n\t\t\t<a  href=\"https:\/\/www.acis-complex.hu\/en\/szakteruleteink\/technologiai-csoszereles\/\" target=\"_self\"   class=\"aux-button aux-medium aux-mikado-yellow aux-round aux-none\" ><span class=\"aux-overlay\"><\/span><span class=\"aux-text\">Continue reading<\/span><\/a>\t\t<\/div>\n\t\t\t\t<\/div>\n\t\t\t\t\t\t<\/div>\n\t\t\t\t\t<\/div>\n\t\t<\/div>\n\t\t\t\t<div class=\"aux-parallax-section elementor-column elementor-col-50 elementor-top-column elementor-element elementor-element-fb8d7fa\" data-id=\"fb8d7fa\" data-element_type=\"column\">\n\t\t\t<div class=\"elementor-column-wrap elementor-element-populated\">\n\t\t\t\t\t\t\t<div class=\"elementor-widget-wrap\">\n\t\t\t\t\t\t<div class=\"aux-scroll-anim elementor-element elementor-element-f8f9325 elementor-widget elementor-widget-aux_image\" data-move-in=\"\" data-move-out=\"\" data-axis-x=\"200\" data-axis-y=\"40\" data-rotate=\"90\" data-scale=\"1\" data-vp-top=\"0.5\" data-vp-bot=\"0.5\" data-el-top=\"0.2\" data-scroll-animation-off=\"1024\" data-id=\"f8f9325\" data-element_type=\"widget\" data-widget_type=\"aux_image.default\">\n\t\t\t\t<div class=\"elementor-widget-container\">\n\t\t\t<section class=\"widget-container aux-widget-image aux-alignnone aux-parent-au4e865cc1\">\n    <div class=\"aux-media-hint-frame\">\n        <div class=\"aux-media-image\" >\n        \n            \n\n            \n            <img loading=\"lazy\" decoding=\"async\" width=\"768\" height=\"576\" src=\"https:\/\/www.acis-complex.hu\/wp-content\/uploads\/2022\/12\/technologiaiCsoszereles_main.jpg\" class=\"aux-attachment aux-featured-image aux-attachment-id-1086\" alt=\"technologiaiCsoszereles_main\" data-ratio=\"1.33\" data-original-w=\"768\" \/>            \n                <\/div>\n    <\/div>\n\n<\/section><!-- widget-container -->\t\t<\/div>\n\t\t\t\t<\/div>\n\t\t\t\t\t\t<\/div>\n\t\t\t\t\t<\/div>\n\t\t<\/div>\n\t\t\t\t\t\t\t\t<\/div>\n\t\t\t\t\t<\/div>\n\t\t<\/section>\n\t\t\t\t<section class=\"elementor-section elementor-top-section elementor-element elementor-element-5b6912c elementor-section-boxed elementor-section-height-default elementor-section-height-default\" data-id=\"5b6912c\" data-element_type=\"section\" data-settings=\"{&quot;background_background&quot;:&quot;classic&quot;}\">\n\t\t\t\t\t\t<div class=\"elementor-container elementor-column-gap-no\">\n\t\t\t\t\t\t\t<div class=\"elementor-row\">\n\t\t\t\t\t<div class=\"aux-parallax-section elementor-column elementor-col-50 elementor-top-column elementor-element elementor-element-0eb9312\" data-id=\"0eb9312\" data-element_type=\"column\">\n\t\t\t<div class=\"elementor-column-wrap elementor-element-populated\">\n\t\t\t\t\t\t\t<div class=\"elementor-widget-wrap\">\n\t\t\t\t\t\t<div class=\"aux-scroll-anim elementor-element elementor-element-bcb248c elementor-widget elementor-widget-aux_image\" data-move-in=\"\" data-move-out=\"\" data-axis-x=\"200\" data-axis-y=\"40\" data-rotate=\"90\" data-scale=\"1\" data-vp-top=\"0.5\" data-vp-bot=\"0.5\" data-el-top=\"0.2\" data-scroll-animation-off=\"1024\" data-id=\"bcb248c\" data-element_type=\"widget\" data-widget_type=\"aux_image.default\">\n\t\t\t\t<div class=\"elementor-widget-container\">\n\t\t\t<section class=\"widget-container aux-widget-image aux-alignnone aux-parent-aub7a34bd9\">\n    <div class=\"aux-media-hint-frame\">\n        <div class=\"aux-media-image\" >\n        \n            \n\n            \n            <img loading=\"lazy\" decoding=\"async\" width=\"768\" height=\"576\" src=\"https:\/\/www.acis-complex.hu\/wp-content\/uploads\/2022\/12\/csohidak_main.jpg\" class=\"aux-attachment aux-featured-image aux-attachment-id-1090\" alt=\"csohidak_main\" data-ratio=\"1.33\" data-original-w=\"768\" \/>            \n                <\/div>\n    <\/div>\n\n<\/section><!-- widget-container -->\t\t<\/div>\n\t\t\t\t<\/div>\n\t\t\t\t\t\t<\/div>\n\t\t\t\t\t<\/div>\n\t\t<\/div>\n\t\t\t\t<div class=\"aux-parallax-section elementor-column elementor-col-50 elementor-top-column elementor-element elementor-element-aa48bd1\" data-id=\"aa48bd1\" data-element_type=\"column\">\n\t\t\t<div class=\"elementor-column-wrap elementor-element-populated\">\n\t\t\t\t\t\t\t<div class=\"elementor-widget-wrap\">\n\t\t\t\t\t\t<div class=\"elementor-element elementor-element-2d4bba4 elementor-widget elementor-widget-aux_modern_heading\" data-id=\"2d4bba4\" data-element_type=\"widget\" data-widget_type=\"aux_modern_heading.default\">\n\t\t\t\t<div class=\"elementor-widget-container\">\n\t\t\t<section class=\"aux-widget-modern-heading\">\n            <div class=\"aux-widget-inner\"><div class=\"aux-modern-heading-divider\"><\/div><h2 class=\"aux-modern-heading-primary\">Innovative solution<\/h2><h3 class=\"aux-modern-heading-secondary\"><span class=\"aux-head-before\">Pipe bridges<\/span><\/h3><div class=\"aux-modern-heading-description\"><p><strong>Large block pipe fitting pre-manufacturing, the so-called pipe bridge construction system.<\/strong><br \/>In the case of huge sized industrial technological pipe fitting work we introduced the so-called pipe bridge fitting system, which means that the large sized steel structures are made in the pre-manufacturing hall (of sizes that may be still  transported) and within it there are all the pipeline blocks, fitted ready, from which we make a coherent pipe network with two welding seams  each, after lifting them to the place of the pipe bridge at the site.<\/p><\/div><\/div>\n        <\/section>\t\t<\/div>\n\t\t\t\t<\/div>\n\t\t\t\t<div class=\"elementor-element elementor-element-0fd9eed elementor-widget elementor-widget-aux_button\" data-id=\"0fd9eed\" data-element_type=\"widget\" data-widget_type=\"aux_button.default\">\n\t\t\t\t<div class=\"elementor-widget-container\">\n\t\t\t<a  href=\"https:\/\/www.acis-complex.hu\/en\/szakteruleteink\/csohidak\/\" target=\"_self\"   class=\"aux-button aux-medium aux-mikado-yellow aux-round aux-none\" ><span class=\"aux-overlay\"><\/span><span class=\"aux-text\">Continue reading<\/span><\/a>\t\t<\/div>\n\t\t\t\t<\/div>\n\t\t\t\t\t\t<\/div>\n\t\t\t\t\t<\/div>\n\t\t<\/div>\n\t\t\t\t\t\t\t\t<\/div>\n\t\t\t\t\t<\/div>\n\t\t<\/section>\n\t\t\t\t<section class=\"elementor-section elementor-top-section elementor-element elementor-element-9a965bf elementor-reverse-tablet elementor-reverse-mobile elementor-section-boxed elementor-section-height-default elementor-section-height-default\" data-id=\"9a965bf\" data-element_type=\"section\">\n\t\t\t\t\t\t<div class=\"elementor-container elementor-column-gap-no\">\n\t\t\t\t\t\t\t<div class=\"elementor-row\">\n\t\t\t\t\t<div class=\"aux-parallax-section elementor-column elementor-col-50 elementor-top-column elementor-element elementor-element-3aeefeb\" data-id=\"3aeefeb\" data-element_type=\"column\">\n\t\t\t<div class=\"elementor-column-wrap elementor-element-populated\">\n\t\t\t\t\t\t\t<div class=\"elementor-widget-wrap\">\n\t\t\t\t\t\t<div class=\"elementor-element elementor-element-684bf7f elementor-widget elementor-widget-aux_modern_heading\" data-id=\"684bf7f\" data-element_type=\"widget\" data-widget_type=\"aux_modern_heading.default\">\n\t\t\t\t<div class=\"elementor-widget-container\">\n\t\t\t<section class=\"aux-widget-modern-heading\">\n            <div class=\"aux-widget-inner\"><div class=\"aux-modern-heading-divider\"><\/div><h2 class=\"aux-modern-heading-primary\">V\u00edzk\u00f6d - A leghat\u00e9konyabb t\u0171zolt\u00e1s<\/h2><h3 class=\"aux-modern-heading-secondary\"><span class=\"aux-head-before\">Water mist fire fighting systems<\/span><\/h3><div class=\"aux-modern-heading-description\"><p>C\u00e9g\u00fcnk a FOGTEC v\u00edzk\u00f6ddel olt\u00f3 rendszerek magyarorsz\u00e1gi k\u00e9pvisel\u0151je, kivitelez\u0151je. Sz\u00e1mos magas\u00e9p\u00edt\u00e9si \u00e9s m\u00e9ly\u00e9p\u00edt\u00e9si v\u00edzk\u00f6ddel olt\u00f3 projektben vett\u00fcnk r\u00e9szt, melyek k\u00f6z\u00fcl kiemelkedik az Angli\u00e1t \u00e9s Franciaorsz\u00e1got \u00f6sszek\u00f6t\u0151 Eurotunnelben \u00e9p\u00fclt alag\u00fatv\u00e9delem, a p\u00e1rizsi Nemzeti Lev\u00e9lt\u00e1r, a d\u00e1niai Aarhusban \u00e9p\u00fclt szuperk\u00f3rh\u00e1z. Magyarorsz\u00e1gon mi v\u00e9gezz\u00fck az M2, M3, M4 metr\u00f3 \u00e9p\u00edt\u00e9se \/ rekonstrukci\u00f3ja sor\u00e1n a FOGTEC v\u00edzk\u00f6ddel olt\u00f3 rendszer telep\u00edt\u00e9s\u00e9t az esetleges t\u0171zesetek megf\u00e9kez\u00e9s\u00e9re...<\/p><\/div><\/div>\n        <\/section>\t\t<\/div>\n\t\t\t\t<\/div>\n\t\t\t\t<div class=\"elementor-element elementor-element-451c829 elementor-widget elementor-widget-aux_button\" data-id=\"451c829\" data-element_type=\"widget\" data-widget_type=\"aux_button.default\">\n\t\t\t\t<div class=\"elementor-widget-container\">\n\t\t\t<a  href=\"https:\/\/www.acis-complex.hu\/en\/szakteruleteink\/vizkoddel-olto-rendszerek-2\/\" target=\"_self\"   class=\"aux-button aux-medium aux-mikado-yellow aux-round aux-none\" ><span class=\"aux-overlay\"><\/span><span class=\"aux-text\">Continue reading<\/span><\/a>\t\t<\/div>\n\t\t\t\t<\/div>\n\t\t\t\t\t\t<\/div>\n\t\t\t\t\t<\/div>\n\t\t<\/div>\n\t\t\t\t<div class=\"aux-parallax-section elementor-column elementor-col-50 elementor-top-column elementor-element elementor-element-2a7da1c\" data-id=\"2a7da1c\" data-element_type=\"column\">\n\t\t\t<div class=\"elementor-column-wrap elementor-element-populated\">\n\t\t\t\t\t\t\t<div class=\"elementor-widget-wrap\">\n\t\t\t\t\t\t<div class=\"aux-scroll-anim elementor-element elementor-element-e239446 elementor-widget elementor-widget-aux_image\" data-move-in=\"\" data-move-out=\"\" data-axis-x=\"200\" data-axis-y=\"40\" data-rotate=\"90\" data-scale=\"1\" data-vp-top=\"0.5\" data-vp-bot=\"0.5\" data-el-top=\"0.2\" data-scroll-animation-off=\"1024\" data-id=\"e239446\" data-element_type=\"widget\" data-widget_type=\"aux_image.default\">\n\t\t\t\t<div class=\"elementor-widget-container\">\n\t\t\t<section class=\"widget-container aux-widget-image aux-alignnone aux-parent-au86f43882\">\n    <div class=\"aux-media-hint-frame\">\n        <div class=\"aux-media-image\" >\n        \n            \n\n            \n            <img loading=\"lazy\" decoding=\"async\" width=\"768\" height=\"576\" src=\"https:\/\/www.acis-complex.hu\/wp-content\/uploads\/2022\/12\/vizkoddelOlto_main.jpg\" class=\"aux-attachment aux-featured-image aux-attachment-id-1094\" alt=\"vizkoddelOlto_main\" data-ratio=\"1.33\" data-original-w=\"768\" \/>            \n                <\/div>\n    <\/div>\n\n<\/section><!-- widget-container -->\t\t<\/div>\n\t\t\t\t<\/div>\n\t\t\t\t\t\t<\/div>\n\t\t\t\t\t<\/div>\n\t\t<\/div>\n\t\t\t\t\t\t\t\t<\/div>\n\t\t\t\t\t<\/div>\n\t\t<\/section>\n\t\t\t\t\t\t\t\t\t<\/div>\n\t\t\t<\/div>\n\t\t\t\t\t<\/div>","protected":false},"excerpt":{"rendered":"<p>Szakter\u00fcleteink Tapasztalt szakembercsapatunk \u00e1ltal \u00faj ipari megold\u00e1sok megval\u00f3s\u00edt\u00e1s\u00e1t k\u00edn\u00e1ljuk partnereinknek F\u0151 profilunk Technol\u00f3giai cs\u0151szerel\u00e9s \u00c9p\u00edtj\u00fck k\u00fclf\u00f6ldi \u00e9s hazai \u00f3ri\u00e1sberuh\u00e1z\u00e1sok, technol\u00f3gia csarnokok, ipartelepek (SAMSUNG SDI, DOOSAN\/VOLTA, NEXEN, TORAY, LOTTE, APOLLO), valamint sz\u00e1mtalan kisebb \u00fczemi technol\u00f3gia cs\u0151rendszereit v\u00edzre, g\u00e1zokra, DN15-DN2000 m\u00e9rettartom\u00e1nyban, fekete-, horganyzott-, galvaniz\u00e1lt sz\u00e9nac\u00e9lb\u00f3l, valamint ausztenites, rozsdamentes \u2013 azon bel\u00fcl hagyom\u00e1nyos \u00e9s duplex &#8211; ac\u00e9lb\u00f3l \u00e9s [&hellip;]<\/p>","protected":false},"author":2,"featured_media":0,"parent":0,"menu_order":0,"comment_status":"closed","ping_status":"closed","template":"","meta":{"footnotes":""},"_links":{"self":[{"href":"https:\/\/www.acis-complex.hu\/en\/wp-json\/wp\/v2\/pages\/486"}],"collection":[{"href":"https:\/\/www.acis-complex.hu\/en\/wp-json\/wp\/v2\/pages"}],"about":[{"href":"https:\/\/www.acis-complex.hu\/en\/wp-json\/wp\/v2\/types\/page"}],"author":[{"embeddable":true,"href":"https:\/\/www.acis-complex.hu\/en\/wp-json\/wp\/v2\/users\/2"}],"replies":[{"embeddable":true,"href":"https:\/\/www.acis-complex.hu\/en\/wp-json\/wp\/v2\/comments?post=486"}],"version-history":[{"count":0,"href":"https:\/\/www.acis-complex.hu\/en\/wp-json\/wp\/v2\/pages\/486\/revisions"}],"wp:attachment":[{"href":"https:\/\/www.acis-complex.hu\/en\/wp-json\/wp\/v2\/media?parent=486"}],"curies":[{"name":"wp","href":"https:\/\/api.w.org\/{rel}","templated":true}]}}