{"id":516,"date":"2022-12-07T17:40:37","date_gmt":"2022-12-07T17:40:37","guid":{"rendered":"https:\/\/www.acis-complex.hu\/?page_id=516"},"modified":"2023-01-17T20:26:21","modified_gmt":"2023-01-17T20:26:21","slug":"vizkoddel-olto-rendszerek-2","status":"publish","type":"page","link":"https:\/\/www.acis-complex.hu\/en\/szakteruleteink\/vizkoddel-olto-rendszerek-2\/","title":{"rendered":"Water mist fire fighting systems"},"content":{"rendered":"<div data-elementor-type=\"wp-post\" data-elementor-id=\"516\" class=\"elementor elementor-516\">\n\t\t\t\t\t\t<div class=\"elementor-inner\">\n\t\t\t\t<div class=\"elementor-section-wrap\">\n\t\t\t\t\t\t\t\t\t<section class=\"elementor-section elementor-top-section elementor-element elementor-element-72dc777 elementor-reverse-tablet elementor-reverse-mobile elementor-section-boxed elementor-section-height-default elementor-section-height-default\" data-id=\"72dc777\" data-element_type=\"section\">\n\t\t\t\t\t\t<div class=\"elementor-container elementor-column-gap-no\">\n\t\t\t\t\t\t\t<div class=\"elementor-row\">\n\t\t\t\t\t<div class=\"aux-parallax-section elementor-column elementor-col-100 elementor-top-column elementor-element elementor-element-420852e\" data-id=\"420852e\" data-element_type=\"column\">\n\t\t\t<div class=\"elementor-column-wrap elementor-element-populated\">\n\t\t\t\t\t\t\t<div class=\"elementor-widget-wrap\">\n\t\t\t\t\t\t<div class=\"elementor-element elementor-element-b41115b elementor-widget elementor-widget-aux_modern_heading\" data-id=\"b41115b\" data-element_type=\"widget\" data-widget_type=\"aux_modern_heading.default\">\n\t\t\t\t<div class=\"elementor-widget-container\">\n\t\t\t<section class=\"aux-widget-modern-heading\">\n            <div class=\"aux-widget-inner\"><h2 class=\"aux-modern-heading-primary\">Water mist fire fighting systems<\/h2><\/div>\n        <\/section>\t\t<\/div>\n\t\t\t\t<\/div>\n\t\t\t\t\t\t<\/div>\n\t\t\t\t\t<\/div>\n\t\t<\/div>\n\t\t\t\t\t\t\t\t<\/div>\n\t\t\t\t\t<\/div>\n\t\t<\/section>\n\t\t\t\t<section class=\"elementor-section elementor-top-section elementor-element elementor-element-c8367c4 elementor-reverse-tablet elementor-reverse-mobile elementor-section-boxed elementor-section-height-default elementor-section-height-default\" data-id=\"c8367c4\" data-element_type=\"section\">\n\t\t\t\t\t\t<div class=\"elementor-container elementor-column-gap-no\">\n\t\t\t\t\t\t\t<div class=\"elementor-row\">\n\t\t\t\t\t<div class=\"aux-parallax-section elementor-column elementor-col-100 elementor-top-column elementor-element elementor-element-fb8d7fa\" data-id=\"fb8d7fa\" data-element_type=\"column\">\n\t\t\t<div class=\"elementor-column-wrap elementor-element-populated\">\n\t\t\t\t\t\t\t<div class=\"elementor-widget-wrap\">\n\t\t\t\t\t\t<div class=\"elementor-element elementor-element-f8f9325 elementor-widget elementor-widget-aux_image\" data-id=\"f8f9325\" data-element_type=\"widget\" data-widget_type=\"aux_image.default\">\n\t\t\t\t<div class=\"elementor-widget-container\">\n\t\t\t<section class=\"widget-container aux-widget-image aux-alignnone aux-parent-au1a5fbfc5\">\n    <div class=\"aux-media-hint-frame\">\n        <div class=\"aux-media-image\" >\n        \n            \n\n            \n            <img loading=\"lazy\" decoding=\"async\" width=\"1600\" height=\"576\" src=\"https:\/\/www.acis-complex.hu\/wp-content\/uploads\/2022\/12\/vizkoddelOlto_header.jpg\" class=\"aux-attachment aux-featured-image aux-attachment-id-1095\" alt=\"vizkoddelOlto_header\" data-ratio=\"2.78\" data-original-w=\"1600\" \/>            \n                <\/div>\n    <\/div>\n\n<\/section><!-- widget-container -->\t\t<\/div>\n\t\t\t\t<\/div>\n\t\t\t\t<div class=\"elementor-element elementor-element-3024a19 elementor-widget elementor-widget-aux_modern_heading\" data-id=\"3024a19\" data-element_type=\"widget\" data-widget_type=\"aux_modern_heading.default\">\n\t\t\t\t<div class=\"elementor-widget-container\">\n\t\t\t<section class=\"aux-widget-modern-heading\">\n            <div class=\"aux-widget-inner\"><h2 class=\"aux-modern-heading-primary\"><\/h2><div class=\"aux-modern-heading-description\"><p>Our company is the representative and the implementer of  FOGTEC water mist fire fighting systems  in Hungary . We participated in numerous structural and civil engineering projects that extinguish fire with water mist, from among which the most significant ones are the following ones: tunnel protection that was built in the Eurotunnel that connects England and France, the National Archives located in Paris, the super-hospital that was built in Aarhus in Denmark. We installed  FOGTEC water mist fire fighting systems  during the construction\/reconstruction of metros M2, M3 and M4 in Hungary for keeping the possible fires under control.<br \/><br \/>The FOGTEC water mist fire fighting systems use the tiniest water droplets. The water mist exerts its impact through several physical effects, the sprayed and thus easily evaporating water expels oxygen from the vicinity of the fire, and in addition to this it has a heat removing and heat radiation shielding effect and it allows human intervention in the protected space during fire fighting. The systems operating with water mist require only very little amount of water, which means that that the aggregated structural size of the system elements - including the pipes and the pumps - is very small.<\/p><\/div><\/div>\n        <\/section>\t\t<\/div>\n\t\t\t\t<\/div>\n\t\t\t\t<div class=\"elementor-element elementor-element-31f6e01 elementor-widget elementor-widget-aux_modern_heading\" data-id=\"31f6e01\" data-element_type=\"widget\" data-widget_type=\"aux_modern_heading.default\">\n\t\t\t\t<div class=\"elementor-widget-container\">\n\t\t\t<section class=\"aux-widget-modern-heading\">\n            <div class=\"aux-widget-inner\"><h2 class=\"aux-modern-heading-primary\">Cooling effect<\/h2><div class=\"aux-modern-heading-description\"><p>The water droplets pulverised into mist cover as a dense cloud the fire and the burning surface. The water droplets due to their small size  have a reactive surface that is manifold that of those large drops that are generated by the traditional low pressure systems. Since the heat removal done by the environment takes place by making the water evaporate, the significantly increased reactive surface increases manifold the efficiency of fire extinguishing implemented with high pressure water mist compared to the traditional systems.<\/p><\/div><\/div>\n        <\/section>\t\t<\/div>\n\t\t\t\t<\/div>\n\t\t\t\t<div class=\"elementor-element elementor-element-7fcc35c elementor-widget elementor-widget-aux_modern_heading\" data-id=\"7fcc35c\" data-element_type=\"widget\" data-widget_type=\"aux_modern_heading.default\">\n\t\t\t\t<div class=\"elementor-widget-container\">\n\t\t\t<section class=\"aux-widget-modern-heading\">\n            <div class=\"aux-widget-inner\"><h2 class=\"aux-modern-heading-primary\">Oxygen expelling effect<\/h2><div class=\"aux-modern-heading-description\"><p>The water droplets before turning into steam upon being heated already decrease the ratio of the oxygen being present, proportionally to their volume. The heated water droplets turn into steam, while their volume increases to more than 1600 fold. This significant volume increase reduces in the vicinity of the fire the oxygen content of the air with 3-4 %, which from the aspect of the development of the fire is a significant obstacle, however, it is still endurable for the human body.<\/p><\/div><\/div>\n        <\/section>\t\t<\/div>\n\t\t\t\t<\/div>\n\t\t\t\t<div class=\"elementor-element elementor-element-b765c04 elementor-widget elementor-widget-aux_modern_heading\" data-id=\"b765c04\" data-element_type=\"widget\" data-widget_type=\"aux_modern_heading.default\">\n\t\t\t\t<div class=\"elementor-widget-container\">\n\t\t\t<section class=\"aux-widget-modern-heading\">\n            <div class=\"aux-widget-inner\"><h2 class=\"aux-modern-heading-primary\">Smoke absorption<\/h2><div class=\"aux-modern-heading-description\"><p>It does not exert a direct fire extinguishing impact, nevertheless, water mist fire fighting has an important advantage. The fine water droplets floating for a short time are able to dilute, absorb a part of the smoke gases and the soot particles, facilitating through this visibility during escaping and fire fighting.<\/p><\/div><\/div>\n        <\/section>\t\t<\/div>\n\t\t\t\t<\/div>\n\t\t\t\t<div class=\"elementor-element elementor-element-27a652e elementor-widget elementor-widget-aux_modern_heading\" data-id=\"27a652e\" data-element_type=\"widget\" data-widget_type=\"aux_modern_heading.default\">\n\t\t\t\t<div class=\"elementor-widget-container\">\n\t\t\t<section class=\"aux-widget-modern-heading\">\n            <div class=\"aux-widget-inner\"><h2 class=\"aux-modern-heading-primary\">Advantages of the FOGTEC high pressure water mist:<\/h2><div class=\"aux-modern-heading-description\"><p>\u2022 Environment friendly and sustainable <br \/>\u2022 Not hazardous to humans <br \/>\u2022 Allows the starting fire fighting immediately, there is no delay in escaping, as in the case of certain gas-based fire fighting methods <br \/>\u2022 Better cooling effect <br \/>\u2022 Better shielding against radiated heat <br \/>\u2022 No materials of caustic effect are created as by-products of the extinguishing materials <br \/>\u2022 Less  damage caused by water <br \/>\u2022 Minimal space demand <br \/>\u2022 There is no problem with hydraulic pressure loss in the case of higher heights and larger distances<\/p><\/div><\/div>\n        <\/section>\t\t<\/div>\n\t\t\t\t<\/div>\n\t\t\t\t<div class=\"elementor-element elementor-element-09bbe30 elementor-widget elementor-widget-aux_modern_heading\" data-id=\"09bbe30\" data-element_type=\"widget\" data-widget_type=\"aux_modern_heading.default\">\n\t\t\t\t<div class=\"elementor-widget-container\">\n\t\t\t<section class=\"aux-widget-modern-heading\">\n            <div class=\"aux-widget-inner\"><h2 class=\"aux-modern-heading-primary\">The water mist fire fighting systems may be widely used:<\/h2><div class=\"aux-modern-heading-description\"><p>\u2022 road and railway tunnels <br \/>\u2022 stations, escalators, cable spaces of underground railways <br \/>\u2022 underground motorway sections of cities <br \/>\u2022 hydraulic press machines, vehicle engine test spaces, diesel aggregators, gas turbines <br \/>\u2022 automatic production lines, assembling production lines <br \/>\u2022 cable tunnels, cable ducts, closed space telecommunication towers <br \/>\u2022 large community spaces, hotels, offices, archives, libraries, spaces of museal value, <br \/>food industrial ovens, large kitchens<\/p><\/div><\/div>\n        <\/section>\t\t<\/div>\n\t\t\t\t<\/div>\n\t\t\t\t\t\t<\/div>\n\t\t\t\t\t<\/div>\n\t\t<\/div>\n\t\t\t\t\t\t\t\t<\/div>\n\t\t\t\t\t<\/div>\n\t\t<\/section>\n\t\t\t\t<section class=\"elementor-section elementor-top-section elementor-element elementor-element-62887f6 elementor-reverse-tablet elementor-reverse-mobile elementor-section-boxed elementor-section-height-default elementor-section-height-default\" data-id=\"62887f6\" data-element_type=\"section\">\n\t\t\t\t\t\t<div class=\"elementor-container elementor-column-gap-no\">\n\t\t\t\t\t\t\t<div class=\"elementor-row\">\n\t\t\t\t\t<div class=\"aux-parallax-section elementor-column elementor-col-50 elementor-top-column elementor-element elementor-element-79f9cd0\" data-id=\"79f9cd0\" data-element_type=\"column\">\n\t\t\t<div class=\"elementor-column-wrap elementor-element-populated\">\n\t\t\t\t\t\t\t<div class=\"elementor-widget-wrap\">\n\t\t\t\t\t\t<div class=\"elementor-element elementor-element-0c67d6a elementor-widget elementor-widget-aux_button\" data-id=\"0c67d6a\" data-element_type=\"widget\" data-widget_type=\"aux_button.default\">\n\t\t\t\t<div class=\"elementor-widget-container\">\n\t\t\t<span class=\"aux-lightbox-video\"><a  href=\"https:\/\/www.youtube.com\/watch?v=2Z0YYIUvSM4\" target=\"_self\"   data-type=\"video\" class=\"aux-button aux-medium aux-mikado-yellow aux-none aux-uppercase aux-open-video\" ><span class=\"aux-overlay\"><\/span><span class=\"aux-text\"><\/span><i aria-hidden=\"true\" class=\"aux-icon fas fa-play\"><\/i><\/a><\/span>\t\t<\/div>\n\t\t\t\t<\/div>\n\t\t\t\t<div class=\"elementor-element elementor-element-c556f51 elementor-widget elementor-widget-aux_image\" data-id=\"c556f51\" data-element_type=\"widget\" data-widget_type=\"aux_image.default\">\n\t\t\t\t<div class=\"elementor-widget-container\">\n\t\t\t<section class=\"widget-container aux-widget-image aux-alignnone aux-parent-au8c976e06\">\n    <div class=\"aux-media-hint-frame\">\n        <div class=\"aux-media-image\" >\n        \n            \n\n            \n            <img loading=\"lazy\" decoding=\"async\" width=\"768\" height=\"576\" src=\"https:\/\/www.acis-complex.hu\/wp-content\/uploads\/2022\/12\/vizkoddelOlto_pic01-1.jpg\" class=\"aux-attachment aux-featured-image aux-attachment-id-1186\" alt=\"vizkoddelOlto_pic01\" data-ratio=\"1.33\" data-original-w=\"768\" \/>            \n                <\/div>\n    <\/div>\n\n<\/section><!-- widget-container -->\t\t<\/div>\n\t\t\t\t<\/div>\n\t\t\t\t\t\t<\/div>\n\t\t\t\t\t<\/div>\n\t\t<\/div>\n\t\t\t\t<div class=\"aux-parallax-section elementor-column elementor-col-50 elementor-top-column elementor-element elementor-element-58988c1\" data-id=\"58988c1\" data-element_type=\"column\">\n\t\t\t<div class=\"elementor-column-wrap elementor-element-populated\">\n\t\t\t\t\t\t\t<div class=\"elementor-widget-wrap\">\n\t\t\t\t\t\t<div class=\"elementor-element elementor-element-9de6054 elementor-widget elementor-widget-aux_image\" data-id=\"9de6054\" data-element_type=\"widget\" data-widget_type=\"aux_image.default\">\n\t\t\t\t<div class=\"elementor-widget-container\">\n\t\t\t<section class=\"widget-container aux-widget-image aux-alignnone aux-parent-au90fdbfd4\">\n    <div class=\"aux-media-hint-frame\">\n        <div class=\"aux-media-image\" >\n        \n            \n\n            \n            <img loading=\"lazy\" decoding=\"async\" width=\"768\" height=\"576\" src=\"https:\/\/www.acis-complex.hu\/wp-content\/uploads\/2022\/12\/vizkoddelOlto_pic02-1.jpg\" class=\"aux-attachment aux-featured-image aux-attachment-id-1185\" alt=\"vizkoddelOlto_pic02\" data-ratio=\"1.33\" data-original-w=\"768\" \/>            \n                <\/div>\n    <\/div>\n\n<\/section><!-- widget-container -->\t\t<\/div>\n\t\t\t\t<\/div>\n\t\t\t\t\t\t<\/div>\n\t\t\t\t\t<\/div>\n\t\t<\/div>\n\t\t\t\t\t\t\t\t<\/div>\n\t\t\t\t\t<\/div>\n\t\t<\/section>\n\t\t\t\t\t\t\t\t\t<\/div>\n\t\t\t<\/div>\n\t\t\t\t\t<\/div>","protected":false},"excerpt":{"rendered":"<p>V\u00edzk\u00f6ddel olt\u00f3 rendszerek C\u00e9g\u00fcnk a FOGTEC v\u00edzk\u00f6ddel olt\u00f3 rendszerek magyarorsz\u00e1gi k\u00e9pvisel\u0151je, kivitelez\u0151je. Sz\u00e1mos magas\u00e9p\u00edt\u00e9si \u00e9s m\u00e9ly\u00e9p\u00edt\u00e9si v\u00edzk\u00f6ddel olt\u00f3 projektben vett\u00fcnk r\u00e9szt, melyek k\u00f6z\u00fcl kiemelkedik az Angli\u00e1t \u00e9s Franciaorsz\u00e1got \u00f6sszek\u00f6t\u0151 Eurotunnelben \u00e9p\u00fclt alag\u00fatv\u00e9delem, a p\u00e1rizsi Nemzeti Lev\u00e9lt\u00e1r, a d\u00e1niai Aarhusban \u00e9p\u00fclt szuperk\u00f3rh\u00e1z. Magyarorsz\u00e1gon mi v\u00e9gezz\u00fck az M2, M3, M4 metr\u00f3 \u00e9p\u00edt\u00e9se \/ rekonstrukci\u00f3ja sor\u00e1n a FOGTEC [&hellip;]<\/p>","protected":false},"author":2,"featured_media":0,"parent":486,"menu_order":0,"comment_status":"closed","ping_status":"closed","template":"","meta":{"footnotes":""},"_links":{"self":[{"href":"https:\/\/www.acis-complex.hu\/en\/wp-json\/wp\/v2\/pages\/516"}],"collection":[{"href":"https:\/\/www.acis-complex.hu\/en\/wp-json\/wp\/v2\/pages"}],"about":[{"href":"https:\/\/www.acis-complex.hu\/en\/wp-json\/wp\/v2\/types\/page"}],"author":[{"embeddable":true,"href":"https:\/\/www.acis-complex.hu\/en\/wp-json\/wp\/v2\/users\/2"}],"replies":[{"embeddable":true,"href":"https:\/\/www.acis-complex.hu\/en\/wp-json\/wp\/v2\/comments?post=516"}],"version-history":[{"count":0,"href":"https:\/\/www.acis-complex.hu\/en\/wp-json\/wp\/v2\/pages\/516\/revisions"}],"up":[{"embeddable":true,"href":"https:\/\/www.acis-complex.hu\/en\/wp-json\/wp\/v2\/pages\/486"}],"wp:attachment":[{"href":"https:\/\/www.acis-complex.hu\/en\/wp-json\/wp\/v2\/media?parent=516"}],"curies":[{"name":"wp","href":"https:\/\/api.w.org\/{rel}","templated":true}]}}